{"id":6784,"date":"2022-08-10T20:12:40","date_gmt":"2022-08-10T18:12:40","guid":{"rendered":"https:\/\/finetty.com\/?post_type=product&#038;p=6784"},"modified":"2024-01-18T14:19:28","modified_gmt":"2024-01-18T13:19:28","slug":"creme-fraiche-legere-200g","status":"publish","type":"product","link":"https:\/\/leberger.ma\/en\/product\/creme-fraiche-legere-200g\/","title":{"rendered":"Light Fresh Cream 200G"},"content":{"rendered":"","protected":false},"excerpt":{"rendered":"<p>Light Sour Cream: Perfect for Gourmet and Balanced Cooking! \n\nWith its low-fat content, light sour cream is perfectly suited for enthusiasts of both indulgent and balanced cooking.<\/p>","protected":false},"featured_media":7788,"template":"","meta":{"_monsterinsights_skip_tracking":false,"_monsterinsights_sitenote_active":false,"_monsterinsights_sitenote_note":"","_monsterinsights_sitenote_category":0},"product_cat":[135],"product_tag":[],"class_list":["post-6784","product","type-product","status-publish","has-post-thumbnail","hentry","product_cat-cremes"],"acf":[],"yoast_head":"<!-- This site is optimized with the Yoast SEO plugin v19.6.1 - https:\/\/yoast.com\/wordpress\/plugins\/seo\/ -->\n<title>Cr\u00e8me Fra\u00eeche L\u00e9g\u00e8re 200G - Le Berger<\/title>\n<meta name=\"robots\" content=\"index, follow, max-snippet:-1, max-image-preview:large, max-video-preview:-1\" \/>\n<link rel=\"canonical\" href=\"https:\/\/leberger.ma\/en\/product\/creme-fraiche-legere-200g\/\" \/>\n<meta property=\"og:locale\" content=\"en_US\" \/>\n<meta property=\"og:type\" content=\"article\" \/>\n<meta property=\"og:title\" content=\"Cr\u00e8me Fra\u00eeche L\u00e9g\u00e8re 200G - Le Berger\" \/>\n<meta property=\"og:description\" content=\"Avec sa faible teneur en mati\u00e8re grasse, la cr\u00e8me fra\u00eeche l\u00e9g\u00e8re est parfaitement adapt\u00e9e aux adeptes de cuisine gourmande et \u00e9quilibr\u00e9e.\" \/>\n<meta property=\"og:url\" content=\"https:\/\/leberger.ma\/en\/product\/creme-fraiche-legere-200g\/\" \/>\n<meta property=\"og:site_name\" content=\"Le Berger\" \/>\n<meta property=\"article:modified_time\" content=\"2024-01-18T13:19:28+00:00\" \/>\n<meta property=\"og:image\" content=\"https:\/\/leberger.ma\/wp-content\/uploads\/2022\/08\/creme-fraiche-legere-le-berger.png\" \/>\n\t<meta property=\"og:image:width\" content=\"1000\" \/>\n\t<meta property=\"og:image:height\" content=\"900\" \/>\n\t<meta property=\"og:image:type\" content=\"image\/png\" \/>\n<meta name=\"twitter:card\" content=\"summary_large_image\" \/>\n<script type=\"application\/ld+json\" class=\"yoast-schema-graph\">{\"@context\":\"https:\/\/schema.org\",\"@graph\":[{\"@type\":\"WebPage\",\"@id\":\"https:\/\/leberger.ma\/produit\/creme-fraiche-legere-200g\/\",\"url\":\"https:\/\/leberger.ma\/produit\/creme-fraiche-legere-200g\/\",\"name\":\"Cr\u00e8me Fra\u00eeche L\u00e9g\u00e8re 200G - Le Berger\",\"isPartOf\":{\"@id\":\"https:\/\/leberger.ma\/#website\"},\"datePublished\":\"2022-08-10T18:12:40+00:00\",\"dateModified\":\"2024-01-18T13:19:28+00:00\",\"breadcrumb\":{\"@id\":\"https:\/\/leberger.ma\/produit\/creme-fraiche-legere-200g\/#breadcrumb\"},\"inLanguage\":\"en-US\",\"potentialAction\":[{\"@type\":\"ReadAction\",\"target\":[\"https:\/\/leberger.ma\/produit\/creme-fraiche-legere-200g\/\"]}]},{\"@type\":\"BreadcrumbList\",\"@id\":\"https:\/\/leberger.ma\/produit\/creme-fraiche-legere-200g\/#breadcrumb\",\"itemListElement\":[{\"@type\":\"ListItem\",\"position\":1,\"name\":\"Accueil\",\"item\":\"https:\/\/leberger.ma\/\"},{\"@type\":\"ListItem\",\"position\":2,\"name\":\"Produits\",\"item\":\"https:\/\/leberger.ma\/shop\/\"},{\"@type\":\"ListItem\",\"position\":3,\"name\":\"Cr\u00e8me Fra\u00eeche L\u00e9g\u00e8re 200G\"}]},{\"@type\":\"WebSite\",\"@id\":\"https:\/\/leberger.ma\/#website\",\"url\":\"https:\/\/leberger.ma\/\",\"name\":\"Le Berger\",\"description\":\"La Fraicheur du Naturel !\",\"publisher\":{\"@id\":\"https:\/\/leberger.ma\/#organization\"},\"potentialAction\":[{\"@type\":\"SearchAction\",\"target\":{\"@type\":\"EntryPoint\",\"urlTemplate\":\"https:\/\/leberger.ma\/?s={search_term_string}\"},\"query-input\":\"required name=search_term_string\"}],\"inLanguage\":\"en-US\"},{\"@type\":\"Organization\",\"@id\":\"https:\/\/leberger.ma\/#organization\",\"name\":\"Le Berger\",\"url\":\"https:\/\/leberger.ma\/\",\"sameAs\":[],\"logo\":{\"@type\":\"ImageObject\",\"inLanguage\":\"en-US\",\"@id\":\"https:\/\/leberger.ma\/#\/schema\/logo\/image\/\",\"url\":\"https:\/\/leberger.ma\/wp-content\/uploads\/2022\/05\/Artboard-5-copy222.png\",\"contentUrl\":\"https:\/\/leberger.ma\/wp-content\/uploads\/2022\/05\/Artboard-5-copy222.png\",\"width\":2236,\"height\":1425,\"caption\":\"Le Berger\"},\"image\":{\"@id\":\"https:\/\/leberger.ma\/#\/schema\/logo\/image\/\"}}]}<\/script>\n<!-- \/ Yoast SEO plugin. -->","yoast_head_json":{"title":"Cr\u00e8me Fra\u00eeche L\u00e9g\u00e8re 200G - Le Berger","robots":{"index":"index","follow":"follow","max-snippet":"max-snippet:-1","max-image-preview":"max-image-preview:large","max-video-preview":"max-video-preview:-1"},"canonical":"https:\/\/leberger.ma\/en\/product\/creme-fraiche-legere-200g\/","og_locale":"en_US","og_type":"article","og_title":"Cr\u00e8me Fra\u00eeche L\u00e9g\u00e8re 200G - Le Berger","og_description":"Avec sa faible teneur en mati\u00e8re grasse, la cr\u00e8me fra\u00eeche l\u00e9g\u00e8re est parfaitement adapt\u00e9e aux adeptes de cuisine gourmande et \u00e9quilibr\u00e9e.","og_url":"https:\/\/leberger.ma\/en\/product\/creme-fraiche-legere-200g\/","og_site_name":"Le Berger","article_modified_time":"2024-01-18T13:19:28+00:00","og_image":[{"width":1000,"height":900,"url":"https:\/\/leberger.ma\/wp-content\/uploads\/2022\/08\/creme-fraiche-legere-le-berger.png","type":"image\/png"}],"twitter_card":"summary_large_image","schema":{"@context":"https:\/\/schema.org","@graph":[{"@type":"WebPage","@id":"https:\/\/leberger.ma\/produit\/creme-fraiche-legere-200g\/","url":"https:\/\/leberger.ma\/produit\/creme-fraiche-legere-200g\/","name":"Cr\u00e8me Fra\u00eeche L\u00e9g\u00e8re 200G - Le Berger","isPartOf":{"@id":"https:\/\/leberger.ma\/#website"},"datePublished":"2022-08-10T18:12:40+00:00","dateModified":"2024-01-18T13:19:28+00:00","breadcrumb":{"@id":"https:\/\/leberger.ma\/produit\/creme-fraiche-legere-200g\/#breadcrumb"},"inLanguage":"en-US","potentialAction":[{"@type":"ReadAction","target":["https:\/\/leberger.ma\/produit\/creme-fraiche-legere-200g\/"]}]},{"@type":"BreadcrumbList","@id":"https:\/\/leberger.ma\/produit\/creme-fraiche-legere-200g\/#breadcrumb","itemListElement":[{"@type":"ListItem","position":1,"name":"Accueil","item":"https:\/\/leberger.ma\/"},{"@type":"ListItem","position":2,"name":"Produits","item":"https:\/\/leberger.ma\/shop\/"},{"@type":"ListItem","position":3,"name":"Cr\u00e8me Fra\u00eeche L\u00e9g\u00e8re 200G"}]},{"@type":"WebSite","@id":"https:\/\/leberger.ma\/#website","url":"https:\/\/leberger.ma\/","name":"Le Berger","description":"La Fraicheur du Naturel !","publisher":{"@id":"https:\/\/leberger.ma\/#organization"},"potentialAction":[{"@type":"SearchAction","target":{"@type":"EntryPoint","urlTemplate":"https:\/\/leberger.ma\/?s={search_term_string}"},"query-input":"required name=search_term_string"}],"inLanguage":"en-US"},{"@type":"Organization","@id":"https:\/\/leberger.ma\/#organization","name":"Le Berger","url":"https:\/\/leberger.ma\/","sameAs":[],"logo":{"@type":"ImageObject","inLanguage":"en-US","@id":"https:\/\/leberger.ma\/#\/schema\/logo\/image\/","url":"https:\/\/leberger.ma\/wp-content\/uploads\/2022\/05\/Artboard-5-copy222.png","contentUrl":"https:\/\/leberger.ma\/wp-content\/uploads\/2022\/05\/Artboard-5-copy222.png","width":2236,"height":1425,"caption":"Le Berger"},"image":{"@id":"https:\/\/leberger.ma\/#\/schema\/logo\/image\/"}}]}},"_links":{"self":[{"href":"https:\/\/leberger.ma\/en\/wp-json\/wp\/v2\/product\/6784","targetHints":{"allow":["GET"]}}],"collection":[{"href":"https:\/\/leberger.ma\/en\/wp-json\/wp\/v2\/product"}],"about":[{"href":"https:\/\/leberger.ma\/en\/wp-json\/wp\/v2\/types\/product"}],"version-history":[{"count":1,"href":"https:\/\/leberger.ma\/en\/wp-json\/wp\/v2\/product\/6784\/revisions"}],"predecessor-version":[{"id":6786,"href":"https:\/\/leberger.ma\/en\/wp-json\/wp\/v2\/product\/6784\/revisions\/6786"}],"wp:featuredmedia":[{"embeddable":true,"href":"https:\/\/leberger.ma\/en\/wp-json\/wp\/v2\/media\/7788"}],"wp:attachment":[{"href":"https:\/\/leberger.ma\/en\/wp-json\/wp\/v2\/media?parent=6784"}],"wp:term":[{"taxonomy":"product_cat","embeddable":true,"href":"https:\/\/leberger.ma\/en\/wp-json\/wp\/v2\/product_cat?post=6784"},{"taxonomy":"product_tag","embeddable":true,"href":"https:\/\/leberger.ma\/en\/wp-json\/wp\/v2\/product_tag?post=6784"}],"curies":[{"name":"wp","href":"https:\/\/api.w.org\/{rel}","templated":true}]}}