{"id":4964,"date":"2022-07-15T03:04:04","date_gmt":"2022-07-15T01:04:04","guid":{"rendered":"https:\/\/finetty.com\/?post_type=product&#038;p=4964"},"modified":"2022-07-24T22:55:02","modified_gmt":"2022-07-24T20:55:02","slug":"cheddar-rappe","status":"publish","type":"product","link":"https:\/\/leberger.ma\/en\/product\/cheddar-rappe\/","title":{"rendered":"Shredded Cheddar Cheese 150 G"},"content":{"rendered":"","protected":false},"excerpt":{"rendered":"<p>So Melt-in-Your-Mouth and Flavorful: Le Berger Grated Cheddar!\n\nIndulge in the melt-in-your-mouth and flavorful experience of Le Berger Grated Cheddar \u2013 your perfect companion for extraordinary gratins and pizzas. Elevate your culinary creations with the rich and savory essence of Grated Cheddar from Le Berger.<\/p>","protected":false},"featured_media":4965,"template":"","meta":{"_monsterinsights_skip_tracking":false,"_monsterinsights_sitenote_active":false,"_monsterinsights_sitenote_note":"","_monsterinsights_sitenote_category":0},"product_cat":[133],"product_tag":[],"class_list":["post-4964","product","type-product","status-publish","has-post-thumbnail","hentry","product_cat-fromages-affines"],"acf":[],"yoast_head":"<!-- This site is optimized with the Yoast SEO plugin v19.6.1 - https:\/\/yoast.com\/wordpress\/plugins\/seo\/ -->\n<title>Cheddar R\u00e2pe\u0301 150 G - Le Berger<\/title>\n<meta name=\"robots\" content=\"index, follow, max-snippet:-1, max-image-preview:large, max-video-preview:-1\" \/>\n<link rel=\"canonical\" href=\"https:\/\/leberger.ma\/en\/product\/cheddar-rappe\/\" \/>\n<meta property=\"og:locale\" content=\"en_US\" \/>\n<meta property=\"og:type\" content=\"article\" \/>\n<meta property=\"og:title\" content=\"Cheddar R\u00e2pe\u0301 150 G - Le Berger\" \/>\n<meta property=\"og:description\" content=\"Si fondant et si savoureux, le Cheddar r\u00e2p\u00e9 le Berger est votre parfait alli\u00e9 pour des gratins et pizzas hors du commun.\" \/>\n<meta property=\"og:url\" content=\"https:\/\/leberger.ma\/en\/product\/cheddar-rappe\/\" \/>\n<meta property=\"og:site_name\" content=\"Le Berger\" \/>\n<meta property=\"article:modified_time\" content=\"2022-07-24T20:55:02+00:00\" \/>\n<meta property=\"og:image\" content=\"https:\/\/leberger.ma\/wp-content\/uploads\/2022\/07\/Cheddar-rappe\u0301.jpg\" \/>\n\t<meta property=\"og:image:width\" content=\"1000\" \/>\n\t<meta property=\"og:image:height\" content=\"898\" \/>\n\t<meta property=\"og:image:type\" content=\"image\/jpeg\" \/>\n<meta name=\"twitter:card\" content=\"summary_large_image\" \/>\n<script type=\"application\/ld+json\" class=\"yoast-schema-graph\">{\"@context\":\"https:\/\/schema.org\",\"@graph\":[{\"@type\":\"WebPage\",\"@id\":\"https:\/\/leberger.ma\/produit\/cheddar-rappe\/\",\"url\":\"https:\/\/leberger.ma\/produit\/cheddar-rappe\/\",\"name\":\"Cheddar R\u00e2pe\u0301 150 G - Le Berger\",\"isPartOf\":{\"@id\":\"https:\/\/leberger.ma\/#website\"},\"datePublished\":\"2022-07-15T01:04:04+00:00\",\"dateModified\":\"2022-07-24T20:55:02+00:00\",\"breadcrumb\":{\"@id\":\"https:\/\/leberger.ma\/produit\/cheddar-rappe\/#breadcrumb\"},\"inLanguage\":\"en-US\",\"potentialAction\":[{\"@type\":\"ReadAction\",\"target\":[\"https:\/\/leberger.ma\/produit\/cheddar-rappe\/\"]}]},{\"@type\":\"BreadcrumbList\",\"@id\":\"https:\/\/leberger.ma\/produit\/cheddar-rappe\/#breadcrumb\",\"itemListElement\":[{\"@type\":\"ListItem\",\"position\":1,\"name\":\"Accueil\",\"item\":\"https:\/\/leberger.ma\/\"},{\"@type\":\"ListItem\",\"position\":2,\"name\":\"Produits\",\"item\":\"https:\/\/leberger.ma\/shop\/\"},{\"@type\":\"ListItem\",\"position\":3,\"name\":\"Cheddar R\u00e2pe\u0301 150 G\"}]},{\"@type\":\"WebSite\",\"@id\":\"https:\/\/leberger.ma\/#website\",\"url\":\"https:\/\/leberger.ma\/\",\"name\":\"Le Berger\",\"description\":\"La Fraicheur du Naturel !\",\"publisher\":{\"@id\":\"https:\/\/leberger.ma\/#organization\"},\"potentialAction\":[{\"@type\":\"SearchAction\",\"target\":{\"@type\":\"EntryPoint\",\"urlTemplate\":\"https:\/\/leberger.ma\/?s={search_term_string}\"},\"query-input\":\"required name=search_term_string\"}],\"inLanguage\":\"en-US\"},{\"@type\":\"Organization\",\"@id\":\"https:\/\/leberger.ma\/#organization\",\"name\":\"Le Berger\",\"url\":\"https:\/\/leberger.ma\/\",\"sameAs\":[],\"logo\":{\"@type\":\"ImageObject\",\"inLanguage\":\"en-US\",\"@id\":\"https:\/\/leberger.ma\/#\/schema\/logo\/image\/\",\"url\":\"https:\/\/leberger.ma\/wp-content\/uploads\/2022\/05\/Artboard-5-copy222.png\",\"contentUrl\":\"https:\/\/leberger.ma\/wp-content\/uploads\/2022\/05\/Artboard-5-copy222.png\",\"width\":2236,\"height\":1425,\"caption\":\"Le Berger\"},\"image\":{\"@id\":\"https:\/\/leberger.ma\/#\/schema\/logo\/image\/\"}}]}<\/script>\n<!-- \/ Yoast SEO plugin. -->","yoast_head_json":{"title":"Cheddar R\u00e2pe\u0301 150 G - Le Berger","robots":{"index":"index","follow":"follow","max-snippet":"max-snippet:-1","max-image-preview":"max-image-preview:large","max-video-preview":"max-video-preview:-1"},"canonical":"https:\/\/leberger.ma\/en\/product\/cheddar-rappe\/","og_locale":"en_US","og_type":"article","og_title":"Cheddar R\u00e2pe\u0301 150 G - Le Berger","og_description":"Si fondant et si savoureux, le Cheddar r\u00e2p\u00e9 le Berger est votre parfait alli\u00e9 pour des gratins et pizzas hors du commun.","og_url":"https:\/\/leberger.ma\/en\/product\/cheddar-rappe\/","og_site_name":"Le Berger","article_modified_time":"2022-07-24T20:55:02+00:00","og_image":[{"width":1000,"height":898,"url":"https:\/\/leberger.ma\/wp-content\/uploads\/2022\/07\/Cheddar-rappe\u0301.jpg","type":"image\/jpeg"}],"twitter_card":"summary_large_image","schema":{"@context":"https:\/\/schema.org","@graph":[{"@type":"WebPage","@id":"https:\/\/leberger.ma\/produit\/cheddar-rappe\/","url":"https:\/\/leberger.ma\/produit\/cheddar-rappe\/","name":"Cheddar R\u00e2pe\u0301 150 G - Le Berger","isPartOf":{"@id":"https:\/\/leberger.ma\/#website"},"datePublished":"2022-07-15T01:04:04+00:00","dateModified":"2022-07-24T20:55:02+00:00","breadcrumb":{"@id":"https:\/\/leberger.ma\/produit\/cheddar-rappe\/#breadcrumb"},"inLanguage":"en-US","potentialAction":[{"@type":"ReadAction","target":["https:\/\/leberger.ma\/produit\/cheddar-rappe\/"]}]},{"@type":"BreadcrumbList","@id":"https:\/\/leberger.ma\/produit\/cheddar-rappe\/#breadcrumb","itemListElement":[{"@type":"ListItem","position":1,"name":"Accueil","item":"https:\/\/leberger.ma\/"},{"@type":"ListItem","position":2,"name":"Produits","item":"https:\/\/leberger.ma\/shop\/"},{"@type":"ListItem","position":3,"name":"Cheddar R\u00e2pe\u0301 150 G"}]},{"@type":"WebSite","@id":"https:\/\/leberger.ma\/#website","url":"https:\/\/leberger.ma\/","name":"Le Berger","description":"La Fraicheur du Naturel !","publisher":{"@id":"https:\/\/leberger.ma\/#organization"},"potentialAction":[{"@type":"SearchAction","target":{"@type":"EntryPoint","urlTemplate":"https:\/\/leberger.ma\/?s={search_term_string}"},"query-input":"required name=search_term_string"}],"inLanguage":"en-US"},{"@type":"Organization","@id":"https:\/\/leberger.ma\/#organization","name":"Le Berger","url":"https:\/\/leberger.ma\/","sameAs":[],"logo":{"@type":"ImageObject","inLanguage":"en-US","@id":"https:\/\/leberger.ma\/#\/schema\/logo\/image\/","url":"https:\/\/leberger.ma\/wp-content\/uploads\/2022\/05\/Artboard-5-copy222.png","contentUrl":"https:\/\/leberger.ma\/wp-content\/uploads\/2022\/05\/Artboard-5-copy222.png","width":2236,"height":1425,"caption":"Le Berger"},"image":{"@id":"https:\/\/leberger.ma\/#\/schema\/logo\/image\/"}}]}},"_links":{"self":[{"href":"https:\/\/leberger.ma\/en\/wp-json\/wp\/v2\/product\/4964","targetHints":{"allow":["GET"]}}],"collection":[{"href":"https:\/\/leberger.ma\/en\/wp-json\/wp\/v2\/product"}],"about":[{"href":"https:\/\/leberger.ma\/en\/wp-json\/wp\/v2\/types\/product"}],"version-history":[{"count":6,"href":"https:\/\/leberger.ma\/en\/wp-json\/wp\/v2\/product\/4964\/revisions"}],"predecessor-version":[{"id":5761,"href":"https:\/\/leberger.ma\/en\/wp-json\/wp\/v2\/product\/4964\/revisions\/5761"}],"wp:featuredmedia":[{"embeddable":true,"href":"https:\/\/leberger.ma\/en\/wp-json\/wp\/v2\/media\/4965"}],"wp:attachment":[{"href":"https:\/\/leberger.ma\/en\/wp-json\/wp\/v2\/media?parent=4964"}],"wp:term":[{"taxonomy":"product_cat","embeddable":true,"href":"https:\/\/leberger.ma\/en\/wp-json\/wp\/v2\/product_cat?post=4964"},{"taxonomy":"product_tag","embeddable":true,"href":"https:\/\/leberger.ma\/en\/wp-json\/wp\/v2\/product_tag?post=4964"}],"curies":[{"name":"wp","href":"https:\/\/api.w.org\/{rel}","templated":true}]}}