{"id":3222,"date":"2022-07-01T01:59:31","date_gmt":"2022-06-30T23:59:31","guid":{"rendered":"https:\/\/finetty.com\/?post_type=product&#038;p=3222"},"modified":"2022-07-29T06:42:00","modified_gmt":"2022-07-29T04:42:00","slug":"buche-de-chevre-1-kg","status":"publish","type":"product","link":"https:\/\/leberger.ma\/en\/product\/buche-de-chevre-1-kg\/","title":{"rendered":"Log Of Goat Cheese 1 KG"},"content":{"rendered":"","protected":false},"excerpt":{"rendered":"<p>Unique Taste and Unparalleled Freshness!\n\nIndulge in the unique taste and incomparable freshness of our Goat Log. Crafted from 100% farm-fresh goat's milk, this log not only captivates your palate with its distinctive flavor but also offers nutritional benefits. Immerse yourself in the goodness of our goat cheese log for a delightful and nourishing experience.<\/p>","protected":false},"featured_media":3223,"template":"","meta":{"_monsterinsights_skip_tracking":false,"_monsterinsights_sitenote_active":false,"_monsterinsights_sitenote_note":"","_monsterinsights_sitenote_category":0},"product_cat":[126],"product_tag":[],"class_list":["post-3222","product","type-product","status-publish","has-post-thumbnail","hentry","product_cat-fromage-de-chevre"],"acf":[],"yoast_head":"<!-- This site is optimized with the Yoast SEO plugin v19.6.1 - https:\/\/yoast.com\/wordpress\/plugins\/seo\/ -->\n<title>B\u00fbche De Ch\u00e8vre 1 KG - Le Berger<\/title>\n<meta name=\"robots\" content=\"index, follow, max-snippet:-1, max-image-preview:large, max-video-preview:-1\" \/>\n<link rel=\"canonical\" href=\"https:\/\/leberger.ma\/en\/product\/buche-de-chevre-1-kg\/\" \/>\n<meta property=\"og:locale\" content=\"en_US\" \/>\n<meta property=\"og:type\" content=\"article\" \/>\n<meta property=\"og:title\" content=\"B\u00fbche De Ch\u00e8vre 1 KG - Le Berger\" \/>\n<meta property=\"og:description\" content=\"Fondez pour son go\u00fbt unique et sa fra\u00eecheur incomparable et profitez de ses bienfaits nutritionnels, la b\u00fbchette de ch\u00e8vre est con\u00e7ue \u00e0 partir de lait de ch\u00e8vre 100% fermier.\" \/>\n<meta property=\"og:url\" content=\"https:\/\/leberger.ma\/en\/product\/buche-de-chevre-1-kg\/\" \/>\n<meta property=\"og:site_name\" content=\"Le Berger\" \/>\n<meta property=\"article:modified_time\" content=\"2022-07-29T04:42:00+00:00\" \/>\n<meta property=\"og:image\" content=\"https:\/\/leberger.ma\/wp-content\/uploads\/2022\/07\/BUCHE-DE-CHEVRE-AU-KG.jpg\" \/>\n\t<meta property=\"og:image:width\" content=\"1000\" \/>\n\t<meta property=\"og:image:height\" content=\"898\" \/>\n\t<meta property=\"og:image:type\" content=\"image\/jpeg\" \/>\n<meta name=\"twitter:card\" content=\"summary_large_image\" \/>\n<script type=\"application\/ld+json\" class=\"yoast-schema-graph\">{\"@context\":\"https:\/\/schema.org\",\"@graph\":[{\"@type\":\"WebPage\",\"@id\":\"https:\/\/leberger.ma\/produit\/buche-de-chevre-1-kg\/\",\"url\":\"https:\/\/leberger.ma\/produit\/buche-de-chevre-1-kg\/\",\"name\":\"B\u00fbche De Ch\u00e8vre 1 KG - Le Berger\",\"isPartOf\":{\"@id\":\"https:\/\/leberger.ma\/#website\"},\"datePublished\":\"2022-06-30T23:59:31+00:00\",\"dateModified\":\"2022-07-29T04:42:00+00:00\",\"breadcrumb\":{\"@id\":\"https:\/\/leberger.ma\/produit\/buche-de-chevre-1-kg\/#breadcrumb\"},\"inLanguage\":\"en-US\",\"potentialAction\":[{\"@type\":\"ReadAction\",\"target\":[\"https:\/\/leberger.ma\/produit\/buche-de-chevre-1-kg\/\"]}]},{\"@type\":\"BreadcrumbList\",\"@id\":\"https:\/\/leberger.ma\/produit\/buche-de-chevre-1-kg\/#breadcrumb\",\"itemListElement\":[{\"@type\":\"ListItem\",\"position\":1,\"name\":\"Accueil\",\"item\":\"https:\/\/leberger.ma\/\"},{\"@type\":\"ListItem\",\"position\":2,\"name\":\"Produits\",\"item\":\"https:\/\/leberger.ma\/shop\/\"},{\"@type\":\"ListItem\",\"position\":3,\"name\":\"B\u00fbche De Ch\u00e8vre 1 KG\"}]},{\"@type\":\"WebSite\",\"@id\":\"https:\/\/leberger.ma\/#website\",\"url\":\"https:\/\/leberger.ma\/\",\"name\":\"Le Berger\",\"description\":\"La Fraicheur du Naturel !\",\"publisher\":{\"@id\":\"https:\/\/leberger.ma\/#organization\"},\"potentialAction\":[{\"@type\":\"SearchAction\",\"target\":{\"@type\":\"EntryPoint\",\"urlTemplate\":\"https:\/\/leberger.ma\/?s={search_term_string}\"},\"query-input\":\"required name=search_term_string\"}],\"inLanguage\":\"en-US\"},{\"@type\":\"Organization\",\"@id\":\"https:\/\/leberger.ma\/#organization\",\"name\":\"Le Berger\",\"url\":\"https:\/\/leberger.ma\/\",\"sameAs\":[],\"logo\":{\"@type\":\"ImageObject\",\"inLanguage\":\"en-US\",\"@id\":\"https:\/\/leberger.ma\/#\/schema\/logo\/image\/\",\"url\":\"https:\/\/leberger.ma\/wp-content\/uploads\/2022\/05\/Artboard-5-copy222.png\",\"contentUrl\":\"https:\/\/leberger.ma\/wp-content\/uploads\/2022\/05\/Artboard-5-copy222.png\",\"width\":2236,\"height\":1425,\"caption\":\"Le Berger\"},\"image\":{\"@id\":\"https:\/\/leberger.ma\/#\/schema\/logo\/image\/\"}}]}<\/script>\n<!-- \/ Yoast SEO plugin. -->","yoast_head_json":{"title":"B\u00fbche De Ch\u00e8vre 1 KG - Le Berger","robots":{"index":"index","follow":"follow","max-snippet":"max-snippet:-1","max-image-preview":"max-image-preview:large","max-video-preview":"max-video-preview:-1"},"canonical":"https:\/\/leberger.ma\/en\/product\/buche-de-chevre-1-kg\/","og_locale":"en_US","og_type":"article","og_title":"B\u00fbche De Ch\u00e8vre 1 KG - Le Berger","og_description":"Fondez pour son go\u00fbt unique et sa fra\u00eecheur incomparable et profitez de ses bienfaits nutritionnels, la b\u00fbchette de ch\u00e8vre est con\u00e7ue \u00e0 partir de lait de ch\u00e8vre 100% fermier.","og_url":"https:\/\/leberger.ma\/en\/product\/buche-de-chevre-1-kg\/","og_site_name":"Le Berger","article_modified_time":"2022-07-29T04:42:00+00:00","og_image":[{"width":1000,"height":898,"url":"https:\/\/leberger.ma\/wp-content\/uploads\/2022\/07\/BUCHE-DE-CHEVRE-AU-KG.jpg","type":"image\/jpeg"}],"twitter_card":"summary_large_image","schema":{"@context":"https:\/\/schema.org","@graph":[{"@type":"WebPage","@id":"https:\/\/leberger.ma\/produit\/buche-de-chevre-1-kg\/","url":"https:\/\/leberger.ma\/produit\/buche-de-chevre-1-kg\/","name":"B\u00fbche De Ch\u00e8vre 1 KG - Le Berger","isPartOf":{"@id":"https:\/\/leberger.ma\/#website"},"datePublished":"2022-06-30T23:59:31+00:00","dateModified":"2022-07-29T04:42:00+00:00","breadcrumb":{"@id":"https:\/\/leberger.ma\/produit\/buche-de-chevre-1-kg\/#breadcrumb"},"inLanguage":"en-US","potentialAction":[{"@type":"ReadAction","target":["https:\/\/leberger.ma\/produit\/buche-de-chevre-1-kg\/"]}]},{"@type":"BreadcrumbList","@id":"https:\/\/leberger.ma\/produit\/buche-de-chevre-1-kg\/#breadcrumb","itemListElement":[{"@type":"ListItem","position":1,"name":"Accueil","item":"https:\/\/leberger.ma\/"},{"@type":"ListItem","position":2,"name":"Produits","item":"https:\/\/leberger.ma\/shop\/"},{"@type":"ListItem","position":3,"name":"B\u00fbche De Ch\u00e8vre 1 KG"}]},{"@type":"WebSite","@id":"https:\/\/leberger.ma\/#website","url":"https:\/\/leberger.ma\/","name":"Le Berger","description":"La Fraicheur du Naturel !","publisher":{"@id":"https:\/\/leberger.ma\/#organization"},"potentialAction":[{"@type":"SearchAction","target":{"@type":"EntryPoint","urlTemplate":"https:\/\/leberger.ma\/?s={search_term_string}"},"query-input":"required name=search_term_string"}],"inLanguage":"en-US"},{"@type":"Organization","@id":"https:\/\/leberger.ma\/#organization","name":"Le Berger","url":"https:\/\/leberger.ma\/","sameAs":[],"logo":{"@type":"ImageObject","inLanguage":"en-US","@id":"https:\/\/leberger.ma\/#\/schema\/logo\/image\/","url":"https:\/\/leberger.ma\/wp-content\/uploads\/2022\/05\/Artboard-5-copy222.png","contentUrl":"https:\/\/leberger.ma\/wp-content\/uploads\/2022\/05\/Artboard-5-copy222.png","width":2236,"height":1425,"caption":"Le Berger"},"image":{"@id":"https:\/\/leberger.ma\/#\/schema\/logo\/image\/"}}]}},"_links":{"self":[{"href":"https:\/\/leberger.ma\/en\/wp-json\/wp\/v2\/product\/3222","targetHints":{"allow":["GET"]}}],"collection":[{"href":"https:\/\/leberger.ma\/en\/wp-json\/wp\/v2\/product"}],"about":[{"href":"https:\/\/leberger.ma\/en\/wp-json\/wp\/v2\/types\/product"}],"version-history":[{"count":7,"href":"https:\/\/leberger.ma\/en\/wp-json\/wp\/v2\/product\/3222\/revisions"}],"predecessor-version":[{"id":6220,"href":"https:\/\/leberger.ma\/en\/wp-json\/wp\/v2\/product\/3222\/revisions\/6220"}],"wp:featuredmedia":[{"embeddable":true,"href":"https:\/\/leberger.ma\/en\/wp-json\/wp\/v2\/media\/3223"}],"wp:attachment":[{"href":"https:\/\/leberger.ma\/en\/wp-json\/wp\/v2\/media?parent=3222"}],"wp:term":[{"taxonomy":"product_cat","embeddable":true,"href":"https:\/\/leberger.ma\/en\/wp-json\/wp\/v2\/product_cat?post=3222"},{"taxonomy":"product_tag","embeddable":true,"href":"https:\/\/leberger.ma\/en\/wp-json\/wp\/v2\/product_tag?post=3222"}],"curies":[{"name":"wp","href":"https:\/\/api.w.org\/{rel}","templated":true}]}}