{"id":2498,"date":"2022-06-25T18:17:27","date_gmt":"2022-06-25T16:17:27","guid":{"rendered":"https:\/\/finetty.com\/?post_type=product&#038;p=2498"},"modified":"2024-12-18T21:36:33","modified_gmt":"2024-12-18T20:36:33","slug":"mozzarella-rapee-150-g","status":"publish","type":"product","link":"https:\/\/leberger.ma\/en\/product\/mozzarella-rapee-150-g\/","title":{"rendered":"Grated Mozzarella 150G"},"content":{"rendered":"","protected":false},"excerpt":{"rendered":"<p>Experience the softness and stringiness of Le Berger's Grated Mozzarella, sure to add flavor and indulgence to your pizzas, gratins, quiches, savory tarts, and lasagnas. Elevate your dishes with the delicious and melty goodness of Grated Mozzarella.<\/p>","protected":false},"featured_media":8039,"template":"","meta":{"_monsterinsights_skip_tracking":false,"_monsterinsights_sitenote_active":false,"_monsterinsights_sitenote_note":"","_monsterinsights_sitenote_category":0},"product_cat":[130],"product_tag":[],"class_list":["post-2498","product","type-product","status-publish","has-post-thumbnail","hentry","product_cat-mozzarelle"],"acf":[],"yoast_head":"<!-- This site is optimized with the Yoast SEO plugin v19.6.1 - https:\/\/yoast.com\/wordpress\/plugins\/seo\/ -->\n<title>Mozzarella R\u00e2p\u00e9e 150G - Le Berger<\/title>\n<meta name=\"robots\" content=\"index, follow, max-snippet:-1, max-image-preview:large, max-video-preview:-1\" \/>\n<link rel=\"canonical\" href=\"https:\/\/leberger.ma\/en\/product\/mozzarella-rapee-150-g\/\" \/>\n<meta property=\"og:locale\" content=\"en_US\" \/>\n<meta property=\"og:type\" content=\"article\" \/>\n<meta property=\"og:title\" content=\"Mozzarella R\u00e2p\u00e9e 150G - Le Berger\" \/>\n<meta property=\"og:description\" content=\"Retrouvez tout le moelleux et le filant de la Mozzarella R\u00e2p\u00e9e qui ne manquera d\u2019apporter go\u00fbt et gourmandise \u00e0 vos pizzas, gratins, quiches, tartes sal\u00e9es et lasagnes.\" \/>\n<meta property=\"og:url\" content=\"https:\/\/leberger.ma\/en\/product\/mozzarella-rapee-150-g\/\" \/>\n<meta property=\"og:site_name\" content=\"Le Berger\" \/>\n<meta property=\"article:modified_time\" content=\"2024-12-18T20:36:33+00:00\" \/>\n<meta property=\"og:image\" content=\"https:\/\/leberger.ma\/wp-content\/uploads\/2022\/06\/mozzarella-Rapee-leberger_150g-min.png\" \/>\n\t<meta property=\"og:image:width\" content=\"1000\" \/>\n\t<meta property=\"og:image:height\" content=\"898\" \/>\n\t<meta property=\"og:image:type\" content=\"image\/png\" \/>\n<meta name=\"twitter:card\" content=\"summary_large_image\" \/>\n<script type=\"application\/ld+json\" class=\"yoast-schema-graph\">{\"@context\":\"https:\/\/schema.org\",\"@graph\":[{\"@type\":\"WebPage\",\"@id\":\"https:\/\/leberger.ma\/produit\/mozzarella-rapee-150-g\/\",\"url\":\"https:\/\/leberger.ma\/produit\/mozzarella-rapee-150-g\/\",\"name\":\"Mozzarella R\u00e2p\u00e9e 150G - Le Berger\",\"isPartOf\":{\"@id\":\"https:\/\/leberger.ma\/#website\"},\"datePublished\":\"2022-06-25T16:17:27+00:00\",\"dateModified\":\"2024-12-18T20:36:33+00:00\",\"breadcrumb\":{\"@id\":\"https:\/\/leberger.ma\/produit\/mozzarella-rapee-150-g\/#breadcrumb\"},\"inLanguage\":\"en-US\",\"potentialAction\":[{\"@type\":\"ReadAction\",\"target\":[\"https:\/\/leberger.ma\/produit\/mozzarella-rapee-150-g\/\"]}]},{\"@type\":\"BreadcrumbList\",\"@id\":\"https:\/\/leberger.ma\/produit\/mozzarella-rapee-150-g\/#breadcrumb\",\"itemListElement\":[{\"@type\":\"ListItem\",\"position\":1,\"name\":\"Accueil\",\"item\":\"https:\/\/leberger.ma\/\"},{\"@type\":\"ListItem\",\"position\":2,\"name\":\"Produits\",\"item\":\"https:\/\/leberger.ma\/shop\/\"},{\"@type\":\"ListItem\",\"position\":3,\"name\":\"Mozzarella R\u00e2p\u00e9e 150G\"}]},{\"@type\":\"WebSite\",\"@id\":\"https:\/\/leberger.ma\/#website\",\"url\":\"https:\/\/leberger.ma\/\",\"name\":\"Le Berger\",\"description\":\"La Fraicheur du Naturel !\",\"publisher\":{\"@id\":\"https:\/\/leberger.ma\/#organization\"},\"potentialAction\":[{\"@type\":\"SearchAction\",\"target\":{\"@type\":\"EntryPoint\",\"urlTemplate\":\"https:\/\/leberger.ma\/?s={search_term_string}\"},\"query-input\":\"required name=search_term_string\"}],\"inLanguage\":\"en-US\"},{\"@type\":\"Organization\",\"@id\":\"https:\/\/leberger.ma\/#organization\",\"name\":\"Le Berger\",\"url\":\"https:\/\/leberger.ma\/\",\"sameAs\":[],\"logo\":{\"@type\":\"ImageObject\",\"inLanguage\":\"en-US\",\"@id\":\"https:\/\/leberger.ma\/#\/schema\/logo\/image\/\",\"url\":\"https:\/\/leberger.ma\/wp-content\/uploads\/2022\/05\/Artboard-5-copy222.png\",\"contentUrl\":\"https:\/\/leberger.ma\/wp-content\/uploads\/2022\/05\/Artboard-5-copy222.png\",\"width\":2236,\"height\":1425,\"caption\":\"Le Berger\"},\"image\":{\"@id\":\"https:\/\/leberger.ma\/#\/schema\/logo\/image\/\"}}]}<\/script>\n<!-- \/ Yoast SEO plugin. -->","yoast_head_json":{"title":"Mozzarella R\u00e2p\u00e9e 150G - Le Berger","robots":{"index":"index","follow":"follow","max-snippet":"max-snippet:-1","max-image-preview":"max-image-preview:large","max-video-preview":"max-video-preview:-1"},"canonical":"https:\/\/leberger.ma\/en\/product\/mozzarella-rapee-150-g\/","og_locale":"en_US","og_type":"article","og_title":"Mozzarella R\u00e2p\u00e9e 150G - Le Berger","og_description":"Retrouvez tout le moelleux et le filant de la Mozzarella R\u00e2p\u00e9e qui ne manquera d\u2019apporter go\u00fbt et gourmandise \u00e0 vos pizzas, gratins, quiches, tartes sal\u00e9es et lasagnes.","og_url":"https:\/\/leberger.ma\/en\/product\/mozzarella-rapee-150-g\/","og_site_name":"Le Berger","article_modified_time":"2024-12-18T20:36:33+00:00","og_image":[{"width":1000,"height":898,"url":"https:\/\/leberger.ma\/wp-content\/uploads\/2022\/06\/mozzarella-Rapee-leberger_150g-min.png","type":"image\/png"}],"twitter_card":"summary_large_image","schema":{"@context":"https:\/\/schema.org","@graph":[{"@type":"WebPage","@id":"https:\/\/leberger.ma\/produit\/mozzarella-rapee-150-g\/","url":"https:\/\/leberger.ma\/produit\/mozzarella-rapee-150-g\/","name":"Mozzarella R\u00e2p\u00e9e 150G - Le Berger","isPartOf":{"@id":"https:\/\/leberger.ma\/#website"},"datePublished":"2022-06-25T16:17:27+00:00","dateModified":"2024-12-18T20:36:33+00:00","breadcrumb":{"@id":"https:\/\/leberger.ma\/produit\/mozzarella-rapee-150-g\/#breadcrumb"},"inLanguage":"en-US","potentialAction":[{"@type":"ReadAction","target":["https:\/\/leberger.ma\/produit\/mozzarella-rapee-150-g\/"]}]},{"@type":"BreadcrumbList","@id":"https:\/\/leberger.ma\/produit\/mozzarella-rapee-150-g\/#breadcrumb","itemListElement":[{"@type":"ListItem","position":1,"name":"Accueil","item":"https:\/\/leberger.ma\/"},{"@type":"ListItem","position":2,"name":"Produits","item":"https:\/\/leberger.ma\/shop\/"},{"@type":"ListItem","position":3,"name":"Mozzarella R\u00e2p\u00e9e 150G"}]},{"@type":"WebSite","@id":"https:\/\/leberger.ma\/#website","url":"https:\/\/leberger.ma\/","name":"Le Berger","description":"La Fraicheur du Naturel !","publisher":{"@id":"https:\/\/leberger.ma\/#organization"},"potentialAction":[{"@type":"SearchAction","target":{"@type":"EntryPoint","urlTemplate":"https:\/\/leberger.ma\/?s={search_term_string}"},"query-input":"required name=search_term_string"}],"inLanguage":"en-US"},{"@type":"Organization","@id":"https:\/\/leberger.ma\/#organization","name":"Le Berger","url":"https:\/\/leberger.ma\/","sameAs":[],"logo":{"@type":"ImageObject","inLanguage":"en-US","@id":"https:\/\/leberger.ma\/#\/schema\/logo\/image\/","url":"https:\/\/leberger.ma\/wp-content\/uploads\/2022\/05\/Artboard-5-copy222.png","contentUrl":"https:\/\/leberger.ma\/wp-content\/uploads\/2022\/05\/Artboard-5-copy222.png","width":2236,"height":1425,"caption":"Le Berger"},"image":{"@id":"https:\/\/leberger.ma\/#\/schema\/logo\/image\/"}}]}},"_links":{"self":[{"href":"https:\/\/leberger.ma\/en\/wp-json\/wp\/v2\/product\/2498","targetHints":{"allow":["GET"]}}],"collection":[{"href":"https:\/\/leberger.ma\/en\/wp-json\/wp\/v2\/product"}],"about":[{"href":"https:\/\/leberger.ma\/en\/wp-json\/wp\/v2\/types\/product"}],"version-history":[{"count":9,"href":"https:\/\/leberger.ma\/en\/wp-json\/wp\/v2\/product\/2498\/revisions"}],"predecessor-version":[{"id":6093,"href":"https:\/\/leberger.ma\/en\/wp-json\/wp\/v2\/product\/2498\/revisions\/6093"}],"wp:featuredmedia":[{"embeddable":true,"href":"https:\/\/leberger.ma\/en\/wp-json\/wp\/v2\/media\/8039"}],"wp:attachment":[{"href":"https:\/\/leberger.ma\/en\/wp-json\/wp\/v2\/media?parent=2498"}],"wp:term":[{"taxonomy":"product_cat","embeddable":true,"href":"https:\/\/leberger.ma\/en\/wp-json\/wp\/v2\/product_cat?post=2498"},{"taxonomy":"product_tag","embeddable":true,"href":"https:\/\/leberger.ma\/en\/wp-json\/wp\/v2\/product_tag?post=2498"}],"curies":[{"name":"wp","href":"https:\/\/api.w.org\/{rel}","templated":true}]}}