{"id":2142,"date":"2022-06-24T02:38:36","date_gmt":"2022-06-24T00:38:36","guid":{"rendered":"https:\/\/finetty.com\/?post_type=product&#038;p=2142"},"modified":"2024-12-18T21:07:28","modified_gmt":"2024-12-18T20:07:28","slug":"ftoury-jben-190-g","status":"publish","type":"product","link":"https:\/\/leberger.ma\/en\/product\/ftoury-jben-190-g\/","title":{"rendered":"Ftoury 190 G"},"content":{"rendered":"","protected":false},"excerpt":{"rendered":"<p class=\"p1\">Exceptional Flavor, Creamy, and Melting Texture!\n\nIndulge in the exceptional taste and unique, creamy, and melting texture of Ftoury Jben Cheese. Satisfying the palates of toast and cuisine enthusiasts, this cheese brings an extraordinary flavor experience to every culinary creation.<\/p>","protected":false},"featured_media":8023,"template":"","meta":{"_monsterinsights_skip_tracking":false,"_monsterinsights_sitenote_active":false,"_monsterinsights_sitenote_note":"","_monsterinsights_sitenote_category":0},"product_cat":[128,127],"product_tag":[],"class_list":["post-2142","product","type-product","status-publish","has-post-thumbnail","hentry","product_cat-fromages-blancs","product_cat-fromages-frais"],"acf":[],"yoast_head":"<!-- This site is optimized with the Yoast SEO plugin v19.6.1 - https:\/\/yoast.com\/wordpress\/plugins\/seo\/ -->\n<title>Ftoury 190 G - Le Berger<\/title>\n<meta name=\"robots\" content=\"index, follow, max-snippet:-1, max-image-preview:large, max-video-preview:-1\" \/>\n<link rel=\"canonical\" href=\"https:\/\/leberger.ma\/en\/product\/ftoury-jben-190-g\/\" \/>\n<meta property=\"og:locale\" content=\"en_US\" \/>\n<meta property=\"og:type\" content=\"article\" \/>\n<meta property=\"og:title\" content=\"Ftoury 190 G - Le Berger\" \/>\n<meta property=\"og:description\" content=\"Avec son go\u00fbt exceptionnel et sa texture unique \u00e0 la fois cr\u00e9meuse et fondante, le fromage Ftoury Jben comble tous les amateurs de tartines et cuisine.\" \/>\n<meta property=\"og:url\" content=\"https:\/\/leberger.ma\/en\/product\/ftoury-jben-190-g\/\" \/>\n<meta property=\"og:site_name\" content=\"Le Berger\" \/>\n<meta property=\"article:modified_time\" content=\"2024-12-18T20:07:28+00:00\" \/>\n<meta property=\"og:image\" content=\"https:\/\/leberger.ma\/wp-content\/uploads\/2022\/06\/Jben-Ftoury-190g-min.png\" \/>\n\t<meta property=\"og:image:width\" content=\"1000\" \/>\n\t<meta property=\"og:image:height\" content=\"898\" \/>\n\t<meta property=\"og:image:type\" content=\"image\/png\" \/>\n<meta name=\"twitter:card\" content=\"summary_large_image\" \/>\n<script type=\"application\/ld+json\" class=\"yoast-schema-graph\">{\"@context\":\"https:\/\/schema.org\",\"@graph\":[{\"@type\":\"WebPage\",\"@id\":\"https:\/\/leberger.ma\/produit\/ftoury-jben-190-g\/\",\"url\":\"https:\/\/leberger.ma\/produit\/ftoury-jben-190-g\/\",\"name\":\"Ftoury 190 G - Le Berger\",\"isPartOf\":{\"@id\":\"https:\/\/leberger.ma\/#website\"},\"datePublished\":\"2022-06-24T00:38:36+00:00\",\"dateModified\":\"2024-12-18T20:07:28+00:00\",\"breadcrumb\":{\"@id\":\"https:\/\/leberger.ma\/produit\/ftoury-jben-190-g\/#breadcrumb\"},\"inLanguage\":\"en-US\",\"potentialAction\":[{\"@type\":\"ReadAction\",\"target\":[\"https:\/\/leberger.ma\/produit\/ftoury-jben-190-g\/\"]}]},{\"@type\":\"BreadcrumbList\",\"@id\":\"https:\/\/leberger.ma\/produit\/ftoury-jben-190-g\/#breadcrumb\",\"itemListElement\":[{\"@type\":\"ListItem\",\"position\":1,\"name\":\"Accueil\",\"item\":\"https:\/\/leberger.ma\/\"},{\"@type\":\"ListItem\",\"position\":2,\"name\":\"Produits\",\"item\":\"https:\/\/leberger.ma\/shop\/\"},{\"@type\":\"ListItem\",\"position\":3,\"name\":\"Ftoury 190 G\"}]},{\"@type\":\"WebSite\",\"@id\":\"https:\/\/leberger.ma\/#website\",\"url\":\"https:\/\/leberger.ma\/\",\"name\":\"Le Berger\",\"description\":\"La Fraicheur du Naturel !\",\"publisher\":{\"@id\":\"https:\/\/leberger.ma\/#organization\"},\"potentialAction\":[{\"@type\":\"SearchAction\",\"target\":{\"@type\":\"EntryPoint\",\"urlTemplate\":\"https:\/\/leberger.ma\/?s={search_term_string}\"},\"query-input\":\"required name=search_term_string\"}],\"inLanguage\":\"en-US\"},{\"@type\":\"Organization\",\"@id\":\"https:\/\/leberger.ma\/#organization\",\"name\":\"Le Berger\",\"url\":\"https:\/\/leberger.ma\/\",\"sameAs\":[],\"logo\":{\"@type\":\"ImageObject\",\"inLanguage\":\"en-US\",\"@id\":\"https:\/\/leberger.ma\/#\/schema\/logo\/image\/\",\"url\":\"https:\/\/leberger.ma\/wp-content\/uploads\/2022\/05\/Artboard-5-copy222.png\",\"contentUrl\":\"https:\/\/leberger.ma\/wp-content\/uploads\/2022\/05\/Artboard-5-copy222.png\",\"width\":2236,\"height\":1425,\"caption\":\"Le Berger\"},\"image\":{\"@id\":\"https:\/\/leberger.ma\/#\/schema\/logo\/image\/\"}}]}<\/script>\n<!-- \/ Yoast SEO plugin. -->","yoast_head_json":{"title":"Ftoury 190 G - Le Berger","robots":{"index":"index","follow":"follow","max-snippet":"max-snippet:-1","max-image-preview":"max-image-preview:large","max-video-preview":"max-video-preview:-1"},"canonical":"https:\/\/leberger.ma\/en\/product\/ftoury-jben-190-g\/","og_locale":"en_US","og_type":"article","og_title":"Ftoury 190 G - Le Berger","og_description":"Avec son go\u00fbt exceptionnel et sa texture unique \u00e0 la fois cr\u00e9meuse et fondante, le fromage Ftoury Jben comble tous les amateurs de tartines et cuisine.","og_url":"https:\/\/leberger.ma\/en\/product\/ftoury-jben-190-g\/","og_site_name":"Le Berger","article_modified_time":"2024-12-18T20:07:28+00:00","og_image":[{"width":1000,"height":898,"url":"https:\/\/leberger.ma\/wp-content\/uploads\/2022\/06\/Jben-Ftoury-190g-min.png","type":"image\/png"}],"twitter_card":"summary_large_image","schema":{"@context":"https:\/\/schema.org","@graph":[{"@type":"WebPage","@id":"https:\/\/leberger.ma\/produit\/ftoury-jben-190-g\/","url":"https:\/\/leberger.ma\/produit\/ftoury-jben-190-g\/","name":"Ftoury 190 G - Le Berger","isPartOf":{"@id":"https:\/\/leberger.ma\/#website"},"datePublished":"2022-06-24T00:38:36+00:00","dateModified":"2024-12-18T20:07:28+00:00","breadcrumb":{"@id":"https:\/\/leberger.ma\/produit\/ftoury-jben-190-g\/#breadcrumb"},"inLanguage":"en-US","potentialAction":[{"@type":"ReadAction","target":["https:\/\/leberger.ma\/produit\/ftoury-jben-190-g\/"]}]},{"@type":"BreadcrumbList","@id":"https:\/\/leberger.ma\/produit\/ftoury-jben-190-g\/#breadcrumb","itemListElement":[{"@type":"ListItem","position":1,"name":"Accueil","item":"https:\/\/leberger.ma\/"},{"@type":"ListItem","position":2,"name":"Produits","item":"https:\/\/leberger.ma\/shop\/"},{"@type":"ListItem","position":3,"name":"Ftoury 190 G"}]},{"@type":"WebSite","@id":"https:\/\/leberger.ma\/#website","url":"https:\/\/leberger.ma\/","name":"Le Berger","description":"La Fraicheur du Naturel !","publisher":{"@id":"https:\/\/leberger.ma\/#organization"},"potentialAction":[{"@type":"SearchAction","target":{"@type":"EntryPoint","urlTemplate":"https:\/\/leberger.ma\/?s={search_term_string}"},"query-input":"required name=search_term_string"}],"inLanguage":"en-US"},{"@type":"Organization","@id":"https:\/\/leberger.ma\/#organization","name":"Le Berger","url":"https:\/\/leberger.ma\/","sameAs":[],"logo":{"@type":"ImageObject","inLanguage":"en-US","@id":"https:\/\/leberger.ma\/#\/schema\/logo\/image\/","url":"https:\/\/leberger.ma\/wp-content\/uploads\/2022\/05\/Artboard-5-copy222.png","contentUrl":"https:\/\/leberger.ma\/wp-content\/uploads\/2022\/05\/Artboard-5-copy222.png","width":2236,"height":1425,"caption":"Le Berger"},"image":{"@id":"https:\/\/leberger.ma\/#\/schema\/logo\/image\/"}}]}},"_links":{"self":[{"href":"https:\/\/leberger.ma\/en\/wp-json\/wp\/v2\/product\/2142","targetHints":{"allow":["GET"]}}],"collection":[{"href":"https:\/\/leberger.ma\/en\/wp-json\/wp\/v2\/product"}],"about":[{"href":"https:\/\/leberger.ma\/en\/wp-json\/wp\/v2\/types\/product"}],"version-history":[{"count":4,"href":"https:\/\/leberger.ma\/en\/wp-json\/wp\/v2\/product\/2142\/revisions"}],"predecessor-version":[{"id":8027,"href":"https:\/\/leberger.ma\/en\/wp-json\/wp\/v2\/product\/2142\/revisions\/8027"}],"wp:featuredmedia":[{"embeddable":true,"href":"https:\/\/leberger.ma\/en\/wp-json\/wp\/v2\/media\/8023"}],"wp:attachment":[{"href":"https:\/\/leberger.ma\/en\/wp-json\/wp\/v2\/media?parent=2142"}],"wp:term":[{"taxonomy":"product_cat","embeddable":true,"href":"https:\/\/leberger.ma\/en\/wp-json\/wp\/v2\/product_cat?post=2142"},{"taxonomy":"product_tag","embeddable":true,"href":"https:\/\/leberger.ma\/en\/wp-json\/wp\/v2\/product_tag?post=2142"}],"curies":[{"name":"wp","href":"https:\/\/api.w.org\/{rel}","templated":true}]}}