{"id":2135,"date":"2022-06-24T02:23:33","date_gmt":"2022-06-24T00:23:33","guid":{"rendered":"https:\/\/finetty.com\/?post_type=product&#038;p=2135"},"modified":"2024-01-18T14:06:23","modified_gmt":"2024-01-18T13:06:23","slug":"petit-frais-ail-et-fines-herbes-170-g","status":"publish","type":"product","link":"https:\/\/leberger.ma\/en\/product\/petit-frais-ail-et-fines-herbes-170-g\/","title":{"rendered":"Petit Frais with Garlic and Herbes 170 G"},"content":{"rendered":"","protected":false},"excerpt":{"rendered":"<p>Retrouvez une explosion de saveurs et de fraicheur avec notre fromage Petit Frais Ail et Fines herbes. Id\u00e9al pour ceux qui sont \u00e0 la recherche d&#8217;exp\u00e9riences gustatives distinctives et in\u00e9dites.<\/p>","protected":false},"featured_media":7776,"template":"","meta":{"_monsterinsights_skip_tracking":false,"_monsterinsights_sitenote_active":false,"_monsterinsights_sitenote_note":"","_monsterinsights_sitenote_category":0},"product_cat":[128,127],"product_tag":[],"class_list":["post-2135","product","type-product","status-publish","has-post-thumbnail","hentry","product_cat-fromages-blancs","product_cat-fromages-frais"],"acf":[],"yoast_head":"<!-- This site is optimized with the Yoast SEO plugin v19.6.1 - https:\/\/yoast.com\/wordpress\/plugins\/seo\/ -->\n<title>Petit Frais Ail et Fines Herbes 170 G - Le Berger<\/title>\n<meta name=\"robots\" content=\"index, follow, max-snippet:-1, max-image-preview:large, max-video-preview:-1\" \/>\n<link rel=\"canonical\" href=\"https:\/\/leberger.ma\/en\/product\/petit-frais-ail-et-fines-herbes-170-g\/\" \/>\n<meta property=\"og:locale\" content=\"en_US\" \/>\n<meta property=\"og:type\" content=\"article\" \/>\n<meta property=\"og:title\" content=\"Petit Frais Ail et Fines Herbes 170 G - Le Berger\" \/>\n<meta property=\"og:description\" content=\"Retrouvez une explosion de saveurs et de fraicheur avec notre fromage Petit Frais Ail et Fines herbes. Id\u00e9al pour ceux qui sont \u00e0 la recherche d&#039;exp\u00e9riences gustatives distinctives et in\u00e9dites.\" \/>\n<meta property=\"og:url\" content=\"https:\/\/leberger.ma\/en\/product\/petit-frais-ail-et-fines-herbes-170-g\/\" \/>\n<meta property=\"og:site_name\" content=\"Le Berger\" \/>\n<meta property=\"article:modified_time\" content=\"2024-01-18T13:06:23+00:00\" \/>\n<meta property=\"og:image\" content=\"https:\/\/leberger.ma\/wp-content\/uploads\/2022\/06\/Petit-frais_Ail-fines-herbes.png\" \/>\n\t<meta property=\"og:image:width\" content=\"1000\" \/>\n\t<meta property=\"og:image:height\" content=\"900\" \/>\n\t<meta property=\"og:image:type\" content=\"image\/png\" \/>\n<meta name=\"twitter:card\" content=\"summary_large_image\" \/>\n<script type=\"application\/ld+json\" class=\"yoast-schema-graph\">{\"@context\":\"https:\/\/schema.org\",\"@graph\":[{\"@type\":\"WebPage\",\"@id\":\"https:\/\/leberger.ma\/produit\/petit-frais-ail-et-fines-herbes-170-g\/\",\"url\":\"https:\/\/leberger.ma\/produit\/petit-frais-ail-et-fines-herbes-170-g\/\",\"name\":\"Petit Frais Ail et Fines Herbes 170 G - Le Berger\",\"isPartOf\":{\"@id\":\"https:\/\/leberger.ma\/#website\"},\"datePublished\":\"2022-06-24T00:23:33+00:00\",\"dateModified\":\"2024-01-18T13:06:23+00:00\",\"breadcrumb\":{\"@id\":\"https:\/\/leberger.ma\/produit\/petit-frais-ail-et-fines-herbes-170-g\/#breadcrumb\"},\"inLanguage\":\"en-US\",\"potentialAction\":[{\"@type\":\"ReadAction\",\"target\":[\"https:\/\/leberger.ma\/produit\/petit-frais-ail-et-fines-herbes-170-g\/\"]}]},{\"@type\":\"BreadcrumbList\",\"@id\":\"https:\/\/leberger.ma\/produit\/petit-frais-ail-et-fines-herbes-170-g\/#breadcrumb\",\"itemListElement\":[{\"@type\":\"ListItem\",\"position\":1,\"name\":\"Accueil\",\"item\":\"https:\/\/leberger.ma\/\"},{\"@type\":\"ListItem\",\"position\":2,\"name\":\"Produits\",\"item\":\"https:\/\/leberger.ma\/shop\/\"},{\"@type\":\"ListItem\",\"position\":3,\"name\":\"Petit Frais Ail et Fines Herbes 170 G\"}]},{\"@type\":\"WebSite\",\"@id\":\"https:\/\/leberger.ma\/#website\",\"url\":\"https:\/\/leberger.ma\/\",\"name\":\"Le Berger\",\"description\":\"La Fraicheur du Naturel !\",\"publisher\":{\"@id\":\"https:\/\/leberger.ma\/#organization\"},\"potentialAction\":[{\"@type\":\"SearchAction\",\"target\":{\"@type\":\"EntryPoint\",\"urlTemplate\":\"https:\/\/leberger.ma\/?s={search_term_string}\"},\"query-input\":\"required name=search_term_string\"}],\"inLanguage\":\"en-US\"},{\"@type\":\"Organization\",\"@id\":\"https:\/\/leberger.ma\/#organization\",\"name\":\"Le Berger\",\"url\":\"https:\/\/leberger.ma\/\",\"sameAs\":[],\"logo\":{\"@type\":\"ImageObject\",\"inLanguage\":\"en-US\",\"@id\":\"https:\/\/leberger.ma\/#\/schema\/logo\/image\/\",\"url\":\"https:\/\/leberger.ma\/wp-content\/uploads\/2022\/05\/Artboard-5-copy222.png\",\"contentUrl\":\"https:\/\/leberger.ma\/wp-content\/uploads\/2022\/05\/Artboard-5-copy222.png\",\"width\":2236,\"height\":1425,\"caption\":\"Le Berger\"},\"image\":{\"@id\":\"https:\/\/leberger.ma\/#\/schema\/logo\/image\/\"}}]}<\/script>\n<!-- \/ Yoast SEO plugin. -->","yoast_head_json":{"title":"Petit Frais Ail et Fines Herbes 170 G - Le Berger","robots":{"index":"index","follow":"follow","max-snippet":"max-snippet:-1","max-image-preview":"max-image-preview:large","max-video-preview":"max-video-preview:-1"},"canonical":"https:\/\/leberger.ma\/en\/product\/petit-frais-ail-et-fines-herbes-170-g\/","og_locale":"en_US","og_type":"article","og_title":"Petit Frais Ail et Fines Herbes 170 G - Le Berger","og_description":"Retrouvez une explosion de saveurs et de fraicheur avec notre fromage Petit Frais Ail et Fines herbes. Id\u00e9al pour ceux qui sont \u00e0 la recherche d'exp\u00e9riences gustatives distinctives et in\u00e9dites.","og_url":"https:\/\/leberger.ma\/en\/product\/petit-frais-ail-et-fines-herbes-170-g\/","og_site_name":"Le Berger","article_modified_time":"2024-01-18T13:06:23+00:00","og_image":[{"width":1000,"height":900,"url":"https:\/\/leberger.ma\/wp-content\/uploads\/2022\/06\/Petit-frais_Ail-fines-herbes.png","type":"image\/png"}],"twitter_card":"summary_large_image","schema":{"@context":"https:\/\/schema.org","@graph":[{"@type":"WebPage","@id":"https:\/\/leberger.ma\/produit\/petit-frais-ail-et-fines-herbes-170-g\/","url":"https:\/\/leberger.ma\/produit\/petit-frais-ail-et-fines-herbes-170-g\/","name":"Petit Frais Ail et Fines Herbes 170 G - Le Berger","isPartOf":{"@id":"https:\/\/leberger.ma\/#website"},"datePublished":"2022-06-24T00:23:33+00:00","dateModified":"2024-01-18T13:06:23+00:00","breadcrumb":{"@id":"https:\/\/leberger.ma\/produit\/petit-frais-ail-et-fines-herbes-170-g\/#breadcrumb"},"inLanguage":"en-US","potentialAction":[{"@type":"ReadAction","target":["https:\/\/leberger.ma\/produit\/petit-frais-ail-et-fines-herbes-170-g\/"]}]},{"@type":"BreadcrumbList","@id":"https:\/\/leberger.ma\/produit\/petit-frais-ail-et-fines-herbes-170-g\/#breadcrumb","itemListElement":[{"@type":"ListItem","position":1,"name":"Accueil","item":"https:\/\/leberger.ma\/"},{"@type":"ListItem","position":2,"name":"Produits","item":"https:\/\/leberger.ma\/shop\/"},{"@type":"ListItem","position":3,"name":"Petit Frais Ail et Fines Herbes 170 G"}]},{"@type":"WebSite","@id":"https:\/\/leberger.ma\/#website","url":"https:\/\/leberger.ma\/","name":"Le Berger","description":"La Fraicheur du Naturel !","publisher":{"@id":"https:\/\/leberger.ma\/#organization"},"potentialAction":[{"@type":"SearchAction","target":{"@type":"EntryPoint","urlTemplate":"https:\/\/leberger.ma\/?s={search_term_string}"},"query-input":"required name=search_term_string"}],"inLanguage":"en-US"},{"@type":"Organization","@id":"https:\/\/leberger.ma\/#organization","name":"Le Berger","url":"https:\/\/leberger.ma\/","sameAs":[],"logo":{"@type":"ImageObject","inLanguage":"en-US","@id":"https:\/\/leberger.ma\/#\/schema\/logo\/image\/","url":"https:\/\/leberger.ma\/wp-content\/uploads\/2022\/05\/Artboard-5-copy222.png","contentUrl":"https:\/\/leberger.ma\/wp-content\/uploads\/2022\/05\/Artboard-5-copy222.png","width":2236,"height":1425,"caption":"Le Berger"},"image":{"@id":"https:\/\/leberger.ma\/#\/schema\/logo\/image\/"}}]}},"_links":{"self":[{"href":"https:\/\/leberger.ma\/en\/wp-json\/wp\/v2\/product\/2135","targetHints":{"allow":["GET"]}}],"collection":[{"href":"https:\/\/leberger.ma\/en\/wp-json\/wp\/v2\/product"}],"about":[{"href":"https:\/\/leberger.ma\/en\/wp-json\/wp\/v2\/types\/product"}],"version-history":[{"count":5,"href":"https:\/\/leberger.ma\/en\/wp-json\/wp\/v2\/product\/2135\/revisions"}],"predecessor-version":[{"id":5789,"href":"https:\/\/leberger.ma\/en\/wp-json\/wp\/v2\/product\/2135\/revisions\/5789"}],"wp:featuredmedia":[{"embeddable":true,"href":"https:\/\/leberger.ma\/en\/wp-json\/wp\/v2\/media\/7776"}],"wp:attachment":[{"href":"https:\/\/leberger.ma\/en\/wp-json\/wp\/v2\/media?parent=2135"}],"wp:term":[{"taxonomy":"product_cat","embeddable":true,"href":"https:\/\/leberger.ma\/en\/wp-json\/wp\/v2\/product_cat?post=2135"},{"taxonomy":"product_tag","embeddable":true,"href":"https:\/\/leberger.ma\/en\/wp-json\/wp\/v2\/product_tag?post=2135"}],"curies":[{"name":"wp","href":"https:\/\/api.w.org\/{rel}","templated":true}]}}