{"id":1999,"date":"2022-06-23T22:56:00","date_gmt":"2022-06-23T20:56:00","guid":{"rendered":"https:\/\/finetty.com\/?post_type=product&#038;p=1999"},"modified":"2024-01-18T14:04:21","modified_gmt":"2024-01-18T13:04:21","slug":"ricotta-tartine-170g","status":"publish","type":"product","link":"https:\/\/leberger.ma\/en\/product\/ricotta-tartine-170g\/","title":{"rendered":"Ricotta Cheese Spread 170 G"},"content":{"rendered":"","protected":false},"excerpt":{"rendered":"<p>A Harmony of Creaminess and Sweetness!\n\nIndulge in the Le Berger Spreadable Ricotta, combining creaminess and sweetness for dishes that strike a balance between pleasure and well-being. With its low-fat content, this cheese is perfectly suited for those who enjoy healthy toast options. Savor the rich flavors while maintaining a sense of balance in your culinary choices.<\/p>","protected":false},"featured_media":7773,"template":"","meta":{"_monsterinsights_skip_tracking":false,"_monsterinsights_sitenote_active":false,"_monsterinsights_sitenote_note":"","_monsterinsights_sitenote_category":0},"product_cat":[125],"product_tag":[],"class_list":["post-1999","product","type-product","status-publish","has-post-thumbnail","hentry","product_cat-ricotta"],"acf":[],"yoast_head":"<!-- This site is optimized with the Yoast SEO plugin v19.6.1 - https:\/\/yoast.com\/wordpress\/plugins\/seo\/ -->\n<title>Ricotta \u00e0 Tartiner 170g - Le Berger<\/title>\n<meta name=\"robots\" content=\"index, follow, max-snippet:-1, max-image-preview:large, max-video-preview:-1\" \/>\n<link rel=\"canonical\" href=\"https:\/\/leberger.ma\/en\/product\/ricotta-tartine-170g\/\" \/>\n<meta property=\"og:locale\" content=\"en_US\" \/>\n<meta property=\"og:type\" content=\"article\" \/>\n<meta property=\"og:title\" content=\"Ricotta \u00e0 Tartiner 170g - Le Berger\" \/>\n<meta property=\"og:description\" content=\"La Ricotta \u00e0 Tartiner Le Berger associe onctuosit\u00e9 et douceur pour des plats alliant plaisir et \u00e9quilibre. Avec sa faible teneur en mati\u00e8re grasses, ce fromage est parfaitement adapt\u00e9 aux amateurs des tartines healthy.\" \/>\n<meta property=\"og:url\" content=\"https:\/\/leberger.ma\/en\/product\/ricotta-tartine-170g\/\" \/>\n<meta property=\"og:site_name\" content=\"Le Berger\" \/>\n<meta property=\"article:modified_time\" content=\"2024-01-18T13:04:21+00:00\" \/>\n<meta property=\"og:image\" content=\"https:\/\/leberger.ma\/wp-content\/uploads\/2022\/06\/Ricotta-tartine-170g.png\" \/>\n\t<meta property=\"og:image:width\" content=\"1000\" \/>\n\t<meta property=\"og:image:height\" content=\"900\" \/>\n\t<meta property=\"og:image:type\" content=\"image\/png\" \/>\n<meta name=\"twitter:card\" content=\"summary_large_image\" \/>\n<script type=\"application\/ld+json\" class=\"yoast-schema-graph\">{\"@context\":\"https:\/\/schema.org\",\"@graph\":[{\"@type\":\"WebPage\",\"@id\":\"https:\/\/leberger.ma\/produit\/ricotta-tartine-170g\/\",\"url\":\"https:\/\/leberger.ma\/produit\/ricotta-tartine-170g\/\",\"name\":\"Ricotta \u00e0 Tartiner 170g - Le Berger\",\"isPartOf\":{\"@id\":\"https:\/\/leberger.ma\/#website\"},\"datePublished\":\"2022-06-23T20:56:00+00:00\",\"dateModified\":\"2024-01-18T13:04:21+00:00\",\"breadcrumb\":{\"@id\":\"https:\/\/leberger.ma\/produit\/ricotta-tartine-170g\/#breadcrumb\"},\"inLanguage\":\"en-US\",\"potentialAction\":[{\"@type\":\"ReadAction\",\"target\":[\"https:\/\/leberger.ma\/produit\/ricotta-tartine-170g\/\"]}]},{\"@type\":\"BreadcrumbList\",\"@id\":\"https:\/\/leberger.ma\/produit\/ricotta-tartine-170g\/#breadcrumb\",\"itemListElement\":[{\"@type\":\"ListItem\",\"position\":1,\"name\":\"Accueil\",\"item\":\"https:\/\/leberger.ma\/\"},{\"@type\":\"ListItem\",\"position\":2,\"name\":\"Produits\",\"item\":\"https:\/\/leberger.ma\/shop\/\"},{\"@type\":\"ListItem\",\"position\":3,\"name\":\"Ricotta \u00e0 Tartiner 170g\"}]},{\"@type\":\"WebSite\",\"@id\":\"https:\/\/leberger.ma\/#website\",\"url\":\"https:\/\/leberger.ma\/\",\"name\":\"Le Berger\",\"description\":\"La Fraicheur du Naturel !\",\"publisher\":{\"@id\":\"https:\/\/leberger.ma\/#organization\"},\"potentialAction\":[{\"@type\":\"SearchAction\",\"target\":{\"@type\":\"EntryPoint\",\"urlTemplate\":\"https:\/\/leberger.ma\/?s={search_term_string}\"},\"query-input\":\"required name=search_term_string\"}],\"inLanguage\":\"en-US\"},{\"@type\":\"Organization\",\"@id\":\"https:\/\/leberger.ma\/#organization\",\"name\":\"Le Berger\",\"url\":\"https:\/\/leberger.ma\/\",\"sameAs\":[],\"logo\":{\"@type\":\"ImageObject\",\"inLanguage\":\"en-US\",\"@id\":\"https:\/\/leberger.ma\/#\/schema\/logo\/image\/\",\"url\":\"https:\/\/leberger.ma\/wp-content\/uploads\/2022\/05\/Artboard-5-copy222.png\",\"contentUrl\":\"https:\/\/leberger.ma\/wp-content\/uploads\/2022\/05\/Artboard-5-copy222.png\",\"width\":2236,\"height\":1425,\"caption\":\"Le Berger\"},\"image\":{\"@id\":\"https:\/\/leberger.ma\/#\/schema\/logo\/image\/\"}}]}<\/script>\n<!-- \/ Yoast SEO plugin. -->","yoast_head_json":{"title":"Ricotta \u00e0 Tartiner 170g - Le Berger","robots":{"index":"index","follow":"follow","max-snippet":"max-snippet:-1","max-image-preview":"max-image-preview:large","max-video-preview":"max-video-preview:-1"},"canonical":"https:\/\/leberger.ma\/en\/product\/ricotta-tartine-170g\/","og_locale":"en_US","og_type":"article","og_title":"Ricotta \u00e0 Tartiner 170g - Le Berger","og_description":"La Ricotta \u00e0 Tartiner Le Berger associe onctuosit\u00e9 et douceur pour des plats alliant plaisir et \u00e9quilibre. Avec sa faible teneur en mati\u00e8re grasses, ce fromage est parfaitement adapt\u00e9 aux amateurs des tartines healthy.","og_url":"https:\/\/leberger.ma\/en\/product\/ricotta-tartine-170g\/","og_site_name":"Le Berger","article_modified_time":"2024-01-18T13:04:21+00:00","og_image":[{"width":1000,"height":900,"url":"https:\/\/leberger.ma\/wp-content\/uploads\/2022\/06\/Ricotta-tartine-170g.png","type":"image\/png"}],"twitter_card":"summary_large_image","schema":{"@context":"https:\/\/schema.org","@graph":[{"@type":"WebPage","@id":"https:\/\/leberger.ma\/produit\/ricotta-tartine-170g\/","url":"https:\/\/leberger.ma\/produit\/ricotta-tartine-170g\/","name":"Ricotta \u00e0 Tartiner 170g - Le Berger","isPartOf":{"@id":"https:\/\/leberger.ma\/#website"},"datePublished":"2022-06-23T20:56:00+00:00","dateModified":"2024-01-18T13:04:21+00:00","breadcrumb":{"@id":"https:\/\/leberger.ma\/produit\/ricotta-tartine-170g\/#breadcrumb"},"inLanguage":"en-US","potentialAction":[{"@type":"ReadAction","target":["https:\/\/leberger.ma\/produit\/ricotta-tartine-170g\/"]}]},{"@type":"BreadcrumbList","@id":"https:\/\/leberger.ma\/produit\/ricotta-tartine-170g\/#breadcrumb","itemListElement":[{"@type":"ListItem","position":1,"name":"Accueil","item":"https:\/\/leberger.ma\/"},{"@type":"ListItem","position":2,"name":"Produits","item":"https:\/\/leberger.ma\/shop\/"},{"@type":"ListItem","position":3,"name":"Ricotta \u00e0 Tartiner 170g"}]},{"@type":"WebSite","@id":"https:\/\/leberger.ma\/#website","url":"https:\/\/leberger.ma\/","name":"Le Berger","description":"La Fraicheur du Naturel !","publisher":{"@id":"https:\/\/leberger.ma\/#organization"},"potentialAction":[{"@type":"SearchAction","target":{"@type":"EntryPoint","urlTemplate":"https:\/\/leberger.ma\/?s={search_term_string}"},"query-input":"required name=search_term_string"}],"inLanguage":"en-US"},{"@type":"Organization","@id":"https:\/\/leberger.ma\/#organization","name":"Le Berger","url":"https:\/\/leberger.ma\/","sameAs":[],"logo":{"@type":"ImageObject","inLanguage":"en-US","@id":"https:\/\/leberger.ma\/#\/schema\/logo\/image\/","url":"https:\/\/leberger.ma\/wp-content\/uploads\/2022\/05\/Artboard-5-copy222.png","contentUrl":"https:\/\/leberger.ma\/wp-content\/uploads\/2022\/05\/Artboard-5-copy222.png","width":2236,"height":1425,"caption":"Le Berger"},"image":{"@id":"https:\/\/leberger.ma\/#\/schema\/logo\/image\/"}}]}},"_links":{"self":[{"href":"https:\/\/leberger.ma\/en\/wp-json\/wp\/v2\/product\/1999","targetHints":{"allow":["GET"]}}],"collection":[{"href":"https:\/\/leberger.ma\/en\/wp-json\/wp\/v2\/product"}],"about":[{"href":"https:\/\/leberger.ma\/en\/wp-json\/wp\/v2\/types\/product"}],"version-history":[{"count":5,"href":"https:\/\/leberger.ma\/en\/wp-json\/wp\/v2\/product\/1999\/revisions"}],"predecessor-version":[{"id":5795,"href":"https:\/\/leberger.ma\/en\/wp-json\/wp\/v2\/product\/1999\/revisions\/5795"}],"wp:featuredmedia":[{"embeddable":true,"href":"https:\/\/leberger.ma\/en\/wp-json\/wp\/v2\/media\/7773"}],"wp:attachment":[{"href":"https:\/\/leberger.ma\/en\/wp-json\/wp\/v2\/media?parent=1999"}],"wp:term":[{"taxonomy":"product_cat","embeddable":true,"href":"https:\/\/leberger.ma\/en\/wp-json\/wp\/v2\/product_cat?post=1999"},{"taxonomy":"product_tag","embeddable":true,"href":"https:\/\/leberger.ma\/en\/wp-json\/wp\/v2\/product_tag?post=1999"}],"curies":[{"name":"wp","href":"https:\/\/api.w.org\/{rel}","templated":true}]}}