{"id":1987,"date":"2022-06-23T22:43:31","date_gmt":"2022-06-23T20:43:31","guid":{"rendered":"https:\/\/finetty.com\/?post_type=product&#038;p=1987"},"modified":"2024-12-18T21:17:25","modified_gmt":"2024-12-18T20:17:25","slug":"feta-salade-1-kg","status":"publish","type":"product","link":"https:\/\/leberger.ma\/en\/product\/feta-salade-1-kg\/","title":{"rendered":"Feta Salade 1 Kg"},"content":{"rendered":"","protected":false},"excerpt":{"rendered":"<p class=\"p1\">Savourez l&#8217;authenticit\u00e9 du fromage grec le berger et donnez une touche de l\u00e9g\u00e8ret\u00e9 et gourmandise \u00e0 vos salades, bricks, tartes sal\u00e9es ou entr\u00e9es chaudes.<\/p>","protected":false},"featured_media":8030,"template":"","meta":{"_monsterinsights_skip_tracking":false,"_monsterinsights_sitenote_active":false,"_monsterinsights_sitenote_note":"","_monsterinsights_sitenote_category":0},"product_cat":[123],"product_tag":[],"class_list":["post-1987","product","type-product","status-publish","has-post-thumbnail","hentry","product_cat-feta"],"acf":[],"yoast_head":"<!-- This site is optimized with the Yoast SEO plugin v19.6.1 - https:\/\/yoast.com\/wordpress\/plugins\/seo\/ -->\n<title>Feta Salade 1 Kg - Le Berger<\/title>\n<meta name=\"robots\" content=\"index, follow, max-snippet:-1, max-image-preview:large, max-video-preview:-1\" \/>\n<link rel=\"canonical\" href=\"https:\/\/leberger.ma\/en\/product\/feta-salade-1-kg\/\" \/>\n<meta property=\"og:locale\" content=\"en_US\" \/>\n<meta property=\"og:type\" content=\"article\" \/>\n<meta property=\"og:title\" content=\"Feta Salade 1 Kg - Le Berger\" \/>\n<meta property=\"og:description\" content=\"Savourez l&#039;authenticit\u00e9 du fromage grec le berger et donnez une touche de l\u00e9g\u00e8ret\u00e9 et gourmandise \u00e0 vos salades, bricks, tartes sal\u00e9es ou entr\u00e9es chaudes.\" \/>\n<meta property=\"og:url\" content=\"https:\/\/leberger.ma\/en\/product\/feta-salade-1-kg\/\" \/>\n<meta property=\"og:site_name\" content=\"Le Berger\" \/>\n<meta property=\"article:modified_time\" content=\"2024-12-18T20:17:25+00:00\" \/>\n<meta property=\"og:image\" content=\"https:\/\/leberger.ma\/wp-content\/uploads\/2022\/06\/Feta-leberger-1kg-nv-min.png\" \/>\n\t<meta property=\"og:image:width\" content=\"1000\" \/>\n\t<meta property=\"og:image:height\" content=\"898\" \/>\n\t<meta property=\"og:image:type\" content=\"image\/png\" \/>\n<meta name=\"twitter:card\" content=\"summary_large_image\" \/>\n<script type=\"application\/ld+json\" class=\"yoast-schema-graph\">{\"@context\":\"https:\/\/schema.org\",\"@graph\":[{\"@type\":\"WebPage\",\"@id\":\"https:\/\/leberger.ma\/produit\/feta-salade-1-kg\/\",\"url\":\"https:\/\/leberger.ma\/produit\/feta-salade-1-kg\/\",\"name\":\"Feta Salade 1 Kg - Le Berger\",\"isPartOf\":{\"@id\":\"https:\/\/leberger.ma\/#website\"},\"datePublished\":\"2022-06-23T20:43:31+00:00\",\"dateModified\":\"2024-12-18T20:17:25+00:00\",\"breadcrumb\":{\"@id\":\"https:\/\/leberger.ma\/produit\/feta-salade-1-kg\/#breadcrumb\"},\"inLanguage\":\"en-US\",\"potentialAction\":[{\"@type\":\"ReadAction\",\"target\":[\"https:\/\/leberger.ma\/produit\/feta-salade-1-kg\/\"]}]},{\"@type\":\"BreadcrumbList\",\"@id\":\"https:\/\/leberger.ma\/produit\/feta-salade-1-kg\/#breadcrumb\",\"itemListElement\":[{\"@type\":\"ListItem\",\"position\":1,\"name\":\"Accueil\",\"item\":\"https:\/\/leberger.ma\/\"},{\"@type\":\"ListItem\",\"position\":2,\"name\":\"Produits\",\"item\":\"https:\/\/leberger.ma\/shop\/\"},{\"@type\":\"ListItem\",\"position\":3,\"name\":\"Feta Salade 1 Kg\"}]},{\"@type\":\"WebSite\",\"@id\":\"https:\/\/leberger.ma\/#website\",\"url\":\"https:\/\/leberger.ma\/\",\"name\":\"Le Berger\",\"description\":\"La Fraicheur du Naturel !\",\"publisher\":{\"@id\":\"https:\/\/leberger.ma\/#organization\"},\"potentialAction\":[{\"@type\":\"SearchAction\",\"target\":{\"@type\":\"EntryPoint\",\"urlTemplate\":\"https:\/\/leberger.ma\/?s={search_term_string}\"},\"query-input\":\"required name=search_term_string\"}],\"inLanguage\":\"en-US\"},{\"@type\":\"Organization\",\"@id\":\"https:\/\/leberger.ma\/#organization\",\"name\":\"Le Berger\",\"url\":\"https:\/\/leberger.ma\/\",\"sameAs\":[],\"logo\":{\"@type\":\"ImageObject\",\"inLanguage\":\"en-US\",\"@id\":\"https:\/\/leberger.ma\/#\/schema\/logo\/image\/\",\"url\":\"https:\/\/leberger.ma\/wp-content\/uploads\/2022\/05\/Artboard-5-copy222.png\",\"contentUrl\":\"https:\/\/leberger.ma\/wp-content\/uploads\/2022\/05\/Artboard-5-copy222.png\",\"width\":2236,\"height\":1425,\"caption\":\"Le Berger\"},\"image\":{\"@id\":\"https:\/\/leberger.ma\/#\/schema\/logo\/image\/\"}}]}<\/script>\n<!-- \/ Yoast SEO plugin. -->","yoast_head_json":{"title":"Feta Salade 1 Kg - Le Berger","robots":{"index":"index","follow":"follow","max-snippet":"max-snippet:-1","max-image-preview":"max-image-preview:large","max-video-preview":"max-video-preview:-1"},"canonical":"https:\/\/leberger.ma\/en\/product\/feta-salade-1-kg\/","og_locale":"en_US","og_type":"article","og_title":"Feta Salade 1 Kg - Le Berger","og_description":"Savourez l'authenticit\u00e9 du fromage grec le berger et donnez une touche de l\u00e9g\u00e8ret\u00e9 et gourmandise \u00e0 vos salades, bricks, tartes sal\u00e9es ou entr\u00e9es chaudes.","og_url":"https:\/\/leberger.ma\/en\/product\/feta-salade-1-kg\/","og_site_name":"Le Berger","article_modified_time":"2024-12-18T20:17:25+00:00","og_image":[{"width":1000,"height":898,"url":"https:\/\/leberger.ma\/wp-content\/uploads\/2022\/06\/Feta-leberger-1kg-nv-min.png","type":"image\/png"}],"twitter_card":"summary_large_image","schema":{"@context":"https:\/\/schema.org","@graph":[{"@type":"WebPage","@id":"https:\/\/leberger.ma\/produit\/feta-salade-1-kg\/","url":"https:\/\/leberger.ma\/produit\/feta-salade-1-kg\/","name":"Feta Salade 1 Kg - Le Berger","isPartOf":{"@id":"https:\/\/leberger.ma\/#website"},"datePublished":"2022-06-23T20:43:31+00:00","dateModified":"2024-12-18T20:17:25+00:00","breadcrumb":{"@id":"https:\/\/leberger.ma\/produit\/feta-salade-1-kg\/#breadcrumb"},"inLanguage":"en-US","potentialAction":[{"@type":"ReadAction","target":["https:\/\/leberger.ma\/produit\/feta-salade-1-kg\/"]}]},{"@type":"BreadcrumbList","@id":"https:\/\/leberger.ma\/produit\/feta-salade-1-kg\/#breadcrumb","itemListElement":[{"@type":"ListItem","position":1,"name":"Accueil","item":"https:\/\/leberger.ma\/"},{"@type":"ListItem","position":2,"name":"Produits","item":"https:\/\/leberger.ma\/shop\/"},{"@type":"ListItem","position":3,"name":"Feta Salade 1 Kg"}]},{"@type":"WebSite","@id":"https:\/\/leberger.ma\/#website","url":"https:\/\/leberger.ma\/","name":"Le Berger","description":"La Fraicheur du Naturel !","publisher":{"@id":"https:\/\/leberger.ma\/#organization"},"potentialAction":[{"@type":"SearchAction","target":{"@type":"EntryPoint","urlTemplate":"https:\/\/leberger.ma\/?s={search_term_string}"},"query-input":"required name=search_term_string"}],"inLanguage":"en-US"},{"@type":"Organization","@id":"https:\/\/leberger.ma\/#organization","name":"Le Berger","url":"https:\/\/leberger.ma\/","sameAs":[],"logo":{"@type":"ImageObject","inLanguage":"en-US","@id":"https:\/\/leberger.ma\/#\/schema\/logo\/image\/","url":"https:\/\/leberger.ma\/wp-content\/uploads\/2022\/05\/Artboard-5-copy222.png","contentUrl":"https:\/\/leberger.ma\/wp-content\/uploads\/2022\/05\/Artboard-5-copy222.png","width":2236,"height":1425,"caption":"Le Berger"},"image":{"@id":"https:\/\/leberger.ma\/#\/schema\/logo\/image\/"}}]}},"_links":{"self":[{"href":"https:\/\/leberger.ma\/en\/wp-json\/wp\/v2\/product\/1987","targetHints":{"allow":["GET"]}}],"collection":[{"href":"https:\/\/leberger.ma\/en\/wp-json\/wp\/v2\/product"}],"about":[{"href":"https:\/\/leberger.ma\/en\/wp-json\/wp\/v2\/types\/product"}],"version-history":[{"count":5,"href":"https:\/\/leberger.ma\/en\/wp-json\/wp\/v2\/product\/1987\/revisions"}],"predecessor-version":[{"id":5801,"href":"https:\/\/leberger.ma\/en\/wp-json\/wp\/v2\/product\/1987\/revisions\/5801"}],"wp:featuredmedia":[{"embeddable":true,"href":"https:\/\/leberger.ma\/en\/wp-json\/wp\/v2\/media\/8030"}],"wp:attachment":[{"href":"https:\/\/leberger.ma\/en\/wp-json\/wp\/v2\/media?parent=1987"}],"wp:term":[{"taxonomy":"product_cat","embeddable":true,"href":"https:\/\/leberger.ma\/en\/wp-json\/wp\/v2\/product_cat?post=1987"},{"taxonomy":"product_tag","embeddable":true,"href":"https:\/\/leberger.ma\/en\/wp-json\/wp\/v2\/product_tag?post=1987"}],"curies":[{"name":"wp","href":"https:\/\/api.w.org\/{rel}","templated":true}]}}