{"id":7794,"date":"2020-01-18T14:49:40","date_gmt":"2020-01-18T13:49:40","guid":{"rendered":"https:\/\/leberger.ma\/?post_type=product&#038;p=7794"},"modified":"2025-09-29T15:11:26","modified_gmt":"2025-09-29T13:11:26","slug":"cream-cheese-450-g","status":"publish","type":"product","link":"https:\/\/leberger.ma\/ar\/product\/cream-cheese-450-g\/","title":{"rendered":"Cream Cheese 450 G"},"content":{"rendered":"","protected":false},"excerpt":{"rendered":"<p>Cream Cheese Le Berger offre une texture onctueuse et un go\u00fbt d\u00e9licieusement cr\u00e9meux. Parfait pour tartiner sur des toasts ou pour ajouter une touche de richesse \u00e0 vos recettes sucr\u00e9es et sal\u00e9es. Fabriqu\u00e9 avec soin, ce Cream Cheese de qualit\u00e9 sup\u00e9rieure vous offre une exp\u00e9rience gastronomique unique.<\/p>","protected":false},"featured_media":8092,"template":"","meta":{"_monsterinsights_skip_tracking":false,"_monsterinsights_sitenote_active":false,"_monsterinsights_sitenote_note":"","_monsterinsights_sitenote_category":0},"product_cat":[153],"product_tag":[],"class_list":["post-7794","product","type-product","status-publish","has-post-thumbnail","hentry","product_cat-cream-cheese"],"acf":[],"yoast_head":"<!-- This site is optimized with the Yoast SEO plugin v19.6.1 - https:\/\/yoast.com\/wordpress\/plugins\/seo\/ -->\n<title>Cream Cheese 450 G - Le Berger<\/title>\n<meta name=\"robots\" content=\"index, follow, max-snippet:-1, max-image-preview:large, max-video-preview:-1\" \/>\n<link rel=\"canonical\" href=\"https:\/\/leberger.ma\/ar\/product\/cream-cheese-450-g\/\" \/>\n<meta property=\"og:locale\" content=\"ar_AR\" \/>\n<meta property=\"og:type\" content=\"article\" \/>\n<meta property=\"og:title\" content=\"Cream Cheese 450 G - Le Berger\" \/>\n<meta property=\"og:description\" content=\"Cream Cheese Le Berger offre une texture onctueuse et un go\u00fbt d\u00e9licieusement cr\u00e9meux. Parfait pour tartiner sur des toasts ou pour ajouter une touche de richesse \u00e0 vos recettes sucr\u00e9es et sal\u00e9es. Fabriqu\u00e9 avec soin, ce Cream Cheese de qualit\u00e9 sup\u00e9rieure vous offre une exp\u00e9rience gastronomique unique.\" \/>\n<meta property=\"og:url\" content=\"https:\/\/leberger.ma\/ar\/product\/cream-cheese-450-g\/\" \/>\n<meta property=\"og:site_name\" content=\"Le Berger\" \/>\n<meta property=\"article:modified_time\" content=\"2025-09-29T13:11:26+00:00\" \/>\n<meta property=\"og:image\" content=\"https:\/\/leberger.ma\/wp-content\/uploads\/2024\/01\/cream-cheese-leberger-450g-min.png\" \/>\n\t<meta property=\"og:image:width\" content=\"1000\" \/>\n\t<meta property=\"og:image:height\" content=\"900\" \/>\n\t<meta property=\"og:image:type\" content=\"image\/png\" \/>\n<meta name=\"twitter:card\" content=\"summary_large_image\" \/>\n<script type=\"application\/ld+json\" class=\"yoast-schema-graph\">{\"@context\":\"https:\/\/schema.org\",\"@graph\":[{\"@type\":\"WebPage\",\"@id\":\"https:\/\/leberger.ma\/produit\/cream-cheese-450-g\/\",\"url\":\"https:\/\/leberger.ma\/produit\/cream-cheese-450-g\/\",\"name\":\"Cream Cheese 450 G - Le Berger\",\"isPartOf\":{\"@id\":\"https:\/\/leberger.ma\/#website\"},\"datePublished\":\"2020-01-18T13:49:40+00:00\",\"dateModified\":\"2025-09-29T13:11:26+00:00\",\"breadcrumb\":{\"@id\":\"https:\/\/leberger.ma\/produit\/cream-cheese-450-g\/#breadcrumb\"},\"inLanguage\":\"ary\",\"potentialAction\":[{\"@type\":\"ReadAction\",\"target\":[\"https:\/\/leberger.ma\/produit\/cream-cheese-450-g\/\"]}]},{\"@type\":\"BreadcrumbList\",\"@id\":\"https:\/\/leberger.ma\/produit\/cream-cheese-450-g\/#breadcrumb\",\"itemListElement\":[{\"@type\":\"ListItem\",\"position\":1,\"name\":\"Accueil\",\"item\":\"https:\/\/leberger.ma\/\"},{\"@type\":\"ListItem\",\"position\":2,\"name\":\"Produits\",\"item\":\"https:\/\/leberger.ma\/shop\/\"},{\"@type\":\"ListItem\",\"position\":3,\"name\":\"Cream Cheese 450 G\"}]},{\"@type\":\"WebSite\",\"@id\":\"https:\/\/leberger.ma\/#website\",\"url\":\"https:\/\/leberger.ma\/\",\"name\":\"Le Berger\",\"description\":\"La Fraicheur du Naturel !\",\"publisher\":{\"@id\":\"https:\/\/leberger.ma\/#organization\"},\"potentialAction\":[{\"@type\":\"SearchAction\",\"target\":{\"@type\":\"EntryPoint\",\"urlTemplate\":\"https:\/\/leberger.ma\/?s={search_term_string}\"},\"query-input\":\"required name=search_term_string\"}],\"inLanguage\":\"ary\"},{\"@type\":\"Organization\",\"@id\":\"https:\/\/leberger.ma\/#organization\",\"name\":\"Le Berger\",\"url\":\"https:\/\/leberger.ma\/\",\"sameAs\":[],\"logo\":{\"@type\":\"ImageObject\",\"inLanguage\":\"ary\",\"@id\":\"https:\/\/leberger.ma\/#\/schema\/logo\/image\/\",\"url\":\"https:\/\/leberger.ma\/wp-content\/uploads\/2022\/05\/Artboard-5-copy222.png\",\"contentUrl\":\"https:\/\/leberger.ma\/wp-content\/uploads\/2022\/05\/Artboard-5-copy222.png\",\"width\":2236,\"height\":1425,\"caption\":\"Le Berger\"},\"image\":{\"@id\":\"https:\/\/leberger.ma\/#\/schema\/logo\/image\/\"}}]}<\/script>\n<!-- \/ Yoast SEO plugin. -->","yoast_head_json":{"title":"Cream Cheese 450 G - Le Berger","robots":{"index":"index","follow":"follow","max-snippet":"max-snippet:-1","max-image-preview":"max-image-preview:large","max-video-preview":"max-video-preview:-1"},"canonical":"https:\/\/leberger.ma\/ar\/product\/cream-cheese-450-g\/","og_locale":"ar_AR","og_type":"article","og_title":"Cream Cheese 450 G - Le Berger","og_description":"Cream Cheese Le Berger offre une texture onctueuse et un go\u00fbt d\u00e9licieusement cr\u00e9meux. Parfait pour tartiner sur des toasts ou pour ajouter une touche de richesse \u00e0 vos recettes sucr\u00e9es et sal\u00e9es. Fabriqu\u00e9 avec soin, ce Cream Cheese de qualit\u00e9 sup\u00e9rieure vous offre une exp\u00e9rience gastronomique unique.","og_url":"https:\/\/leberger.ma\/ar\/product\/cream-cheese-450-g\/","og_site_name":"Le Berger","article_modified_time":"2025-09-29T13:11:26+00:00","og_image":[{"width":1000,"height":900,"url":"https:\/\/leberger.ma\/wp-content\/uploads\/2024\/01\/cream-cheese-leberger-450g-min.png","type":"image\/png"}],"twitter_card":"summary_large_image","schema":{"@context":"https:\/\/schema.org","@graph":[{"@type":"WebPage","@id":"https:\/\/leberger.ma\/produit\/cream-cheese-450-g\/","url":"https:\/\/leberger.ma\/produit\/cream-cheese-450-g\/","name":"Cream Cheese 450 G - Le Berger","isPartOf":{"@id":"https:\/\/leberger.ma\/#website"},"datePublished":"2020-01-18T13:49:40+00:00","dateModified":"2025-09-29T13:11:26+00:00","breadcrumb":{"@id":"https:\/\/leberger.ma\/produit\/cream-cheese-450-g\/#breadcrumb"},"inLanguage":"ary","potentialAction":[{"@type":"ReadAction","target":["https:\/\/leberger.ma\/produit\/cream-cheese-450-g\/"]}]},{"@type":"BreadcrumbList","@id":"https:\/\/leberger.ma\/produit\/cream-cheese-450-g\/#breadcrumb","itemListElement":[{"@type":"ListItem","position":1,"name":"Accueil","item":"https:\/\/leberger.ma\/"},{"@type":"ListItem","position":2,"name":"Produits","item":"https:\/\/leberger.ma\/shop\/"},{"@type":"ListItem","position":3,"name":"Cream Cheese 450 G"}]},{"@type":"WebSite","@id":"https:\/\/leberger.ma\/#website","url":"https:\/\/leberger.ma\/","name":"Le Berger","description":"La Fraicheur du Naturel !","publisher":{"@id":"https:\/\/leberger.ma\/#organization"},"potentialAction":[{"@type":"SearchAction","target":{"@type":"EntryPoint","urlTemplate":"https:\/\/leberger.ma\/?s={search_term_string}"},"query-input":"required name=search_term_string"}],"inLanguage":"ary"},{"@type":"Organization","@id":"https:\/\/leberger.ma\/#organization","name":"Le Berger","url":"https:\/\/leberger.ma\/","sameAs":[],"logo":{"@type":"ImageObject","inLanguage":"ary","@id":"https:\/\/leberger.ma\/#\/schema\/logo\/image\/","url":"https:\/\/leberger.ma\/wp-content\/uploads\/2022\/05\/Artboard-5-copy222.png","contentUrl":"https:\/\/leberger.ma\/wp-content\/uploads\/2022\/05\/Artboard-5-copy222.png","width":2236,"height":1425,"caption":"Le Berger"},"image":{"@id":"https:\/\/leberger.ma\/#\/schema\/logo\/image\/"}}]}},"_links":{"self":[{"href":"https:\/\/leberger.ma\/ar\/wp-json\/wp\/v2\/product\/7794","targetHints":{"allow":["GET"]}}],"collection":[{"href":"https:\/\/leberger.ma\/ar\/wp-json\/wp\/v2\/product"}],"about":[{"href":"https:\/\/leberger.ma\/ar\/wp-json\/wp\/v2\/types\/product"}],"version-history":[{"count":1,"href":"https:\/\/leberger.ma\/ar\/wp-json\/wp\/v2\/product\/7794\/revisions"}],"predecessor-version":[{"id":7796,"href":"https:\/\/leberger.ma\/ar\/wp-json\/wp\/v2\/product\/7794\/revisions\/7796"}],"wp:featuredmedia":[{"embeddable":true,"href":"https:\/\/leberger.ma\/ar\/wp-json\/wp\/v2\/media\/8092"}],"wp:attachment":[{"href":"https:\/\/leberger.ma\/ar\/wp-json\/wp\/v2\/media?parent=7794"}],"wp:term":[{"taxonomy":"product_cat","embeddable":true,"href":"https:\/\/leberger.ma\/ar\/wp-json\/wp\/v2\/product_cat?post=7794"},{"taxonomy":"product_tag","embeddable":true,"href":"https:\/\/leberger.ma\/ar\/wp-json\/wp\/v2\/product_tag?post=7794"}],"curies":[{"name":"wp","href":"https:\/\/api.w.org\/{rel}","templated":true}]}}