{"id":5080,"date":"2022-07-15T04:00:52","date_gmt":"2022-07-15T02:00:52","guid":{"rendered":"https:\/\/finetty.com\/?post_type=product&#038;p=5080"},"modified":"2022-07-24T22:49:23","modified_gmt":"2022-07-24T20:49:23","slug":"creme-cuisine-500g","status":"publish","type":"product","link":"https:\/\/leberger.ma\/ar\/product\/creme-cuisine-500g\/","title":{"rendered":"\u0642\u0634\u062f\u0629 \u0627\u0644\u0637\u0628\u062e 500 \u063a"},"content":{"rendered":"","protected":false},"excerpt":{"rendered":"<p>\u0642\u0634\u062f\u0629 \u0627\u0644\u0637\u0628\u062e \u0627\u0644\u0631\u0627\u0639\u064a \u062d\u0644\u06cc\u0641\u0643 \u0627\u0644\u0645\u062b\u0627\u0644\u064a \u0644\u062a\u062d\u0636\u064a\u0631 \u0623\u0637\u0628\u0627\u0642 \u0644\u0630\u06cc\u0630\u0629 \u0648 \u0645\u062a\u0645\u064a\u0632\u0629! \u06cc\u0645\u0643\u0646\u0643 \u0627\u0633\u062a\u062e\u062f\u0627\u0645\u0647\u0627 \u0641\u064a \u0627\u0644\u0643\u06cc\u0634\u060c \u0627\u0644\u063a\u0631\u0627\u062a\u0627\u0646\u060c \u0627\u0644\u062d\u0644\u0648\u06cc\u0627\u062a \u0623\u0648 \u0625\u0636\u0627\u0641\u062a\u0647\u0627 \u0644\u0644\u0635\u0644\u0635\u0627\u062a...<\/p>","protected":false},"featured_media":5084,"template":"","meta":{"_monsterinsights_skip_tracking":false,"_monsterinsights_sitenote_active":false,"_monsterinsights_sitenote_note":"","_monsterinsights_sitenote_category":0},"product_cat":[135],"product_tag":[],"class_list":["post-5080","product","type-product","status-publish","has-post-thumbnail","hentry","product_cat-cremes"],"acf":[],"yoast_head":"<!-- This site is optimized with the Yoast SEO plugin v19.6.1 - https:\/\/yoast.com\/wordpress\/plugins\/seo\/ -->\n<title>Cre\u0300me Cuisine 500g - Le Berger<\/title>\n<meta name=\"robots\" content=\"index, follow, max-snippet:-1, max-image-preview:large, max-video-preview:-1\" \/>\n<link rel=\"canonical\" href=\"https:\/\/leberger.ma\/ar\/product\/creme-cuisine-500g\/\" \/>\n<meta property=\"og:locale\" content=\"ar_AR\" \/>\n<meta property=\"og:type\" content=\"article\" \/>\n<meta property=\"og:title\" content=\"Cre\u0300me Cuisine 500g - Le Berger\" \/>\n<meta property=\"og:description\" content=\"La Cr\u00e8me cuisine Le Berger est votre parfait alli\u00e9 pour des plats savoureux. En quiche, en gratin, pour vos desserts ou pour lier vos sauces, la cr\u00e8me cuisine apporte onctuosit\u00e9 et gourmandise in\u00e9dites.\" \/>\n<meta property=\"og:url\" content=\"https:\/\/leberger.ma\/ar\/product\/creme-cuisine-500g\/\" \/>\n<meta property=\"og:site_name\" content=\"Le Berger\" \/>\n<meta property=\"article:modified_time\" content=\"2022-07-24T20:49:23+00:00\" \/>\n<meta property=\"og:image\" content=\"https:\/\/leberger.ma\/wp-content\/uploads\/2022\/07\/cre\u0300me-cuisine_500g.jpg\" \/>\n\t<meta property=\"og:image:width\" content=\"1000\" \/>\n\t<meta property=\"og:image:height\" content=\"898\" \/>\n\t<meta property=\"og:image:type\" content=\"image\/jpeg\" \/>\n<meta name=\"twitter:card\" content=\"summary_large_image\" \/>\n<script type=\"application\/ld+json\" class=\"yoast-schema-graph\">{\"@context\":\"https:\/\/schema.org\",\"@graph\":[{\"@type\":\"WebPage\",\"@id\":\"https:\/\/leberger.ma\/produit\/creme-cuisine-500g\/\",\"url\":\"https:\/\/leberger.ma\/produit\/creme-cuisine-500g\/\",\"name\":\"Cre\u0300me Cuisine 500g - Le Berger\",\"isPartOf\":{\"@id\":\"https:\/\/leberger.ma\/#website\"},\"datePublished\":\"2022-07-15T02:00:52+00:00\",\"dateModified\":\"2022-07-24T20:49:23+00:00\",\"breadcrumb\":{\"@id\":\"https:\/\/leberger.ma\/produit\/creme-cuisine-500g\/#breadcrumb\"},\"inLanguage\":\"ary\",\"potentialAction\":[{\"@type\":\"ReadAction\",\"target\":[\"https:\/\/leberger.ma\/produit\/creme-cuisine-500g\/\"]}]},{\"@type\":\"BreadcrumbList\",\"@id\":\"https:\/\/leberger.ma\/produit\/creme-cuisine-500g\/#breadcrumb\",\"itemListElement\":[{\"@type\":\"ListItem\",\"position\":1,\"name\":\"Accueil\",\"item\":\"https:\/\/leberger.ma\/\"},{\"@type\":\"ListItem\",\"position\":2,\"name\":\"Produits\",\"item\":\"https:\/\/leberger.ma\/shop\/\"},{\"@type\":\"ListItem\",\"position\":3,\"name\":\"Cre\u0300me Cuisine 500g\"}]},{\"@type\":\"WebSite\",\"@id\":\"https:\/\/leberger.ma\/#website\",\"url\":\"https:\/\/leberger.ma\/\",\"name\":\"Le Berger\",\"description\":\"La Fraicheur du Naturel !\",\"publisher\":{\"@id\":\"https:\/\/leberger.ma\/#organization\"},\"potentialAction\":[{\"@type\":\"SearchAction\",\"target\":{\"@type\":\"EntryPoint\",\"urlTemplate\":\"https:\/\/leberger.ma\/?s={search_term_string}\"},\"query-input\":\"required name=search_term_string\"}],\"inLanguage\":\"ary\"},{\"@type\":\"Organization\",\"@id\":\"https:\/\/leberger.ma\/#organization\",\"name\":\"Le Berger\",\"url\":\"https:\/\/leberger.ma\/\",\"sameAs\":[],\"logo\":{\"@type\":\"ImageObject\",\"inLanguage\":\"ary\",\"@id\":\"https:\/\/leberger.ma\/#\/schema\/logo\/image\/\",\"url\":\"https:\/\/leberger.ma\/wp-content\/uploads\/2022\/05\/Artboard-5-copy222.png\",\"contentUrl\":\"https:\/\/leberger.ma\/wp-content\/uploads\/2022\/05\/Artboard-5-copy222.png\",\"width\":2236,\"height\":1425,\"caption\":\"Le Berger\"},\"image\":{\"@id\":\"https:\/\/leberger.ma\/#\/schema\/logo\/image\/\"}}]}<\/script>\n<!-- \/ Yoast SEO plugin. -->","yoast_head_json":{"title":"Cre\u0300me Cuisine 500g - Le Berger","robots":{"index":"index","follow":"follow","max-snippet":"max-snippet:-1","max-image-preview":"max-image-preview:large","max-video-preview":"max-video-preview:-1"},"canonical":"https:\/\/leberger.ma\/ar\/product\/creme-cuisine-500g\/","og_locale":"ar_AR","og_type":"article","og_title":"Cre\u0300me Cuisine 500g - Le Berger","og_description":"La Cr\u00e8me cuisine Le Berger est votre parfait alli\u00e9 pour des plats savoureux. En quiche, en gratin, pour vos desserts ou pour lier vos sauces, la cr\u00e8me cuisine apporte onctuosit\u00e9 et gourmandise in\u00e9dites.","og_url":"https:\/\/leberger.ma\/ar\/product\/creme-cuisine-500g\/","og_site_name":"Le Berger","article_modified_time":"2022-07-24T20:49:23+00:00","og_image":[{"width":1000,"height":898,"url":"https:\/\/leberger.ma\/wp-content\/uploads\/2022\/07\/cre\u0300me-cuisine_500g.jpg","type":"image\/jpeg"}],"twitter_card":"summary_large_image","schema":{"@context":"https:\/\/schema.org","@graph":[{"@type":"WebPage","@id":"https:\/\/leberger.ma\/produit\/creme-cuisine-500g\/","url":"https:\/\/leberger.ma\/produit\/creme-cuisine-500g\/","name":"Cre\u0300me Cuisine 500g - Le Berger","isPartOf":{"@id":"https:\/\/leberger.ma\/#website"},"datePublished":"2022-07-15T02:00:52+00:00","dateModified":"2022-07-24T20:49:23+00:00","breadcrumb":{"@id":"https:\/\/leberger.ma\/produit\/creme-cuisine-500g\/#breadcrumb"},"inLanguage":"ary","potentialAction":[{"@type":"ReadAction","target":["https:\/\/leberger.ma\/produit\/creme-cuisine-500g\/"]}]},{"@type":"BreadcrumbList","@id":"https:\/\/leberger.ma\/produit\/creme-cuisine-500g\/#breadcrumb","itemListElement":[{"@type":"ListItem","position":1,"name":"Accueil","item":"https:\/\/leberger.ma\/"},{"@type":"ListItem","position":2,"name":"Produits","item":"https:\/\/leberger.ma\/shop\/"},{"@type":"ListItem","position":3,"name":"Cre\u0300me Cuisine 500g"}]},{"@type":"WebSite","@id":"https:\/\/leberger.ma\/#website","url":"https:\/\/leberger.ma\/","name":"Le Berger","description":"La Fraicheur du Naturel !","publisher":{"@id":"https:\/\/leberger.ma\/#organization"},"potentialAction":[{"@type":"SearchAction","target":{"@type":"EntryPoint","urlTemplate":"https:\/\/leberger.ma\/?s={search_term_string}"},"query-input":"required name=search_term_string"}],"inLanguage":"ary"},{"@type":"Organization","@id":"https:\/\/leberger.ma\/#organization","name":"Le Berger","url":"https:\/\/leberger.ma\/","sameAs":[],"logo":{"@type":"ImageObject","inLanguage":"ary","@id":"https:\/\/leberger.ma\/#\/schema\/logo\/image\/","url":"https:\/\/leberger.ma\/wp-content\/uploads\/2022\/05\/Artboard-5-copy222.png","contentUrl":"https:\/\/leberger.ma\/wp-content\/uploads\/2022\/05\/Artboard-5-copy222.png","width":2236,"height":1425,"caption":"Le Berger"},"image":{"@id":"https:\/\/leberger.ma\/#\/schema\/logo\/image\/"}}]}},"_links":{"self":[{"href":"https:\/\/leberger.ma\/ar\/wp-json\/wp\/v2\/product\/5080","targetHints":{"allow":["GET"]}}],"collection":[{"href":"https:\/\/leberger.ma\/ar\/wp-json\/wp\/v2\/product"}],"about":[{"href":"https:\/\/leberger.ma\/ar\/wp-json\/wp\/v2\/types\/product"}],"version-history":[{"count":3,"href":"https:\/\/leberger.ma\/ar\/wp-json\/wp\/v2\/product\/5080\/revisions"}],"predecessor-version":[{"id":5752,"href":"https:\/\/leberger.ma\/ar\/wp-json\/wp\/v2\/product\/5080\/revisions\/5752"}],"wp:featuredmedia":[{"embeddable":true,"href":"https:\/\/leberger.ma\/ar\/wp-json\/wp\/v2\/media\/5084"}],"wp:attachment":[{"href":"https:\/\/leberger.ma\/ar\/wp-json\/wp\/v2\/media?parent=5080"}],"wp:term":[{"taxonomy":"product_cat","embeddable":true,"href":"https:\/\/leberger.ma\/ar\/wp-json\/wp\/v2\/product_cat?post=5080"},{"taxonomy":"product_tag","embeddable":true,"href":"https:\/\/leberger.ma\/ar\/wp-json\/wp\/v2\/product_tag?post=5080"}],"curies":[{"name":"wp","href":"https:\/\/api.w.org\/{rel}","templated":true}]}}