{"id":4971,"date":"2022-07-15T03:05:54","date_gmt":"2022-07-15T01:05:54","guid":{"rendered":"https:\/\/finetty.com\/?post_type=product&#038;p=4971"},"modified":"2022-07-29T00:50:57","modified_gmt":"2022-07-28T22:50:57","slug":"4-fromages-rappe","status":"publish","type":"product","link":"https:\/\/leberger.ma\/ar\/product\/4-fromages-rappe\/","title":{"rendered":"4 \u0623\u062c\u0628\u0627\u0646 \u0645\u0628\u0634\u0648\u0631\u0629 150 \u063a"},"content":{"rendered":"","protected":false},"excerpt":{"rendered":"<p>Laissez-vous emporter par la combinaison des 4 fromages les plus savoureux : La mozzarella avec sa texture fondante et extra filante, l&#8217;Edam pour son go\u00fbt particuli\u00e8rement prononc\u00e9, le Pyr\u00e9n\u00e9es avec sa subtile note acidul\u00e9e &amp; la Feta pour son go\u00fbt intense. Un vrai voyage dans vos assiettes&#8230;<\/p>","protected":false},"featured_media":4972,"template":"","meta":{"_monsterinsights_skip_tracking":false,"_monsterinsights_sitenote_active":false,"_monsterinsights_sitenote_note":"","_monsterinsights_sitenote_category":0},"product_cat":[133],"product_tag":[],"class_list":["post-4971","product","type-product","status-publish","has-post-thumbnail","hentry","product_cat-fromages-affines"],"acf":[],"yoast_head":"<!-- This site is optimized with the Yoast SEO plugin v19.6.1 - https:\/\/yoast.com\/wordpress\/plugins\/seo\/ -->\n<title>4 Fromages R\u00e2pe\u0301s 150 G - Le Berger<\/title>\n<meta name=\"robots\" content=\"index, follow, max-snippet:-1, max-image-preview:large, max-video-preview:-1\" \/>\n<link rel=\"canonical\" href=\"https:\/\/leberger.ma\/ar\/product\/4-fromages-rappe\/\" \/>\n<meta property=\"og:locale\" content=\"ar_AR\" \/>\n<meta property=\"og:type\" content=\"article\" \/>\n<meta property=\"og:title\" content=\"4 Fromages R\u00e2pe\u0301s 150 G - Le Berger\" \/>\n<meta property=\"og:description\" content=\"Laissez-vous emporter par la combinaison des 4 fromages les plus savoureux : La mozzarella avec sa texture fondante et extra filante, l&#039;Edam pour son go\u00fbt particuli\u00e8rement prononc\u00e9, le Pyr\u00e9n\u00e9es avec sa subtile note acidul\u00e9e &amp; la Feta pour son go\u00fbt intense. Un vrai voyage dans vos assiettes...\" \/>\n<meta property=\"og:url\" content=\"https:\/\/leberger.ma\/ar\/product\/4-fromages-rappe\/\" \/>\n<meta property=\"og:site_name\" content=\"Le Berger\" \/>\n<meta property=\"article:modified_time\" content=\"2022-07-28T22:50:57+00:00\" \/>\n<meta property=\"og:image\" content=\"https:\/\/leberger.ma\/wp-content\/uploads\/2022\/07\/4-fromages-rappe\u0301.jpg\" \/>\n\t<meta property=\"og:image:width\" content=\"1000\" \/>\n\t<meta property=\"og:image:height\" content=\"898\" \/>\n\t<meta property=\"og:image:type\" content=\"image\/jpeg\" \/>\n<meta name=\"twitter:card\" content=\"summary_large_image\" \/>\n<script type=\"application\/ld+json\" class=\"yoast-schema-graph\">{\"@context\":\"https:\/\/schema.org\",\"@graph\":[{\"@type\":\"WebPage\",\"@id\":\"https:\/\/leberger.ma\/produit\/4-fromages-rappe\/\",\"url\":\"https:\/\/leberger.ma\/produit\/4-fromages-rappe\/\",\"name\":\"4 Fromages R\u00e2pe\u0301s 150 G - Le Berger\",\"isPartOf\":{\"@id\":\"https:\/\/leberger.ma\/#website\"},\"datePublished\":\"2022-07-15T01:05:54+00:00\",\"dateModified\":\"2022-07-28T22:50:57+00:00\",\"breadcrumb\":{\"@id\":\"https:\/\/leberger.ma\/produit\/4-fromages-rappe\/#breadcrumb\"},\"inLanguage\":\"ary\",\"potentialAction\":[{\"@type\":\"ReadAction\",\"target\":[\"https:\/\/leberger.ma\/produit\/4-fromages-rappe\/\"]}]},{\"@type\":\"BreadcrumbList\",\"@id\":\"https:\/\/leberger.ma\/produit\/4-fromages-rappe\/#breadcrumb\",\"itemListElement\":[{\"@type\":\"ListItem\",\"position\":1,\"name\":\"Accueil\",\"item\":\"https:\/\/leberger.ma\/\"},{\"@type\":\"ListItem\",\"position\":2,\"name\":\"Produits\",\"item\":\"https:\/\/leberger.ma\/shop\/\"},{\"@type\":\"ListItem\",\"position\":3,\"name\":\"4 Fromages R\u00e2pe\u0301s 150 G\"}]},{\"@type\":\"WebSite\",\"@id\":\"https:\/\/leberger.ma\/#website\",\"url\":\"https:\/\/leberger.ma\/\",\"name\":\"Le Berger\",\"description\":\"La Fraicheur du Naturel !\",\"publisher\":{\"@id\":\"https:\/\/leberger.ma\/#organization\"},\"potentialAction\":[{\"@type\":\"SearchAction\",\"target\":{\"@type\":\"EntryPoint\",\"urlTemplate\":\"https:\/\/leberger.ma\/?s={search_term_string}\"},\"query-input\":\"required name=search_term_string\"}],\"inLanguage\":\"ary\"},{\"@type\":\"Organization\",\"@id\":\"https:\/\/leberger.ma\/#organization\",\"name\":\"Le Berger\",\"url\":\"https:\/\/leberger.ma\/\",\"sameAs\":[],\"logo\":{\"@type\":\"ImageObject\",\"inLanguage\":\"ary\",\"@id\":\"https:\/\/leberger.ma\/#\/schema\/logo\/image\/\",\"url\":\"https:\/\/leberger.ma\/wp-content\/uploads\/2022\/05\/Artboard-5-copy222.png\",\"contentUrl\":\"https:\/\/leberger.ma\/wp-content\/uploads\/2022\/05\/Artboard-5-copy222.png\",\"width\":2236,\"height\":1425,\"caption\":\"Le Berger\"},\"image\":{\"@id\":\"https:\/\/leberger.ma\/#\/schema\/logo\/image\/\"}}]}<\/script>\n<!-- \/ Yoast SEO plugin. -->","yoast_head_json":{"title":"4 Fromages R\u00e2pe\u0301s 150 G - Le Berger","robots":{"index":"index","follow":"follow","max-snippet":"max-snippet:-1","max-image-preview":"max-image-preview:large","max-video-preview":"max-video-preview:-1"},"canonical":"https:\/\/leberger.ma\/ar\/product\/4-fromages-rappe\/","og_locale":"ar_AR","og_type":"article","og_title":"4 Fromages R\u00e2pe\u0301s 150 G - Le Berger","og_description":"Laissez-vous emporter par la combinaison des 4 fromages les plus savoureux : La mozzarella avec sa texture fondante et extra filante, l'Edam pour son go\u00fbt particuli\u00e8rement prononc\u00e9, le Pyr\u00e9n\u00e9es avec sa subtile note acidul\u00e9e &amp; la Feta pour son go\u00fbt intense. Un vrai voyage dans vos assiettes...","og_url":"https:\/\/leberger.ma\/ar\/product\/4-fromages-rappe\/","og_site_name":"Le Berger","article_modified_time":"2022-07-28T22:50:57+00:00","og_image":[{"width":1000,"height":898,"url":"https:\/\/leberger.ma\/wp-content\/uploads\/2022\/07\/4-fromages-rappe\u0301.jpg","type":"image\/jpeg"}],"twitter_card":"summary_large_image","schema":{"@context":"https:\/\/schema.org","@graph":[{"@type":"WebPage","@id":"https:\/\/leberger.ma\/produit\/4-fromages-rappe\/","url":"https:\/\/leberger.ma\/produit\/4-fromages-rappe\/","name":"4 Fromages R\u00e2pe\u0301s 150 G - Le Berger","isPartOf":{"@id":"https:\/\/leberger.ma\/#website"},"datePublished":"2022-07-15T01:05:54+00:00","dateModified":"2022-07-28T22:50:57+00:00","breadcrumb":{"@id":"https:\/\/leberger.ma\/produit\/4-fromages-rappe\/#breadcrumb"},"inLanguage":"ary","potentialAction":[{"@type":"ReadAction","target":["https:\/\/leberger.ma\/produit\/4-fromages-rappe\/"]}]},{"@type":"BreadcrumbList","@id":"https:\/\/leberger.ma\/produit\/4-fromages-rappe\/#breadcrumb","itemListElement":[{"@type":"ListItem","position":1,"name":"Accueil","item":"https:\/\/leberger.ma\/"},{"@type":"ListItem","position":2,"name":"Produits","item":"https:\/\/leberger.ma\/shop\/"},{"@type":"ListItem","position":3,"name":"4 Fromages R\u00e2pe\u0301s 150 G"}]},{"@type":"WebSite","@id":"https:\/\/leberger.ma\/#website","url":"https:\/\/leberger.ma\/","name":"Le Berger","description":"La Fraicheur du Naturel !","publisher":{"@id":"https:\/\/leberger.ma\/#organization"},"potentialAction":[{"@type":"SearchAction","target":{"@type":"EntryPoint","urlTemplate":"https:\/\/leberger.ma\/?s={search_term_string}"},"query-input":"required name=search_term_string"}],"inLanguage":"ary"},{"@type":"Organization","@id":"https:\/\/leberger.ma\/#organization","name":"Le Berger","url":"https:\/\/leberger.ma\/","sameAs":[],"logo":{"@type":"ImageObject","inLanguage":"ary","@id":"https:\/\/leberger.ma\/#\/schema\/logo\/image\/","url":"https:\/\/leberger.ma\/wp-content\/uploads\/2022\/05\/Artboard-5-copy222.png","contentUrl":"https:\/\/leberger.ma\/wp-content\/uploads\/2022\/05\/Artboard-5-copy222.png","width":2236,"height":1425,"caption":"Le Berger"},"image":{"@id":"https:\/\/leberger.ma\/#\/schema\/logo\/image\/"}}]}},"_links":{"self":[{"href":"https:\/\/leberger.ma\/ar\/wp-json\/wp\/v2\/product\/4971","targetHints":{"allow":["GET"]}}],"collection":[{"href":"https:\/\/leberger.ma\/ar\/wp-json\/wp\/v2\/product"}],"about":[{"href":"https:\/\/leberger.ma\/ar\/wp-json\/wp\/v2\/types\/product"}],"version-history":[{"count":12,"href":"https:\/\/leberger.ma\/ar\/wp-json\/wp\/v2\/product\/4971\/revisions"}],"predecessor-version":[{"id":6101,"href":"https:\/\/leberger.ma\/ar\/wp-json\/wp\/v2\/product\/4971\/revisions\/6101"}],"wp:featuredmedia":[{"embeddable":true,"href":"https:\/\/leberger.ma\/ar\/wp-json\/wp\/v2\/media\/4972"}],"wp:attachment":[{"href":"https:\/\/leberger.ma\/ar\/wp-json\/wp\/v2\/media?parent=4971"}],"wp:term":[{"taxonomy":"product_cat","embeddable":true,"href":"https:\/\/leberger.ma\/ar\/wp-json\/wp\/v2\/product_cat?post=4971"},{"taxonomy":"product_tag","embeddable":true,"href":"https:\/\/leberger.ma\/ar\/wp-json\/wp\/v2\/product_tag?post=4971"}],"curies":[{"name":"wp","href":"https:\/\/api.w.org\/{rel}","templated":true}]}}