{"id":2934,"date":"2022-06-26T19:24:35","date_gmt":"2022-06-26T17:24:35","guid":{"rendered":"https:\/\/finetty.com\/?post_type=product&#038;p=2934"},"modified":"2024-12-18T22:02:22","modified_gmt":"2024-12-18T21:02:22","slug":"beurre-allege-250g","status":"publish","type":"product","link":"https:\/\/leberger.ma\/ar\/product\/beurre-allege-250g\/","title":{"rendered":"\u0632\u0628\u062f\u0629 \u0627\u0644\u062d\u0644\u06cc\u0628 \u0645\u062e\u0641\u0641\u0629 250 \u063a"},"content":{"rendered":"","protected":false},"excerpt":{"rendered":"<p>\u0632\u0628\u062f\u0629 \u0627\u0644\u0631\u0627\u0639\u064a \u0627\u0644\u0645\u062e\u0641\u0641\u0629 \u0645\u062b\u0627\u0644\u064a\u0629 \u0644\u0645\u0631\u0627\u0641\u0642\u0629 \u0641\u0637\u0627\u0626\u0631\u0643\u0645! \u0645\u0635\u0646\u0648\u0639\u0629 \u0645\u0646 \u062d\u0644\u064a\u0628 100% \u0637\u0628\u064a\u0639\u064a \u0644\u0636\u0645\u0627\u0646 \u0637\u0631\u0627\u0648\u0629 \u0648 \u0644\u0630\u0629 \u0644\u0627 \u062a\u0642\u0627\u0648\u0645!<\/p>","protected":false},"featured_media":8043,"template":"","meta":{"_monsterinsights_skip_tracking":false,"_monsterinsights_sitenote_active":false,"_monsterinsights_sitenote_note":"","_monsterinsights_sitenote_category":0},"product_cat":[134],"product_tag":[],"class_list":["post-2934","product","type-product","status-publish","has-post-thumbnail","hentry","product_cat-beurres"],"acf":[],"yoast_head":"<!-- This site is optimized with the Yoast SEO plugin v19.6.1 - https:\/\/yoast.com\/wordpress\/plugins\/seo\/ -->\n<title>Beurre All\u00e9g\u00e9 250G - Le Berger<\/title>\n<meta name=\"robots\" content=\"index, follow, max-snippet:-1, max-image-preview:large, max-video-preview:-1\" \/>\n<link rel=\"canonical\" href=\"https:\/\/leberger.ma\/ar\/product\/beurre-allege-250g\/\" \/>\n<meta property=\"og:locale\" content=\"ar_AR\" \/>\n<meta property=\"og:type\" content=\"article\" \/>\n<meta property=\"og:title\" content=\"Beurre All\u00e9g\u00e9 250G - Le Berger\" \/>\n<meta property=\"og:description\" content=\"Fan du beurre Beldi, le beurre all\u00e9g\u00e9 Le Berger est pour vous ! son go\u00fbt particuli\u00e8rement savoureux et sa texture tendre raviront les amateurs des tartines.\" \/>\n<meta property=\"og:url\" content=\"https:\/\/leberger.ma\/ar\/product\/beurre-allege-250g\/\" \/>\n<meta property=\"og:site_name\" content=\"Le Berger\" \/>\n<meta property=\"article:modified_time\" content=\"2024-12-18T21:02:22+00:00\" \/>\n<meta property=\"og:image\" content=\"https:\/\/leberger.ma\/wp-content\/uploads\/2022\/06\/Beurre-le-berger-250g-vert-min.png\" \/>\n\t<meta property=\"og:image:width\" content=\"1000\" \/>\n\t<meta property=\"og:image:height\" content=\"898\" \/>\n\t<meta property=\"og:image:type\" content=\"image\/png\" \/>\n<meta name=\"twitter:card\" content=\"summary_large_image\" \/>\n<script type=\"application\/ld+json\" class=\"yoast-schema-graph\">{\"@context\":\"https:\/\/schema.org\",\"@graph\":[{\"@type\":\"WebPage\",\"@id\":\"https:\/\/leberger.ma\/produit\/beurre-allege-250g\/\",\"url\":\"https:\/\/leberger.ma\/produit\/beurre-allege-250g\/\",\"name\":\"Beurre All\u00e9g\u00e9 250G - Le Berger\",\"isPartOf\":{\"@id\":\"https:\/\/leberger.ma\/#website\"},\"datePublished\":\"2022-06-26T17:24:35+00:00\",\"dateModified\":\"2024-12-18T21:02:22+00:00\",\"breadcrumb\":{\"@id\":\"https:\/\/leberger.ma\/produit\/beurre-allege-250g\/#breadcrumb\"},\"inLanguage\":\"ary\",\"potentialAction\":[{\"@type\":\"ReadAction\",\"target\":[\"https:\/\/leberger.ma\/produit\/beurre-allege-250g\/\"]}]},{\"@type\":\"BreadcrumbList\",\"@id\":\"https:\/\/leberger.ma\/produit\/beurre-allege-250g\/#breadcrumb\",\"itemListElement\":[{\"@type\":\"ListItem\",\"position\":1,\"name\":\"Accueil\",\"item\":\"https:\/\/leberger.ma\/\"},{\"@type\":\"ListItem\",\"position\":2,\"name\":\"Produits\",\"item\":\"https:\/\/leberger.ma\/shop\/\"},{\"@type\":\"ListItem\",\"position\":3,\"name\":\"Beurre All\u00e9g\u00e9 250G\"}]},{\"@type\":\"WebSite\",\"@id\":\"https:\/\/leberger.ma\/#website\",\"url\":\"https:\/\/leberger.ma\/\",\"name\":\"Le Berger\",\"description\":\"La Fraicheur du Naturel !\",\"publisher\":{\"@id\":\"https:\/\/leberger.ma\/#organization\"},\"potentialAction\":[{\"@type\":\"SearchAction\",\"target\":{\"@type\":\"EntryPoint\",\"urlTemplate\":\"https:\/\/leberger.ma\/?s={search_term_string}\"},\"query-input\":\"required name=search_term_string\"}],\"inLanguage\":\"ary\"},{\"@type\":\"Organization\",\"@id\":\"https:\/\/leberger.ma\/#organization\",\"name\":\"Le Berger\",\"url\":\"https:\/\/leberger.ma\/\",\"sameAs\":[],\"logo\":{\"@type\":\"ImageObject\",\"inLanguage\":\"ary\",\"@id\":\"https:\/\/leberger.ma\/#\/schema\/logo\/image\/\",\"url\":\"https:\/\/leberger.ma\/wp-content\/uploads\/2022\/05\/Artboard-5-copy222.png\",\"contentUrl\":\"https:\/\/leberger.ma\/wp-content\/uploads\/2022\/05\/Artboard-5-copy222.png\",\"width\":2236,\"height\":1425,\"caption\":\"Le Berger\"},\"image\":{\"@id\":\"https:\/\/leberger.ma\/#\/schema\/logo\/image\/\"}}]}<\/script>\n<!-- \/ Yoast SEO plugin. -->","yoast_head_json":{"title":"Beurre All\u00e9g\u00e9 250G - Le Berger","robots":{"index":"index","follow":"follow","max-snippet":"max-snippet:-1","max-image-preview":"max-image-preview:large","max-video-preview":"max-video-preview:-1"},"canonical":"https:\/\/leberger.ma\/ar\/product\/beurre-allege-250g\/","og_locale":"ar_AR","og_type":"article","og_title":"Beurre All\u00e9g\u00e9 250G - Le Berger","og_description":"Fan du beurre Beldi, le beurre all\u00e9g\u00e9 Le Berger est pour vous ! son go\u00fbt particuli\u00e8rement savoureux et sa texture tendre raviront les amateurs des tartines.","og_url":"https:\/\/leberger.ma\/ar\/product\/beurre-allege-250g\/","og_site_name":"Le Berger","article_modified_time":"2024-12-18T21:02:22+00:00","og_image":[{"width":1000,"height":898,"url":"https:\/\/leberger.ma\/wp-content\/uploads\/2022\/06\/Beurre-le-berger-250g-vert-min.png","type":"image\/png"}],"twitter_card":"summary_large_image","schema":{"@context":"https:\/\/schema.org","@graph":[{"@type":"WebPage","@id":"https:\/\/leberger.ma\/produit\/beurre-allege-250g\/","url":"https:\/\/leberger.ma\/produit\/beurre-allege-250g\/","name":"Beurre All\u00e9g\u00e9 250G - Le Berger","isPartOf":{"@id":"https:\/\/leberger.ma\/#website"},"datePublished":"2022-06-26T17:24:35+00:00","dateModified":"2024-12-18T21:02:22+00:00","breadcrumb":{"@id":"https:\/\/leberger.ma\/produit\/beurre-allege-250g\/#breadcrumb"},"inLanguage":"ary","potentialAction":[{"@type":"ReadAction","target":["https:\/\/leberger.ma\/produit\/beurre-allege-250g\/"]}]},{"@type":"BreadcrumbList","@id":"https:\/\/leberger.ma\/produit\/beurre-allege-250g\/#breadcrumb","itemListElement":[{"@type":"ListItem","position":1,"name":"Accueil","item":"https:\/\/leberger.ma\/"},{"@type":"ListItem","position":2,"name":"Produits","item":"https:\/\/leberger.ma\/shop\/"},{"@type":"ListItem","position":3,"name":"Beurre All\u00e9g\u00e9 250G"}]},{"@type":"WebSite","@id":"https:\/\/leberger.ma\/#website","url":"https:\/\/leberger.ma\/","name":"Le Berger","description":"La Fraicheur du Naturel !","publisher":{"@id":"https:\/\/leberger.ma\/#organization"},"potentialAction":[{"@type":"SearchAction","target":{"@type":"EntryPoint","urlTemplate":"https:\/\/leberger.ma\/?s={search_term_string}"},"query-input":"required name=search_term_string"}],"inLanguage":"ary"},{"@type":"Organization","@id":"https:\/\/leberger.ma\/#organization","name":"Le Berger","url":"https:\/\/leberger.ma\/","sameAs":[],"logo":{"@type":"ImageObject","inLanguage":"ary","@id":"https:\/\/leberger.ma\/#\/schema\/logo\/image\/","url":"https:\/\/leberger.ma\/wp-content\/uploads\/2022\/05\/Artboard-5-copy222.png","contentUrl":"https:\/\/leberger.ma\/wp-content\/uploads\/2022\/05\/Artboard-5-copy222.png","width":2236,"height":1425,"caption":"Le Berger"},"image":{"@id":"https:\/\/leberger.ma\/#\/schema\/logo\/image\/"}}]}},"_links":{"self":[{"href":"https:\/\/leberger.ma\/ar\/wp-json\/wp\/v2\/product\/2934","targetHints":{"allow":["GET"]}}],"collection":[{"href":"https:\/\/leberger.ma\/ar\/wp-json\/wp\/v2\/product"}],"about":[{"href":"https:\/\/leberger.ma\/ar\/wp-json\/wp\/v2\/types\/product"}],"version-history":[{"count":4,"href":"https:\/\/leberger.ma\/ar\/wp-json\/wp\/v2\/product\/2934\/revisions"}],"predecessor-version":[{"id":5748,"href":"https:\/\/leberger.ma\/ar\/wp-json\/wp\/v2\/product\/2934\/revisions\/5748"}],"wp:featuredmedia":[{"embeddable":true,"href":"https:\/\/leberger.ma\/ar\/wp-json\/wp\/v2\/media\/8043"}],"wp:attachment":[{"href":"https:\/\/leberger.ma\/ar\/wp-json\/wp\/v2\/media?parent=2934"}],"wp:term":[{"taxonomy":"product_cat","embeddable":true,"href":"https:\/\/leberger.ma\/ar\/wp-json\/wp\/v2\/product_cat?post=2934"},{"taxonomy":"product_tag","embeddable":true,"href":"https:\/\/leberger.ma\/ar\/wp-json\/wp\/v2\/product_tag?post=2934"}],"curies":[{"name":"wp","href":"https:\/\/api.w.org\/{rel}","templated":true}]}}