{"id":2485,"date":"2022-06-25T18:07:51","date_gmt":"2022-06-25T16:07:51","guid":{"rendered":"https:\/\/finetty.com\/?post_type=product&#038;p=2485"},"modified":"2025-04-25T13:13:42","modified_gmt":"2025-04-25T11:13:42","slug":"mozzarella-boule-100-g","status":"publish","type":"product","link":"https:\/\/leberger.ma\/ar\/product\/mozzarella-boule-100-g\/","title":{"rendered":"\u0643\u0631\u0629 \u0627\u0644\u0645\u0648\u062a\u0632\u0627\u0631\u06cc\u0644\u0627 100 \u063a"},"content":{"rendered":"","protected":false},"excerpt":{"rendered":"<p>\u0645\u0633\u062a\u0648\u062d\u0627\u0629 \u0645\u0646 \u0627\u0644\u062a\u0642\u0627\u0644\u06cc\u062f \u0627\u0644\u0625\u06cc\u0637\u0627\u0644\u06cc\u0629 \u0648 \u0645\u0635\u0646\u0648\u0639\u0629 \u0645\u0646 \u062d\u0644\u064a\u0628 100% \u0637\u0628\u064a\u0639\u064a! \u0628\u0641\u0636\u0644 \u0642\u0648\u0627\u0645\u0647\u0627 \u0627\u0644\u0637\u0631\u064a \u0648 \u0637\u0639\u0645\u0647\u0627 \u0627\u0644\u0644\u0630\u064a\u0630\u060c \u0633\u062a\u0636\u0641\u064a \u0643\u0631\u0627\u062a \u0627\u0644\u0645\u0648\u062a\u0632\u0627\u0631\u06cc\u0644\u0627 \u0644\u0645\u0633\u0629 \u0627\u0646\u062a\u0639\u0627\u0634 \u0648 \u0637\u0639\u0645 \u0641\u0631\u06cc\u062f \u0639\u0644\u0649 \u0623\u0637\u0628\u0627\u0642\u0643\u0645.<\/p>","protected":false},"featured_media":8089,"template":"","meta":{"_monsterinsights_skip_tracking":false,"_monsterinsights_sitenote_active":false,"_monsterinsights_sitenote_note":"","_monsterinsights_sitenote_category":0},"product_cat":[130],"product_tag":[],"class_list":["post-2485","product","type-product","status-publish","has-post-thumbnail","hentry","product_cat-mozzarelle"],"acf":[],"yoast_head":"<!-- This site is optimized with the Yoast SEO plugin v19.6.1 - https:\/\/yoast.com\/wordpress\/plugins\/seo\/ -->\n<title>Mozzarella Boule 100 G - Le Berger<\/title>\n<meta name=\"robots\" content=\"index, follow, max-snippet:-1, max-image-preview:large, max-video-preview:-1\" \/>\n<link rel=\"canonical\" href=\"https:\/\/leberger.ma\/ar\/product\/mozzarella-boule-100-g\/\" \/>\n<meta property=\"og:locale\" content=\"ar_AR\" \/>\n<meta property=\"og:type\" content=\"article\" \/>\n<meta property=\"og:title\" content=\"Mozzarella Boule 100 G - Le Berger\" \/>\n<meta property=\"og:description\" content=\"Issue de la tradition Italienne, la Mozzarella Boule \u00e0 la texture extra fondante et go\u00fbt unique apporte fra\u00eecheur et gourmandise \u00e0 vos plats.\" \/>\n<meta property=\"og:url\" content=\"https:\/\/leberger.ma\/ar\/product\/mozzarella-boule-100-g\/\" \/>\n<meta property=\"og:site_name\" content=\"Le Berger\" \/>\n<meta property=\"article:modified_time\" content=\"2025-04-25T11:13:42+00:00\" \/>\n<meta property=\"og:image\" content=\"https:\/\/leberger.ma\/wp-content\/uploads\/2022\/06\/MOZZARELLA-BOULE-100G-le-berger-min.png\" \/>\n\t<meta property=\"og:image:width\" content=\"1000\" \/>\n\t<meta property=\"og:image:height\" content=\"898\" \/>\n\t<meta property=\"og:image:type\" content=\"image\/png\" \/>\n<meta name=\"twitter:card\" content=\"summary_large_image\" \/>\n<script type=\"application\/ld+json\" class=\"yoast-schema-graph\">{\"@context\":\"https:\/\/schema.org\",\"@graph\":[{\"@type\":\"WebPage\",\"@id\":\"https:\/\/leberger.ma\/produit\/mozzarella-boule-100-g\/\",\"url\":\"https:\/\/leberger.ma\/produit\/mozzarella-boule-100-g\/\",\"name\":\"Mozzarella Boule 100 G - Le Berger\",\"isPartOf\":{\"@id\":\"https:\/\/leberger.ma\/#website\"},\"datePublished\":\"2022-06-25T16:07:51+00:00\",\"dateModified\":\"2025-04-25T11:13:42+00:00\",\"breadcrumb\":{\"@id\":\"https:\/\/leberger.ma\/produit\/mozzarella-boule-100-g\/#breadcrumb\"},\"inLanguage\":\"ary\",\"potentialAction\":[{\"@type\":\"ReadAction\",\"target\":[\"https:\/\/leberger.ma\/produit\/mozzarella-boule-100-g\/\"]}]},{\"@type\":\"BreadcrumbList\",\"@id\":\"https:\/\/leberger.ma\/produit\/mozzarella-boule-100-g\/#breadcrumb\",\"itemListElement\":[{\"@type\":\"ListItem\",\"position\":1,\"name\":\"Accueil\",\"item\":\"https:\/\/leberger.ma\/\"},{\"@type\":\"ListItem\",\"position\":2,\"name\":\"Produits\",\"item\":\"https:\/\/leberger.ma\/shop\/\"},{\"@type\":\"ListItem\",\"position\":3,\"name\":\"Mozzarella Boule 100 G\"}]},{\"@type\":\"WebSite\",\"@id\":\"https:\/\/leberger.ma\/#website\",\"url\":\"https:\/\/leberger.ma\/\",\"name\":\"Le Berger\",\"description\":\"La Fraicheur du Naturel !\",\"publisher\":{\"@id\":\"https:\/\/leberger.ma\/#organization\"},\"potentialAction\":[{\"@type\":\"SearchAction\",\"target\":{\"@type\":\"EntryPoint\",\"urlTemplate\":\"https:\/\/leberger.ma\/?s={search_term_string}\"},\"query-input\":\"required name=search_term_string\"}],\"inLanguage\":\"ary\"},{\"@type\":\"Organization\",\"@id\":\"https:\/\/leberger.ma\/#organization\",\"name\":\"Le Berger\",\"url\":\"https:\/\/leberger.ma\/\",\"sameAs\":[],\"logo\":{\"@type\":\"ImageObject\",\"inLanguage\":\"ary\",\"@id\":\"https:\/\/leberger.ma\/#\/schema\/logo\/image\/\",\"url\":\"https:\/\/leberger.ma\/wp-content\/uploads\/2022\/05\/Artboard-5-copy222.png\",\"contentUrl\":\"https:\/\/leberger.ma\/wp-content\/uploads\/2022\/05\/Artboard-5-copy222.png\",\"width\":2236,\"height\":1425,\"caption\":\"Le Berger\"},\"image\":{\"@id\":\"https:\/\/leberger.ma\/#\/schema\/logo\/image\/\"}}]}<\/script>\n<!-- \/ Yoast SEO plugin. -->","yoast_head_json":{"title":"Mozzarella Boule 100 G - Le Berger","robots":{"index":"index","follow":"follow","max-snippet":"max-snippet:-1","max-image-preview":"max-image-preview:large","max-video-preview":"max-video-preview:-1"},"canonical":"https:\/\/leberger.ma\/ar\/product\/mozzarella-boule-100-g\/","og_locale":"ar_AR","og_type":"article","og_title":"Mozzarella Boule 100 G - Le Berger","og_description":"Issue de la tradition Italienne, la Mozzarella Boule \u00e0 la texture extra fondante et go\u00fbt unique apporte fra\u00eecheur et gourmandise \u00e0 vos plats.","og_url":"https:\/\/leberger.ma\/ar\/product\/mozzarella-boule-100-g\/","og_site_name":"Le Berger","article_modified_time":"2025-04-25T11:13:42+00:00","og_image":[{"width":1000,"height":898,"url":"https:\/\/leberger.ma\/wp-content\/uploads\/2022\/06\/MOZZARELLA-BOULE-100G-le-berger-min.png","type":"image\/png"}],"twitter_card":"summary_large_image","schema":{"@context":"https:\/\/schema.org","@graph":[{"@type":"WebPage","@id":"https:\/\/leberger.ma\/produit\/mozzarella-boule-100-g\/","url":"https:\/\/leberger.ma\/produit\/mozzarella-boule-100-g\/","name":"Mozzarella Boule 100 G - Le Berger","isPartOf":{"@id":"https:\/\/leberger.ma\/#website"},"datePublished":"2022-06-25T16:07:51+00:00","dateModified":"2025-04-25T11:13:42+00:00","breadcrumb":{"@id":"https:\/\/leberger.ma\/produit\/mozzarella-boule-100-g\/#breadcrumb"},"inLanguage":"ary","potentialAction":[{"@type":"ReadAction","target":["https:\/\/leberger.ma\/produit\/mozzarella-boule-100-g\/"]}]},{"@type":"BreadcrumbList","@id":"https:\/\/leberger.ma\/produit\/mozzarella-boule-100-g\/#breadcrumb","itemListElement":[{"@type":"ListItem","position":1,"name":"Accueil","item":"https:\/\/leberger.ma\/"},{"@type":"ListItem","position":2,"name":"Produits","item":"https:\/\/leberger.ma\/shop\/"},{"@type":"ListItem","position":3,"name":"Mozzarella Boule 100 G"}]},{"@type":"WebSite","@id":"https:\/\/leberger.ma\/#website","url":"https:\/\/leberger.ma\/","name":"Le Berger","description":"La Fraicheur du Naturel !","publisher":{"@id":"https:\/\/leberger.ma\/#organization"},"potentialAction":[{"@type":"SearchAction","target":{"@type":"EntryPoint","urlTemplate":"https:\/\/leberger.ma\/?s={search_term_string}"},"query-input":"required name=search_term_string"}],"inLanguage":"ary"},{"@type":"Organization","@id":"https:\/\/leberger.ma\/#organization","name":"Le Berger","url":"https:\/\/leberger.ma\/","sameAs":[],"logo":{"@type":"ImageObject","inLanguage":"ary","@id":"https:\/\/leberger.ma\/#\/schema\/logo\/image\/","url":"https:\/\/leberger.ma\/wp-content\/uploads\/2022\/05\/Artboard-5-copy222.png","contentUrl":"https:\/\/leberger.ma\/wp-content\/uploads\/2022\/05\/Artboard-5-copy222.png","width":2236,"height":1425,"caption":"Le Berger"},"image":{"@id":"https:\/\/leberger.ma\/#\/schema\/logo\/image\/"}}]}},"_links":{"self":[{"href":"https:\/\/leberger.ma\/ar\/wp-json\/wp\/v2\/product\/2485","targetHints":{"allow":["GET"]}}],"collection":[{"href":"https:\/\/leberger.ma\/ar\/wp-json\/wp\/v2\/product"}],"about":[{"href":"https:\/\/leberger.ma\/ar\/wp-json\/wp\/v2\/types\/product"}],"version-history":[{"count":8,"href":"https:\/\/leberger.ma\/ar\/wp-json\/wp\/v2\/product\/2485\/revisions"}],"predecessor-version":[{"id":6099,"href":"https:\/\/leberger.ma\/ar\/wp-json\/wp\/v2\/product\/2485\/revisions\/6099"}],"wp:featuredmedia":[{"embeddable":true,"href":"https:\/\/leberger.ma\/ar\/wp-json\/wp\/v2\/media\/8089"}],"wp:attachment":[{"href":"https:\/\/leberger.ma\/ar\/wp-json\/wp\/v2\/media?parent=2485"}],"wp:term":[{"taxonomy":"product_cat","embeddable":true,"href":"https:\/\/leberger.ma\/ar\/wp-json\/wp\/v2\/product_cat?post=2485"},{"taxonomy":"product_tag","embeddable":true,"href":"https:\/\/leberger.ma\/ar\/wp-json\/wp\/v2\/product_tag?post=2485"}],"curies":[{"name":"wp","href":"https:\/\/api.w.org\/{rel}","templated":true}]}}