{"id":2474,"date":"2022-06-25T17:59:42","date_gmt":"2022-06-25T15:59:42","guid":{"rendered":"https:\/\/finetty.com\/?post_type=product&#038;p=2474"},"modified":"2022-07-29T00:44:43","modified_gmt":"2022-07-28T22:44:43","slug":"mini-mozzarella-150-g","status":"publish","type":"product","link":"https:\/\/leberger.ma\/ar\/product\/mini-mozzarella-150-g\/","title":{"rendered":"\u0645\u06cc\u0646\u064a \u0645\u0648\u062a\u0632\u0627\u0631\u06cc\u0644\u0627 150 \u063a"},"content":{"rendered":"","protected":false},"excerpt":{"rendered":"<p>\u0645\u0633\u062a\u0648\u062d\u0627\u0629 \u0645\u0646 \u0627\u0644\u062a\u0642\u0627\u0644\u06cc\u062f \u0627\u0644\u0625\u06cc\u0637\u0627\u0644\u06cc\u0629 \u0648 \u0645\u0635\u0646\u0648\u0639\u0629 \u0645\u0646 \u062d\u0644\u064a\u0628 100% \u0637\u0628\u064a\u0639\u064a! \u0628\u0641\u0636\u0644 \u0642\u0648\u0627\u0645\u0647\u0627 \u0627\u0644\u0637\u0631\u064a \u0648 \u0637\u0639\u0645\u0647\u0627 \u0627\u0644\u0644\u0630\u064a\u0630\u060c \u0633\u062a\u0636\u0641\u064a \u0643\u0631\u064a\u0627\u062a \u0627\u0644\u0645\u0648\u062a\u0632\u0627\u0631\u06cc\u0644\u0627 \u0644\u0645\u0633\u0629 \u0627\u0646\u062a\u0639\u0627\u0634 \u0648 \u0637\u0639\u0645 \u0641\u0631\u06cc\u062f \u0644\u0623\u0637\u0628\u0627\u0642\u0643\u0645.<\/p>","protected":false},"featured_media":2475,"template":"","meta":{"_monsterinsights_skip_tracking":false,"_monsterinsights_sitenote_active":false,"_monsterinsights_sitenote_note":"","_monsterinsights_sitenote_category":0},"product_cat":[130],"product_tag":[],"class_list":["post-2474","product","type-product","status-publish","has-post-thumbnail","hentry","product_cat-mozzarelle"],"acf":[],"yoast_head":"<!-- This site is optimized with the Yoast SEO plugin v19.6.1 - https:\/\/yoast.com\/wordpress\/plugins\/seo\/ -->\n<title>Mini Mozzarella 150 G - Le Berger<\/title>\n<meta name=\"robots\" content=\"index, follow, max-snippet:-1, max-image-preview:large, max-video-preview:-1\" \/>\n<link rel=\"canonical\" href=\"https:\/\/leberger.ma\/ar\/product\/mini-mozzarella-150-g\/\" \/>\n<meta property=\"og:locale\" content=\"ar_AR\" \/>\n<meta property=\"og:type\" content=\"article\" \/>\n<meta property=\"og:title\" content=\"Mini Mozzarella 150 G - Le Berger\" \/>\n<meta property=\"og:description\" content=\"Succombez \u00e0 la texture moelleuse des Mini Mozzarella Le Berger et donnez une touche de fra\u00eecheur et gourmandise \u00e0 vos salades tout au long de l\u2019ann\u00e9e.\" \/>\n<meta property=\"og:url\" content=\"https:\/\/leberger.ma\/ar\/product\/mini-mozzarella-150-g\/\" \/>\n<meta property=\"og:site_name\" content=\"Le Berger\" \/>\n<meta property=\"article:modified_time\" content=\"2022-07-28T22:44:43+00:00\" \/>\n<meta property=\"og:image\" content=\"https:\/\/leberger.ma\/wp-content\/uploads\/2022\/06\/Mini-mozarelle-150g.jpg\" \/>\n\t<meta property=\"og:image:width\" content=\"1000\" \/>\n\t<meta property=\"og:image:height\" content=\"898\" \/>\n\t<meta property=\"og:image:type\" content=\"image\/jpeg\" \/>\n<meta name=\"twitter:card\" content=\"summary_large_image\" \/>\n<script type=\"application\/ld+json\" class=\"yoast-schema-graph\">{\"@context\":\"https:\/\/schema.org\",\"@graph\":[{\"@type\":\"WebPage\",\"@id\":\"https:\/\/leberger.ma\/produit\/mini-mozzarella-150-g\/\",\"url\":\"https:\/\/leberger.ma\/produit\/mini-mozzarella-150-g\/\",\"name\":\"Mini Mozzarella 150 G - Le Berger\",\"isPartOf\":{\"@id\":\"https:\/\/leberger.ma\/#website\"},\"datePublished\":\"2022-06-25T15:59:42+00:00\",\"dateModified\":\"2022-07-28T22:44:43+00:00\",\"breadcrumb\":{\"@id\":\"https:\/\/leberger.ma\/produit\/mini-mozzarella-150-g\/#breadcrumb\"},\"inLanguage\":\"ary\",\"potentialAction\":[{\"@type\":\"ReadAction\",\"target\":[\"https:\/\/leberger.ma\/produit\/mini-mozzarella-150-g\/\"]}]},{\"@type\":\"BreadcrumbList\",\"@id\":\"https:\/\/leberger.ma\/produit\/mini-mozzarella-150-g\/#breadcrumb\",\"itemListElement\":[{\"@type\":\"ListItem\",\"position\":1,\"name\":\"Accueil\",\"item\":\"https:\/\/leberger.ma\/\"},{\"@type\":\"ListItem\",\"position\":2,\"name\":\"Produits\",\"item\":\"https:\/\/leberger.ma\/shop\/\"},{\"@type\":\"ListItem\",\"position\":3,\"name\":\"Mini Mozzarella 150 G\"}]},{\"@type\":\"WebSite\",\"@id\":\"https:\/\/leberger.ma\/#website\",\"url\":\"https:\/\/leberger.ma\/\",\"name\":\"Le Berger\",\"description\":\"La Fraicheur du Naturel !\",\"publisher\":{\"@id\":\"https:\/\/leberger.ma\/#organization\"},\"potentialAction\":[{\"@type\":\"SearchAction\",\"target\":{\"@type\":\"EntryPoint\",\"urlTemplate\":\"https:\/\/leberger.ma\/?s={search_term_string}\"},\"query-input\":\"required name=search_term_string\"}],\"inLanguage\":\"ary\"},{\"@type\":\"Organization\",\"@id\":\"https:\/\/leberger.ma\/#organization\",\"name\":\"Le Berger\",\"url\":\"https:\/\/leberger.ma\/\",\"sameAs\":[],\"logo\":{\"@type\":\"ImageObject\",\"inLanguage\":\"ary\",\"@id\":\"https:\/\/leberger.ma\/#\/schema\/logo\/image\/\",\"url\":\"https:\/\/leberger.ma\/wp-content\/uploads\/2022\/05\/Artboard-5-copy222.png\",\"contentUrl\":\"https:\/\/leberger.ma\/wp-content\/uploads\/2022\/05\/Artboard-5-copy222.png\",\"width\":2236,\"height\":1425,\"caption\":\"Le Berger\"},\"image\":{\"@id\":\"https:\/\/leberger.ma\/#\/schema\/logo\/image\/\"}}]}<\/script>\n<!-- \/ Yoast SEO plugin. -->","yoast_head_json":{"title":"Mini Mozzarella 150 G - Le Berger","robots":{"index":"index","follow":"follow","max-snippet":"max-snippet:-1","max-image-preview":"max-image-preview:large","max-video-preview":"max-video-preview:-1"},"canonical":"https:\/\/leberger.ma\/ar\/product\/mini-mozzarella-150-g\/","og_locale":"ar_AR","og_type":"article","og_title":"Mini Mozzarella 150 G - Le Berger","og_description":"Succombez \u00e0 la texture moelleuse des Mini Mozzarella Le Berger et donnez une touche de fra\u00eecheur et gourmandise \u00e0 vos salades tout au long de l\u2019ann\u00e9e.","og_url":"https:\/\/leberger.ma\/ar\/product\/mini-mozzarella-150-g\/","og_site_name":"Le Berger","article_modified_time":"2022-07-28T22:44:43+00:00","og_image":[{"width":1000,"height":898,"url":"https:\/\/leberger.ma\/wp-content\/uploads\/2022\/06\/Mini-mozarelle-150g.jpg","type":"image\/jpeg"}],"twitter_card":"summary_large_image","schema":{"@context":"https:\/\/schema.org","@graph":[{"@type":"WebPage","@id":"https:\/\/leberger.ma\/produit\/mini-mozzarella-150-g\/","url":"https:\/\/leberger.ma\/produit\/mini-mozzarella-150-g\/","name":"Mini Mozzarella 150 G - Le Berger","isPartOf":{"@id":"https:\/\/leberger.ma\/#website"},"datePublished":"2022-06-25T15:59:42+00:00","dateModified":"2022-07-28T22:44:43+00:00","breadcrumb":{"@id":"https:\/\/leberger.ma\/produit\/mini-mozzarella-150-g\/#breadcrumb"},"inLanguage":"ary","potentialAction":[{"@type":"ReadAction","target":["https:\/\/leberger.ma\/produit\/mini-mozzarella-150-g\/"]}]},{"@type":"BreadcrumbList","@id":"https:\/\/leberger.ma\/produit\/mini-mozzarella-150-g\/#breadcrumb","itemListElement":[{"@type":"ListItem","position":1,"name":"Accueil","item":"https:\/\/leberger.ma\/"},{"@type":"ListItem","position":2,"name":"Produits","item":"https:\/\/leberger.ma\/shop\/"},{"@type":"ListItem","position":3,"name":"Mini Mozzarella 150 G"}]},{"@type":"WebSite","@id":"https:\/\/leberger.ma\/#website","url":"https:\/\/leberger.ma\/","name":"Le Berger","description":"La Fraicheur du Naturel !","publisher":{"@id":"https:\/\/leberger.ma\/#organization"},"potentialAction":[{"@type":"SearchAction","target":{"@type":"EntryPoint","urlTemplate":"https:\/\/leberger.ma\/?s={search_term_string}"},"query-input":"required name=search_term_string"}],"inLanguage":"ary"},{"@type":"Organization","@id":"https:\/\/leberger.ma\/#organization","name":"Le Berger","url":"https:\/\/leberger.ma\/","sameAs":[],"logo":{"@type":"ImageObject","inLanguage":"ary","@id":"https:\/\/leberger.ma\/#\/schema\/logo\/image\/","url":"https:\/\/leberger.ma\/wp-content\/uploads\/2022\/05\/Artboard-5-copy222.png","contentUrl":"https:\/\/leberger.ma\/wp-content\/uploads\/2022\/05\/Artboard-5-copy222.png","width":2236,"height":1425,"caption":"Le Berger"},"image":{"@id":"https:\/\/leberger.ma\/#\/schema\/logo\/image\/"}}]}},"_links":{"self":[{"href":"https:\/\/leberger.ma\/ar\/wp-json\/wp\/v2\/product\/2474","targetHints":{"allow":["GET"]}}],"collection":[{"href":"https:\/\/leberger.ma\/ar\/wp-json\/wp\/v2\/product"}],"about":[{"href":"https:\/\/leberger.ma\/ar\/wp-json\/wp\/v2\/types\/product"}],"version-history":[{"count":6,"href":"https:\/\/leberger.ma\/ar\/wp-json\/wp\/v2\/product\/2474\/revisions"}],"predecessor-version":[{"id":6098,"href":"https:\/\/leberger.ma\/ar\/wp-json\/wp\/v2\/product\/2474\/revisions\/6098"}],"wp:featuredmedia":[{"embeddable":true,"href":"https:\/\/leberger.ma\/ar\/wp-json\/wp\/v2\/media\/2475"}],"wp:attachment":[{"href":"https:\/\/leberger.ma\/ar\/wp-json\/wp\/v2\/media?parent=2474"}],"wp:term":[{"taxonomy":"product_cat","embeddable":true,"href":"https:\/\/leberger.ma\/ar\/wp-json\/wp\/v2\/product_cat?post=2474"},{"taxonomy":"product_tag","embeddable":true,"href":"https:\/\/leberger.ma\/ar\/wp-json\/wp\/v2\/product_tag?post=2474"}],"curies":[{"name":"wp","href":"https:\/\/api.w.org\/{rel}","templated":true}]}}