{"id":2151,"date":"2022-06-24T02:49:41","date_gmt":"2022-06-24T00:49:41","guid":{"rendered":"https:\/\/finetty.com\/?post_type=product&#038;p=2151"},"modified":"2024-12-18T20:59:10","modified_gmt":"2024-12-18T19:59:10","slug":"fromage-blanc-regime","status":"publish","type":"product","link":"https:\/\/leberger.ma\/ar\/product\/fromage-blanc-regime\/","title":{"rendered":"\u062c\u0628\u0646\u0629 \u0628\u06cc\u0636\u0627\u0621 \u0628\u0627\u0644\u0645\u0644\u062d 1 \u0643\u0644\u063a"},"content":{"rendered":"","protected":false},"excerpt":{"rendered":"<p>\u0645\u062b\u0627\u0644\u064a\u0629 \u0644\u0643\u0644 \u0639\u0634\u0627\u0642 \u0627\u0644\u062c\u0628\u0646 \u0627\u0644\u0623\u0628\u06cc\u0636 \u0627\u0644\u0623\u0635\u06cc\u0644\u060c \u062c\u0628\u0646\u0629 \u0627\u0644\u0631\u0627\u0639\u064a \u0627\u0644\u0628\u06cc\u0636\u0627\u0621 \u062a\u062a\u062c\u0627\u0646\u0633 \u0628\u0634\u0643\u0644 \u0645\u0645\u062a\u0627\u0632 \u0645\u0639 \u062c\u0645\u064a\u0639 \u0627\u0644\u0623\u0637\u0628\u0627\u0642 \u0648 \u0627\u0644\u0641\u0637\u0627\u0626\u0631.<\/p>","protected":false},"featured_media":8020,"template":"","meta":{"_monsterinsights_skip_tracking":false,"_monsterinsights_sitenote_active":false,"_monsterinsights_sitenote_note":"","_monsterinsights_sitenote_category":0},"product_cat":[128,127],"product_tag":[],"class_list":["post-2151","product","type-product","status-publish","has-post-thumbnail","hentry","product_cat-fromages-blancs","product_cat-fromages-frais"],"acf":[],"yoast_head":"<!-- This site is optimized with the Yoast SEO plugin v19.6.1 - https:\/\/yoast.com\/wordpress\/plugins\/seo\/ -->\n<title>Fromage Blanc Avec Sel 1KG - Le Berger<\/title>\n<meta name=\"robots\" content=\"index, follow, max-snippet:-1, max-image-preview:large, max-video-preview:-1\" \/>\n<link rel=\"canonical\" href=\"https:\/\/leberger.ma\/ar\/product\/fromage-blanc-regime\/\" \/>\n<meta property=\"og:locale\" content=\"ar_AR\" \/>\n<meta property=\"og:type\" content=\"article\" \/>\n<meta property=\"og:title\" content=\"Fromage Blanc Avec Sel 1KG - Le Berger\" \/>\n<meta property=\"og:description\" content=\"L\u2019incontournable fromage blanc, une sp\u00e9cialit\u00e9 fromag\u00e8re authentique et savoureuse. Avec sa texture onctueuse et cr\u00e9meuse, ce fromage s\u2019utilise au quotidien en tartine comme en cuisine.\" \/>\n<meta property=\"og:url\" content=\"https:\/\/leberger.ma\/ar\/product\/fromage-blanc-regime\/\" \/>\n<meta property=\"og:site_name\" content=\"Le Berger\" \/>\n<meta property=\"article:modified_time\" content=\"2024-12-18T19:59:10+00:00\" \/>\n<meta property=\"og:image\" content=\"https:\/\/leberger.ma\/wp-content\/uploads\/2022\/06\/fromage-blanc-au-kg1-min.png\" \/>\n\t<meta property=\"og:image:width\" content=\"1000\" \/>\n\t<meta property=\"og:image:height\" content=\"898\" \/>\n\t<meta property=\"og:image:type\" content=\"image\/png\" \/>\n<meta name=\"twitter:card\" content=\"summary_large_image\" \/>\n<script type=\"application\/ld+json\" class=\"yoast-schema-graph\">{\"@context\":\"https:\/\/schema.org\",\"@graph\":[{\"@type\":\"WebPage\",\"@id\":\"https:\/\/leberger.ma\/produit\/fromage-blanc-regime\/\",\"url\":\"https:\/\/leberger.ma\/produit\/fromage-blanc-regime\/\",\"name\":\"Fromage Blanc Avec Sel 1KG - Le Berger\",\"isPartOf\":{\"@id\":\"https:\/\/leberger.ma\/#website\"},\"datePublished\":\"2022-06-24T00:49:41+00:00\",\"dateModified\":\"2024-12-18T19:59:10+00:00\",\"breadcrumb\":{\"@id\":\"https:\/\/leberger.ma\/produit\/fromage-blanc-regime\/#breadcrumb\"},\"inLanguage\":\"ary\",\"potentialAction\":[{\"@type\":\"ReadAction\",\"target\":[\"https:\/\/leberger.ma\/produit\/fromage-blanc-regime\/\"]}]},{\"@type\":\"BreadcrumbList\",\"@id\":\"https:\/\/leberger.ma\/produit\/fromage-blanc-regime\/#breadcrumb\",\"itemListElement\":[{\"@type\":\"ListItem\",\"position\":1,\"name\":\"Accueil\",\"item\":\"https:\/\/leberger.ma\/\"},{\"@type\":\"ListItem\",\"position\":2,\"name\":\"Produits\",\"item\":\"https:\/\/leberger.ma\/shop\/\"},{\"@type\":\"ListItem\",\"position\":3,\"name\":\"Fromage Blanc Avec Sel 1KG\"}]},{\"@type\":\"WebSite\",\"@id\":\"https:\/\/leberger.ma\/#website\",\"url\":\"https:\/\/leberger.ma\/\",\"name\":\"Le Berger\",\"description\":\"La Fraicheur du Naturel !\",\"publisher\":{\"@id\":\"https:\/\/leberger.ma\/#organization\"},\"potentialAction\":[{\"@type\":\"SearchAction\",\"target\":{\"@type\":\"EntryPoint\",\"urlTemplate\":\"https:\/\/leberger.ma\/?s={search_term_string}\"},\"query-input\":\"required name=search_term_string\"}],\"inLanguage\":\"ary\"},{\"@type\":\"Organization\",\"@id\":\"https:\/\/leberger.ma\/#organization\",\"name\":\"Le Berger\",\"url\":\"https:\/\/leberger.ma\/\",\"sameAs\":[],\"logo\":{\"@type\":\"ImageObject\",\"inLanguage\":\"ary\",\"@id\":\"https:\/\/leberger.ma\/#\/schema\/logo\/image\/\",\"url\":\"https:\/\/leberger.ma\/wp-content\/uploads\/2022\/05\/Artboard-5-copy222.png\",\"contentUrl\":\"https:\/\/leberger.ma\/wp-content\/uploads\/2022\/05\/Artboard-5-copy222.png\",\"width\":2236,\"height\":1425,\"caption\":\"Le Berger\"},\"image\":{\"@id\":\"https:\/\/leberger.ma\/#\/schema\/logo\/image\/\"}}]}<\/script>\n<!-- \/ Yoast SEO plugin. -->","yoast_head_json":{"title":"Fromage Blanc Avec Sel 1KG - Le Berger","robots":{"index":"index","follow":"follow","max-snippet":"max-snippet:-1","max-image-preview":"max-image-preview:large","max-video-preview":"max-video-preview:-1"},"canonical":"https:\/\/leberger.ma\/ar\/product\/fromage-blanc-regime\/","og_locale":"ar_AR","og_type":"article","og_title":"Fromage Blanc Avec Sel 1KG - Le Berger","og_description":"L\u2019incontournable fromage blanc, une sp\u00e9cialit\u00e9 fromag\u00e8re authentique et savoureuse. Avec sa texture onctueuse et cr\u00e9meuse, ce fromage s\u2019utilise au quotidien en tartine comme en cuisine.","og_url":"https:\/\/leberger.ma\/ar\/product\/fromage-blanc-regime\/","og_site_name":"Le Berger","article_modified_time":"2024-12-18T19:59:10+00:00","og_image":[{"width":1000,"height":898,"url":"https:\/\/leberger.ma\/wp-content\/uploads\/2022\/06\/fromage-blanc-au-kg1-min.png","type":"image\/png"}],"twitter_card":"summary_large_image","schema":{"@context":"https:\/\/schema.org","@graph":[{"@type":"WebPage","@id":"https:\/\/leberger.ma\/produit\/fromage-blanc-regime\/","url":"https:\/\/leberger.ma\/produit\/fromage-blanc-regime\/","name":"Fromage Blanc Avec Sel 1KG - Le Berger","isPartOf":{"@id":"https:\/\/leberger.ma\/#website"},"datePublished":"2022-06-24T00:49:41+00:00","dateModified":"2024-12-18T19:59:10+00:00","breadcrumb":{"@id":"https:\/\/leberger.ma\/produit\/fromage-blanc-regime\/#breadcrumb"},"inLanguage":"ary","potentialAction":[{"@type":"ReadAction","target":["https:\/\/leberger.ma\/produit\/fromage-blanc-regime\/"]}]},{"@type":"BreadcrumbList","@id":"https:\/\/leberger.ma\/produit\/fromage-blanc-regime\/#breadcrumb","itemListElement":[{"@type":"ListItem","position":1,"name":"Accueil","item":"https:\/\/leberger.ma\/"},{"@type":"ListItem","position":2,"name":"Produits","item":"https:\/\/leberger.ma\/shop\/"},{"@type":"ListItem","position":3,"name":"Fromage Blanc Avec Sel 1KG"}]},{"@type":"WebSite","@id":"https:\/\/leberger.ma\/#website","url":"https:\/\/leberger.ma\/","name":"Le Berger","description":"La Fraicheur du Naturel !","publisher":{"@id":"https:\/\/leberger.ma\/#organization"},"potentialAction":[{"@type":"SearchAction","target":{"@type":"EntryPoint","urlTemplate":"https:\/\/leberger.ma\/?s={search_term_string}"},"query-input":"required name=search_term_string"}],"inLanguage":"ary"},{"@type":"Organization","@id":"https:\/\/leberger.ma\/#organization","name":"Le Berger","url":"https:\/\/leberger.ma\/","sameAs":[],"logo":{"@type":"ImageObject","inLanguage":"ary","@id":"https:\/\/leberger.ma\/#\/schema\/logo\/image\/","url":"https:\/\/leberger.ma\/wp-content\/uploads\/2022\/05\/Artboard-5-copy222.png","contentUrl":"https:\/\/leberger.ma\/wp-content\/uploads\/2022\/05\/Artboard-5-copy222.png","width":2236,"height":1425,"caption":"Le Berger"},"image":{"@id":"https:\/\/leberger.ma\/#\/schema\/logo\/image\/"}}]}},"_links":{"self":[{"href":"https:\/\/leberger.ma\/ar\/wp-json\/wp\/v2\/product\/2151","targetHints":{"allow":["GET"]}}],"collection":[{"href":"https:\/\/leberger.ma\/ar\/wp-json\/wp\/v2\/product"}],"about":[{"href":"https:\/\/leberger.ma\/ar\/wp-json\/wp\/v2\/types\/product"}],"version-history":[{"count":8,"href":"https:\/\/leberger.ma\/ar\/wp-json\/wp\/v2\/product\/2151\/revisions"}],"predecessor-version":[{"id":6072,"href":"https:\/\/leberger.ma\/ar\/wp-json\/wp\/v2\/product\/2151\/revisions\/6072"}],"wp:featuredmedia":[{"embeddable":true,"href":"https:\/\/leberger.ma\/ar\/wp-json\/wp\/v2\/media\/8020"}],"wp:attachment":[{"href":"https:\/\/leberger.ma\/ar\/wp-json\/wp\/v2\/media?parent=2151"}],"wp:term":[{"taxonomy":"product_cat","embeddable":true,"href":"https:\/\/leberger.ma\/ar\/wp-json\/wp\/v2\/product_cat?post=2151"},{"taxonomy":"product_tag","embeddable":true,"href":"https:\/\/leberger.ma\/ar\/wp-json\/wp\/v2\/product_tag?post=2151"}],"curies":[{"name":"wp","href":"https:\/\/api.w.org\/{rel}","templated":true}]}}