{"id":2148,"date":"2022-06-24T02:45:40","date_gmt":"2022-06-24T00:45:40","guid":{"rendered":"https:\/\/finetty.com\/?post_type=product&#038;p=2148"},"modified":"2024-12-18T21:06:24","modified_gmt":"2024-12-18T20:06:24","slug":"mini-ftoury-30gx6","status":"publish","type":"product","link":"https:\/\/leberger.ma\/ar\/product\/mini-ftoury-30gx6\/","title":{"rendered":"\u0645\u06cc\u0646\u064a \u0641\u0637\u0648\u0631\u064a 6\u00d730\u063a"},"content":{"rendered":"","protected":false},"excerpt":{"rendered":"<p class=\"p1\">\u062a\u0636\u064a\u0641 \u062c\u0628\u0646\u0629 \u0645\u06cc\u0646\u064a \u0641\u0637\u0648\u0631\u064a \u0637\u0631\u0627\u0648\u0629 \u0648\u0627\u0646\u062a\u0639\u0627\u0634 \u0625\u0644\u0649 \u0633\u0646\u062f\u0648\u06cc\u0634\u0627\u062a\u0643\u0645 \u0648 \u0623\u0637\u0628\u0627\u0642\u0643\u0645\u060c \u0642\u0637\u0639\u0629 \u0645\u06cc\u0646\u064a \u0641\u0637\u0648\u0631\u064a \u0633\u062e\u064a\u0629 \u0628\u0645\u0627 \u064a\u0643\u0641\u064a \u0644\u0644\u0645\u0634\u0627\u0631\u0643\u0629 \u0645\u0639 \u062c\u0645\u064a\u0639 \u0623\u0641\u0631\u0627\u062f \u0627\u0644\u0639\u0627\u0626\u0644\u0629!<\/p>","protected":false},"featured_media":8025,"template":"","meta":{"_monsterinsights_skip_tracking":false,"_monsterinsights_sitenote_active":false,"_monsterinsights_sitenote_note":"","_monsterinsights_sitenote_category":0},"product_cat":[128,127],"product_tag":[],"class_list":["post-2148","product","type-product","status-publish","has-post-thumbnail","hentry","product_cat-fromages-blancs","product_cat-fromages-frais"],"acf":[],"yoast_head":"<!-- This site is optimized with the Yoast SEO plugin v19.6.1 - https:\/\/yoast.com\/wordpress\/plugins\/seo\/ -->\n<title>Mini Ftoury 30Gx6 - Le Berger<\/title>\n<meta name=\"robots\" content=\"index, follow, max-snippet:-1, max-image-preview:large, max-video-preview:-1\" \/>\n<link rel=\"canonical\" href=\"https:\/\/leberger.ma\/ar\/product\/mini-ftoury-30gx6\/\" \/>\n<meta property=\"og:locale\" content=\"ar_AR\" \/>\n<meta property=\"og:type\" content=\"article\" \/>\n<meta property=\"og:title\" content=\"Mini Ftoury 30Gx6 - Le Berger\" \/>\n<meta property=\"og:description\" content=\"Gr\u00e2ce \u00e0 son c\u00f4t\u00e9 cr\u00e9meux et sa texture fondante, Le Mini Ftoury apporte douceur et fraicheur \u00e0 vos tartines et plats. Une portion g\u00e9n\u00e9reuse \u00e0 partager volontiers avec vos proches.\" \/>\n<meta property=\"og:url\" content=\"https:\/\/leberger.ma\/ar\/product\/mini-ftoury-30gx6\/\" \/>\n<meta property=\"og:site_name\" content=\"Le Berger\" \/>\n<meta property=\"article:modified_time\" content=\"2024-12-18T20:06:24+00:00\" \/>\n<meta property=\"og:image\" content=\"https:\/\/leberger.ma\/wp-content\/uploads\/2022\/06\/Mini-ftoury-Le-berger-min.png\" \/>\n\t<meta property=\"og:image:width\" content=\"1000\" \/>\n\t<meta property=\"og:image:height\" content=\"898\" \/>\n\t<meta property=\"og:image:type\" content=\"image\/png\" \/>\n<meta name=\"twitter:card\" content=\"summary_large_image\" \/>\n<script type=\"application\/ld+json\" class=\"yoast-schema-graph\">{\"@context\":\"https:\/\/schema.org\",\"@graph\":[{\"@type\":\"WebPage\",\"@id\":\"https:\/\/leberger.ma\/produit\/mini-ftoury-30gx6\/\",\"url\":\"https:\/\/leberger.ma\/produit\/mini-ftoury-30gx6\/\",\"name\":\"Mini Ftoury 30Gx6 - Le Berger\",\"isPartOf\":{\"@id\":\"https:\/\/leberger.ma\/#website\"},\"datePublished\":\"2022-06-24T00:45:40+00:00\",\"dateModified\":\"2024-12-18T20:06:24+00:00\",\"breadcrumb\":{\"@id\":\"https:\/\/leberger.ma\/produit\/mini-ftoury-30gx6\/#breadcrumb\"},\"inLanguage\":\"ary\",\"potentialAction\":[{\"@type\":\"ReadAction\",\"target\":[\"https:\/\/leberger.ma\/produit\/mini-ftoury-30gx6\/\"]}]},{\"@type\":\"BreadcrumbList\",\"@id\":\"https:\/\/leberger.ma\/produit\/mini-ftoury-30gx6\/#breadcrumb\",\"itemListElement\":[{\"@type\":\"ListItem\",\"position\":1,\"name\":\"Accueil\",\"item\":\"https:\/\/leberger.ma\/\"},{\"@type\":\"ListItem\",\"position\":2,\"name\":\"Produits\",\"item\":\"https:\/\/leberger.ma\/shop\/\"},{\"@type\":\"ListItem\",\"position\":3,\"name\":\"Mini Ftoury 30Gx6\"}]},{\"@type\":\"WebSite\",\"@id\":\"https:\/\/leberger.ma\/#website\",\"url\":\"https:\/\/leberger.ma\/\",\"name\":\"Le Berger\",\"description\":\"La Fraicheur du Naturel !\",\"publisher\":{\"@id\":\"https:\/\/leberger.ma\/#organization\"},\"potentialAction\":[{\"@type\":\"SearchAction\",\"target\":{\"@type\":\"EntryPoint\",\"urlTemplate\":\"https:\/\/leberger.ma\/?s={search_term_string}\"},\"query-input\":\"required name=search_term_string\"}],\"inLanguage\":\"ary\"},{\"@type\":\"Organization\",\"@id\":\"https:\/\/leberger.ma\/#organization\",\"name\":\"Le Berger\",\"url\":\"https:\/\/leberger.ma\/\",\"sameAs\":[],\"logo\":{\"@type\":\"ImageObject\",\"inLanguage\":\"ary\",\"@id\":\"https:\/\/leberger.ma\/#\/schema\/logo\/image\/\",\"url\":\"https:\/\/leberger.ma\/wp-content\/uploads\/2022\/05\/Artboard-5-copy222.png\",\"contentUrl\":\"https:\/\/leberger.ma\/wp-content\/uploads\/2022\/05\/Artboard-5-copy222.png\",\"width\":2236,\"height\":1425,\"caption\":\"Le Berger\"},\"image\":{\"@id\":\"https:\/\/leberger.ma\/#\/schema\/logo\/image\/\"}}]}<\/script>\n<!-- \/ Yoast SEO plugin. -->","yoast_head_json":{"title":"Mini Ftoury 30Gx6 - Le Berger","robots":{"index":"index","follow":"follow","max-snippet":"max-snippet:-1","max-image-preview":"max-image-preview:large","max-video-preview":"max-video-preview:-1"},"canonical":"https:\/\/leberger.ma\/ar\/product\/mini-ftoury-30gx6\/","og_locale":"ar_AR","og_type":"article","og_title":"Mini Ftoury 30Gx6 - Le Berger","og_description":"Gr\u00e2ce \u00e0 son c\u00f4t\u00e9 cr\u00e9meux et sa texture fondante, Le Mini Ftoury apporte douceur et fraicheur \u00e0 vos tartines et plats. Une portion g\u00e9n\u00e9reuse \u00e0 partager volontiers avec vos proches.","og_url":"https:\/\/leberger.ma\/ar\/product\/mini-ftoury-30gx6\/","og_site_name":"Le Berger","article_modified_time":"2024-12-18T20:06:24+00:00","og_image":[{"width":1000,"height":898,"url":"https:\/\/leberger.ma\/wp-content\/uploads\/2022\/06\/Mini-ftoury-Le-berger-min.png","type":"image\/png"}],"twitter_card":"summary_large_image","schema":{"@context":"https:\/\/schema.org","@graph":[{"@type":"WebPage","@id":"https:\/\/leberger.ma\/produit\/mini-ftoury-30gx6\/","url":"https:\/\/leberger.ma\/produit\/mini-ftoury-30gx6\/","name":"Mini Ftoury 30Gx6 - Le Berger","isPartOf":{"@id":"https:\/\/leberger.ma\/#website"},"datePublished":"2022-06-24T00:45:40+00:00","dateModified":"2024-12-18T20:06:24+00:00","breadcrumb":{"@id":"https:\/\/leberger.ma\/produit\/mini-ftoury-30gx6\/#breadcrumb"},"inLanguage":"ary","potentialAction":[{"@type":"ReadAction","target":["https:\/\/leberger.ma\/produit\/mini-ftoury-30gx6\/"]}]},{"@type":"BreadcrumbList","@id":"https:\/\/leberger.ma\/produit\/mini-ftoury-30gx6\/#breadcrumb","itemListElement":[{"@type":"ListItem","position":1,"name":"Accueil","item":"https:\/\/leberger.ma\/"},{"@type":"ListItem","position":2,"name":"Produits","item":"https:\/\/leberger.ma\/shop\/"},{"@type":"ListItem","position":3,"name":"Mini Ftoury 30Gx6"}]},{"@type":"WebSite","@id":"https:\/\/leberger.ma\/#website","url":"https:\/\/leberger.ma\/","name":"Le Berger","description":"La Fraicheur du Naturel !","publisher":{"@id":"https:\/\/leberger.ma\/#organization"},"potentialAction":[{"@type":"SearchAction","target":{"@type":"EntryPoint","urlTemplate":"https:\/\/leberger.ma\/?s={search_term_string}"},"query-input":"required name=search_term_string"}],"inLanguage":"ary"},{"@type":"Organization","@id":"https:\/\/leberger.ma\/#organization","name":"Le Berger","url":"https:\/\/leberger.ma\/","sameAs":[],"logo":{"@type":"ImageObject","inLanguage":"ary","@id":"https:\/\/leberger.ma\/#\/schema\/logo\/image\/","url":"https:\/\/leberger.ma\/wp-content\/uploads\/2022\/05\/Artboard-5-copy222.png","contentUrl":"https:\/\/leberger.ma\/wp-content\/uploads\/2022\/05\/Artboard-5-copy222.png","width":2236,"height":1425,"caption":"Le Berger"},"image":{"@id":"https:\/\/leberger.ma\/#\/schema\/logo\/image\/"}}]}},"_links":{"self":[{"href":"https:\/\/leberger.ma\/ar\/wp-json\/wp\/v2\/product\/2148","targetHints":{"allow":["GET"]}}],"collection":[{"href":"https:\/\/leberger.ma\/ar\/wp-json\/wp\/v2\/product"}],"about":[{"href":"https:\/\/leberger.ma\/ar\/wp-json\/wp\/v2\/types\/product"}],"version-history":[{"count":12,"href":"https:\/\/leberger.ma\/ar\/wp-json\/wp\/v2\/product\/2148\/revisions"}],"predecessor-version":[{"id":6756,"href":"https:\/\/leberger.ma\/ar\/wp-json\/wp\/v2\/product\/2148\/revisions\/6756"}],"wp:featuredmedia":[{"embeddable":true,"href":"https:\/\/leberger.ma\/ar\/wp-json\/wp\/v2\/media\/8025"}],"wp:attachment":[{"href":"https:\/\/leberger.ma\/ar\/wp-json\/wp\/v2\/media?parent=2148"}],"wp:term":[{"taxonomy":"product_cat","embeddable":true,"href":"https:\/\/leberger.ma\/ar\/wp-json\/wp\/v2\/product_cat?post=2148"},{"taxonomy":"product_tag","embeddable":true,"href":"https:\/\/leberger.ma\/ar\/wp-json\/wp\/v2\/product_tag?post=2148"}],"curies":[{"name":"wp","href":"https:\/\/api.w.org\/{rel}","templated":true}]}}