{"id":2131,"date":"2022-06-24T02:17:45","date_gmt":"2022-06-24T00:17:45","guid":{"rendered":"https:\/\/finetty.com\/?post_type=product&#038;p=2131"},"modified":"2025-04-25T13:11:14","modified_gmt":"2025-04-25T11:11:14","slug":"petit-frais-nature-170-g","status":"publish","type":"product","link":"https:\/\/leberger.ma\/ar\/product\/petit-frais-nature-170-g\/","title":{"rendered":"Petit Frais \u0637\u0628\u064a\u0639\u064a 170\u063a"},"content":{"rendered":"","protected":false},"excerpt":{"rendered":"<p>\u062c\u0628\u0646\u0629 Petit Frais \u0627\u0644\u0637\u0628\u064a\u0639\u064a\u0629 \u062a\u062c\u0645\u0639 \u0628\u06cc\u0646 \u0627\u0644\u0623\u0635\u0627\u0644\u0629 \u0648 \u0627\u0644\u0644\u0630\u0629\u060c \u0628\u0641\u0636\u0644 \u0642\u0648\u0627\u0645\u0647\u0627 \u0627\u0644\u0643\u0631\u06cc\u0645\u064a \u0648 \u0637\u0639\u0645\u0647\u0627 \u0627\u0644\u0644\u0630\u064a\u0630\u060c \u062a\u062a\u0645\u0627\u0634\u0649 \u0628\u0634\u0643\u0644 \u0645\u062b\u0627\u0644\u064a \u0645\u0639 \u0633\u0646\u062f\u0648\u06cc\u0634\u0627\u062a\u0643\u0645 \u0648\u0623\u0637\u0628\u0627\u0642\u0643\u0645.<\/p>","protected":false},"featured_media":8088,"template":"","meta":{"_monsterinsights_skip_tracking":false,"_monsterinsights_sitenote_active":false,"_monsterinsights_sitenote_note":"","_monsterinsights_sitenote_category":0},"product_cat":[128,127],"product_tag":[],"class_list":["post-2131","product","type-product","status-publish","has-post-thumbnail","hentry","product_cat-fromages-blancs","product_cat-fromages-frais"],"acf":[],"yoast_head":"<!-- This site is optimized with the Yoast SEO plugin v19.6.1 - https:\/\/yoast.com\/wordpress\/plugins\/seo\/ -->\n<title>Petit Frais Nature 170 G - Le Berger<\/title>\n<meta name=\"robots\" content=\"index, follow, max-snippet:-1, max-image-preview:large, max-video-preview:-1\" \/>\n<link rel=\"canonical\" href=\"https:\/\/leberger.ma\/ar\/product\/petit-frais-nature-170-g\/\" \/>\n<meta property=\"og:locale\" content=\"ar_AR\" \/>\n<meta property=\"og:type\" content=\"article\" \/>\n<meta property=\"og:title\" content=\"Petit Frais Nature 170 G - Le Berger\" \/>\n<meta property=\"og:description\" content=\"Le Petit Frais Nature associe authenticit\u00e9 et go\u00fbt, gr\u00e2ce \u00e0 sa texture onctueuse et cr\u00e9meuse, il ne vous laissera pas indiff\u00e9rent. Le Petit Frais Le Berger se marie parfaitement avec vos tartines et plats.\" \/>\n<meta property=\"og:url\" content=\"https:\/\/leberger.ma\/ar\/product\/petit-frais-nature-170-g\/\" \/>\n<meta property=\"og:site_name\" content=\"Le Berger\" \/>\n<meta property=\"article:modified_time\" content=\"2025-04-25T11:11:14+00:00\" \/>\n<meta property=\"og:image\" content=\"https:\/\/leberger.ma\/wp-content\/uploads\/2022\/06\/petit-frais-Pot-170g-le-berger-min.png\" \/>\n\t<meta property=\"og:image:width\" content=\"1000\" \/>\n\t<meta property=\"og:image:height\" content=\"898\" \/>\n\t<meta property=\"og:image:type\" content=\"image\/png\" \/>\n<meta name=\"twitter:card\" content=\"summary_large_image\" \/>\n<script type=\"application\/ld+json\" class=\"yoast-schema-graph\">{\"@context\":\"https:\/\/schema.org\",\"@graph\":[{\"@type\":\"WebPage\",\"@id\":\"https:\/\/leberger.ma\/produit\/petit-frais-nature-170-g\/\",\"url\":\"https:\/\/leberger.ma\/produit\/petit-frais-nature-170-g\/\",\"name\":\"Petit Frais Nature 170 G - Le Berger\",\"isPartOf\":{\"@id\":\"https:\/\/leberger.ma\/#website\"},\"datePublished\":\"2022-06-24T00:17:45+00:00\",\"dateModified\":\"2025-04-25T11:11:14+00:00\",\"breadcrumb\":{\"@id\":\"https:\/\/leberger.ma\/produit\/petit-frais-nature-170-g\/#breadcrumb\"},\"inLanguage\":\"ary\",\"potentialAction\":[{\"@type\":\"ReadAction\",\"target\":[\"https:\/\/leberger.ma\/produit\/petit-frais-nature-170-g\/\"]}]},{\"@type\":\"BreadcrumbList\",\"@id\":\"https:\/\/leberger.ma\/produit\/petit-frais-nature-170-g\/#breadcrumb\",\"itemListElement\":[{\"@type\":\"ListItem\",\"position\":1,\"name\":\"Accueil\",\"item\":\"https:\/\/leberger.ma\/\"},{\"@type\":\"ListItem\",\"position\":2,\"name\":\"Produits\",\"item\":\"https:\/\/leberger.ma\/shop\/\"},{\"@type\":\"ListItem\",\"position\":3,\"name\":\"Petit Frais Nature 170 G\"}]},{\"@type\":\"WebSite\",\"@id\":\"https:\/\/leberger.ma\/#website\",\"url\":\"https:\/\/leberger.ma\/\",\"name\":\"Le Berger\",\"description\":\"La Fraicheur du Naturel !\",\"publisher\":{\"@id\":\"https:\/\/leberger.ma\/#organization\"},\"potentialAction\":[{\"@type\":\"SearchAction\",\"target\":{\"@type\":\"EntryPoint\",\"urlTemplate\":\"https:\/\/leberger.ma\/?s={search_term_string}\"},\"query-input\":\"required name=search_term_string\"}],\"inLanguage\":\"ary\"},{\"@type\":\"Organization\",\"@id\":\"https:\/\/leberger.ma\/#organization\",\"name\":\"Le Berger\",\"url\":\"https:\/\/leberger.ma\/\",\"sameAs\":[],\"logo\":{\"@type\":\"ImageObject\",\"inLanguage\":\"ary\",\"@id\":\"https:\/\/leberger.ma\/#\/schema\/logo\/image\/\",\"url\":\"https:\/\/leberger.ma\/wp-content\/uploads\/2022\/05\/Artboard-5-copy222.png\",\"contentUrl\":\"https:\/\/leberger.ma\/wp-content\/uploads\/2022\/05\/Artboard-5-copy222.png\",\"width\":2236,\"height\":1425,\"caption\":\"Le Berger\"},\"image\":{\"@id\":\"https:\/\/leberger.ma\/#\/schema\/logo\/image\/\"}}]}<\/script>\n<!-- \/ Yoast SEO plugin. -->","yoast_head_json":{"title":"Petit Frais Nature 170 G - Le Berger","robots":{"index":"index","follow":"follow","max-snippet":"max-snippet:-1","max-image-preview":"max-image-preview:large","max-video-preview":"max-video-preview:-1"},"canonical":"https:\/\/leberger.ma\/ar\/product\/petit-frais-nature-170-g\/","og_locale":"ar_AR","og_type":"article","og_title":"Petit Frais Nature 170 G - Le Berger","og_description":"Le Petit Frais Nature associe authenticit\u00e9 et go\u00fbt, gr\u00e2ce \u00e0 sa texture onctueuse et cr\u00e9meuse, il ne vous laissera pas indiff\u00e9rent. Le Petit Frais Le Berger se marie parfaitement avec vos tartines et plats.","og_url":"https:\/\/leberger.ma\/ar\/product\/petit-frais-nature-170-g\/","og_site_name":"Le Berger","article_modified_time":"2025-04-25T11:11:14+00:00","og_image":[{"width":1000,"height":898,"url":"https:\/\/leberger.ma\/wp-content\/uploads\/2022\/06\/petit-frais-Pot-170g-le-berger-min.png","type":"image\/png"}],"twitter_card":"summary_large_image","schema":{"@context":"https:\/\/schema.org","@graph":[{"@type":"WebPage","@id":"https:\/\/leberger.ma\/produit\/petit-frais-nature-170-g\/","url":"https:\/\/leberger.ma\/produit\/petit-frais-nature-170-g\/","name":"Petit Frais Nature 170 G - Le Berger","isPartOf":{"@id":"https:\/\/leberger.ma\/#website"},"datePublished":"2022-06-24T00:17:45+00:00","dateModified":"2025-04-25T11:11:14+00:00","breadcrumb":{"@id":"https:\/\/leberger.ma\/produit\/petit-frais-nature-170-g\/#breadcrumb"},"inLanguage":"ary","potentialAction":[{"@type":"ReadAction","target":["https:\/\/leberger.ma\/produit\/petit-frais-nature-170-g\/"]}]},{"@type":"BreadcrumbList","@id":"https:\/\/leberger.ma\/produit\/petit-frais-nature-170-g\/#breadcrumb","itemListElement":[{"@type":"ListItem","position":1,"name":"Accueil","item":"https:\/\/leberger.ma\/"},{"@type":"ListItem","position":2,"name":"Produits","item":"https:\/\/leberger.ma\/shop\/"},{"@type":"ListItem","position":3,"name":"Petit Frais Nature 170 G"}]},{"@type":"WebSite","@id":"https:\/\/leberger.ma\/#website","url":"https:\/\/leberger.ma\/","name":"Le Berger","description":"La Fraicheur du Naturel !","publisher":{"@id":"https:\/\/leberger.ma\/#organization"},"potentialAction":[{"@type":"SearchAction","target":{"@type":"EntryPoint","urlTemplate":"https:\/\/leberger.ma\/?s={search_term_string}"},"query-input":"required name=search_term_string"}],"inLanguage":"ary"},{"@type":"Organization","@id":"https:\/\/leberger.ma\/#organization","name":"Le Berger","url":"https:\/\/leberger.ma\/","sameAs":[],"logo":{"@type":"ImageObject","inLanguage":"ary","@id":"https:\/\/leberger.ma\/#\/schema\/logo\/image\/","url":"https:\/\/leberger.ma\/wp-content\/uploads\/2022\/05\/Artboard-5-copy222.png","contentUrl":"https:\/\/leberger.ma\/wp-content\/uploads\/2022\/05\/Artboard-5-copy222.png","width":2236,"height":1425,"caption":"Le Berger"},"image":{"@id":"https:\/\/leberger.ma\/#\/schema\/logo\/image\/"}}]}},"_links":{"self":[{"href":"https:\/\/leberger.ma\/ar\/wp-json\/wp\/v2\/product\/2131","targetHints":{"allow":["GET"]}}],"collection":[{"href":"https:\/\/leberger.ma\/ar\/wp-json\/wp\/v2\/product"}],"about":[{"href":"https:\/\/leberger.ma\/ar\/wp-json\/wp\/v2\/types\/product"}],"version-history":[{"count":5,"href":"https:\/\/leberger.ma\/ar\/wp-json\/wp\/v2\/product\/2131\/revisions"}],"predecessor-version":[{"id":7774,"href":"https:\/\/leberger.ma\/ar\/wp-json\/wp\/v2\/product\/2131\/revisions\/7774"}],"wp:featuredmedia":[{"embeddable":true,"href":"https:\/\/leberger.ma\/ar\/wp-json\/wp\/v2\/media\/8088"}],"wp:attachment":[{"href":"https:\/\/leberger.ma\/ar\/wp-json\/wp\/v2\/media?parent=2131"}],"wp:term":[{"taxonomy":"product_cat","embeddable":true,"href":"https:\/\/leberger.ma\/ar\/wp-json\/wp\/v2\/product_cat?post=2131"},{"taxonomy":"product_tag","embeddable":true,"href":"https:\/\/leberger.ma\/ar\/wp-json\/wp\/v2\/product_tag?post=2131"}],"curies":[{"name":"wp","href":"https:\/\/api.w.org\/{rel}","templated":true}]}}