{"id":1996,"date":"2022-06-23T22:52:58","date_gmt":"2022-06-23T20:52:58","guid":{"rendered":"https:\/\/finetty.com\/?post_type=product&#038;p=1996"},"modified":"2022-07-24T23:26:40","modified_gmt":"2022-07-24T21:26:40","slug":"ricotta-1-kg","status":"publish","type":"product","link":"https:\/\/leberger.ma\/ar\/product\/ricotta-1-kg\/","title":{"rendered":"\u0631\u064a\u0643\u0648\u0637\u0627 1 \u0643\u0644\u063a"},"content":{"rendered":"","protected":false},"excerpt":{"rendered":"<p>La Ricotta Le Berger combine toute l\u2019onctuosit\u00e9 et la douceur du fromage italien et peut \u00eatre utilis\u00e9e dans plusieurs recettes sal\u00e9es ou sucr\u00e9es.<br \/>\n\u0646\u0638\u0631\u0627 \u0644\u062a\u0631\u0643\u06cc\u0628\u062a\u0647\u0627 \u0627\u0644\u062e\u0627\u0644\u06cc\u0629 \u0645\u0646 \u0627\u0644\u062f\u06be\u0648\u0646 \u060c \u062a\u0628\u0642\u0649 \u062c\u0628\u0646\u0629 \u0627\u0644\u0631\u06cc\u0643\u0648\u0637\u0627 \u0623\u0641\u0636\u0644 \u062d\u0644 \u0644\u0636\u0645\u0627\u0646 \u0627\u0644\u062a\u0648\u0627\u0632\u0646 \u0648 \u0627\u0644\u0645\u062a\u0639\u0629 \u0644\u0623\u0637\u0628\u0627\u0642\u0643\u0645 .<\/p>","protected":false},"featured_media":1997,"template":"","meta":{"_monsterinsights_skip_tracking":false,"_monsterinsights_sitenote_active":false,"_monsterinsights_sitenote_note":"","_monsterinsights_sitenote_category":0},"product_cat":[125],"product_tag":[],"class_list":["post-1996","product","type-product","status-publish","has-post-thumbnail","hentry","product_cat-ricotta"],"acf":[],"yoast_head":"<!-- This site is optimized with the Yoast SEO plugin v19.6.1 - https:\/\/yoast.com\/wordpress\/plugins\/seo\/ -->\n<title>Ricotta 1 KG - Le Berger<\/title>\n<meta name=\"robots\" content=\"index, follow, max-snippet:-1, max-image-preview:large, max-video-preview:-1\" \/>\n<link rel=\"canonical\" href=\"https:\/\/leberger.ma\/ar\/product\/ricotta-1-kg\/\" \/>\n<meta property=\"og:locale\" content=\"ar_AR\" \/>\n<meta property=\"og:type\" content=\"article\" \/>\n<meta property=\"og:title\" content=\"Ricotta 1 KG - Le Berger\" \/>\n<meta property=\"og:description\" content=\"La Ricotta Le Berger combine toute l\u2019onctuosit\u00e9 et la douceur du fromage italien et peut \u00eatre utilis\u00e9e dans plusieurs recettes sal\u00e9es ou sucr\u00e9es. Avec sa faible teneur en mati\u00e8re grasses, la Ricotta demeure le meilleur compromis pour des plats alliant plaisir et \u00e9quilibre.\" \/>\n<meta property=\"og:url\" content=\"https:\/\/leberger.ma\/ar\/product\/ricotta-1-kg\/\" \/>\n<meta property=\"og:site_name\" content=\"Le Berger\" \/>\n<meta property=\"article:modified_time\" content=\"2022-07-24T21:26:40+00:00\" \/>\n<meta property=\"og:image\" content=\"https:\/\/leberger.ma\/wp-content\/uploads\/2022\/06\/Ricotta-1KG.jpg\" \/>\n\t<meta property=\"og:image:width\" content=\"1000\" \/>\n\t<meta property=\"og:image:height\" content=\"898\" \/>\n\t<meta property=\"og:image:type\" content=\"image\/jpeg\" \/>\n<meta name=\"twitter:card\" content=\"summary_large_image\" \/>\n<script type=\"application\/ld+json\" class=\"yoast-schema-graph\">{\"@context\":\"https:\/\/schema.org\",\"@graph\":[{\"@type\":\"WebPage\",\"@id\":\"https:\/\/leberger.ma\/produit\/ricotta-1-kg\/\",\"url\":\"https:\/\/leberger.ma\/produit\/ricotta-1-kg\/\",\"name\":\"Ricotta 1 KG - Le Berger\",\"isPartOf\":{\"@id\":\"https:\/\/leberger.ma\/#website\"},\"datePublished\":\"2022-06-23T20:52:58+00:00\",\"dateModified\":\"2022-07-24T21:26:40+00:00\",\"breadcrumb\":{\"@id\":\"https:\/\/leberger.ma\/produit\/ricotta-1-kg\/#breadcrumb\"},\"inLanguage\":\"ary\",\"potentialAction\":[{\"@type\":\"ReadAction\",\"target\":[\"https:\/\/leberger.ma\/produit\/ricotta-1-kg\/\"]}]},{\"@type\":\"BreadcrumbList\",\"@id\":\"https:\/\/leberger.ma\/produit\/ricotta-1-kg\/#breadcrumb\",\"itemListElement\":[{\"@type\":\"ListItem\",\"position\":1,\"name\":\"Accueil\",\"item\":\"https:\/\/leberger.ma\/\"},{\"@type\":\"ListItem\",\"position\":2,\"name\":\"Produits\",\"item\":\"https:\/\/leberger.ma\/shop\/\"},{\"@type\":\"ListItem\",\"position\":3,\"name\":\"Ricotta 1 KG\"}]},{\"@type\":\"WebSite\",\"@id\":\"https:\/\/leberger.ma\/#website\",\"url\":\"https:\/\/leberger.ma\/\",\"name\":\"Le Berger\",\"description\":\"La Fraicheur du Naturel !\",\"publisher\":{\"@id\":\"https:\/\/leberger.ma\/#organization\"},\"potentialAction\":[{\"@type\":\"SearchAction\",\"target\":{\"@type\":\"EntryPoint\",\"urlTemplate\":\"https:\/\/leberger.ma\/?s={search_term_string}\"},\"query-input\":\"required name=search_term_string\"}],\"inLanguage\":\"ary\"},{\"@type\":\"Organization\",\"@id\":\"https:\/\/leberger.ma\/#organization\",\"name\":\"Le Berger\",\"url\":\"https:\/\/leberger.ma\/\",\"sameAs\":[],\"logo\":{\"@type\":\"ImageObject\",\"inLanguage\":\"ary\",\"@id\":\"https:\/\/leberger.ma\/#\/schema\/logo\/image\/\",\"url\":\"https:\/\/leberger.ma\/wp-content\/uploads\/2022\/05\/Artboard-5-copy222.png\",\"contentUrl\":\"https:\/\/leberger.ma\/wp-content\/uploads\/2022\/05\/Artboard-5-copy222.png\",\"width\":2236,\"height\":1425,\"caption\":\"Le Berger\"},\"image\":{\"@id\":\"https:\/\/leberger.ma\/#\/schema\/logo\/image\/\"}}]}<\/script>\n<!-- \/ Yoast SEO plugin. -->","yoast_head_json":{"title":"Ricotta 1 KG - Le Berger","robots":{"index":"index","follow":"follow","max-snippet":"max-snippet:-1","max-image-preview":"max-image-preview:large","max-video-preview":"max-video-preview:-1"},"canonical":"https:\/\/leberger.ma\/ar\/product\/ricotta-1-kg\/","og_locale":"ar_AR","og_type":"article","og_title":"Ricotta 1 KG - Le Berger","og_description":"La Ricotta Le Berger combine toute l\u2019onctuosit\u00e9 et la douceur du fromage italien et peut \u00eatre utilis\u00e9e dans plusieurs recettes sal\u00e9es ou sucr\u00e9es. Avec sa faible teneur en mati\u00e8re grasses, la Ricotta demeure le meilleur compromis pour des plats alliant plaisir et \u00e9quilibre.","og_url":"https:\/\/leberger.ma\/ar\/product\/ricotta-1-kg\/","og_site_name":"Le Berger","article_modified_time":"2022-07-24T21:26:40+00:00","og_image":[{"width":1000,"height":898,"url":"https:\/\/leberger.ma\/wp-content\/uploads\/2022\/06\/Ricotta-1KG.jpg","type":"image\/jpeg"}],"twitter_card":"summary_large_image","schema":{"@context":"https:\/\/schema.org","@graph":[{"@type":"WebPage","@id":"https:\/\/leberger.ma\/produit\/ricotta-1-kg\/","url":"https:\/\/leberger.ma\/produit\/ricotta-1-kg\/","name":"Ricotta 1 KG - Le Berger","isPartOf":{"@id":"https:\/\/leberger.ma\/#website"},"datePublished":"2022-06-23T20:52:58+00:00","dateModified":"2022-07-24T21:26:40+00:00","breadcrumb":{"@id":"https:\/\/leberger.ma\/produit\/ricotta-1-kg\/#breadcrumb"},"inLanguage":"ary","potentialAction":[{"@type":"ReadAction","target":["https:\/\/leberger.ma\/produit\/ricotta-1-kg\/"]}]},{"@type":"BreadcrumbList","@id":"https:\/\/leberger.ma\/produit\/ricotta-1-kg\/#breadcrumb","itemListElement":[{"@type":"ListItem","position":1,"name":"Accueil","item":"https:\/\/leberger.ma\/"},{"@type":"ListItem","position":2,"name":"Produits","item":"https:\/\/leberger.ma\/shop\/"},{"@type":"ListItem","position":3,"name":"Ricotta 1 KG"}]},{"@type":"WebSite","@id":"https:\/\/leberger.ma\/#website","url":"https:\/\/leberger.ma\/","name":"Le Berger","description":"La Fraicheur du Naturel !","publisher":{"@id":"https:\/\/leberger.ma\/#organization"},"potentialAction":[{"@type":"SearchAction","target":{"@type":"EntryPoint","urlTemplate":"https:\/\/leberger.ma\/?s={search_term_string}"},"query-input":"required name=search_term_string"}],"inLanguage":"ary"},{"@type":"Organization","@id":"https:\/\/leberger.ma\/#organization","name":"Le Berger","url":"https:\/\/leberger.ma\/","sameAs":[],"logo":{"@type":"ImageObject","inLanguage":"ary","@id":"https:\/\/leberger.ma\/#\/schema\/logo\/image\/","url":"https:\/\/leberger.ma\/wp-content\/uploads\/2022\/05\/Artboard-5-copy222.png","contentUrl":"https:\/\/leberger.ma\/wp-content\/uploads\/2022\/05\/Artboard-5-copy222.png","width":2236,"height":1425,"caption":"Le Berger"},"image":{"@id":"https:\/\/leberger.ma\/#\/schema\/logo\/image\/"}}]}},"_links":{"self":[{"href":"https:\/\/leberger.ma\/ar\/wp-json\/wp\/v2\/product\/1996","targetHints":{"allow":["GET"]}}],"collection":[{"href":"https:\/\/leberger.ma\/ar\/wp-json\/wp\/v2\/product"}],"about":[{"href":"https:\/\/leberger.ma\/ar\/wp-json\/wp\/v2\/types\/product"}],"version-history":[{"count":4,"href":"https:\/\/leberger.ma\/ar\/wp-json\/wp\/v2\/product\/1996\/revisions"}],"predecessor-version":[{"id":5797,"href":"https:\/\/leberger.ma\/ar\/wp-json\/wp\/v2\/product\/1996\/revisions\/5797"}],"wp:featuredmedia":[{"embeddable":true,"href":"https:\/\/leberger.ma\/ar\/wp-json\/wp\/v2\/media\/1997"}],"wp:attachment":[{"href":"https:\/\/leberger.ma\/ar\/wp-json\/wp\/v2\/media?parent=1996"}],"wp:term":[{"taxonomy":"product_cat","embeddable":true,"href":"https:\/\/leberger.ma\/ar\/wp-json\/wp\/v2\/product_cat?post=1996"},{"taxonomy":"product_tag","embeddable":true,"href":"https:\/\/leberger.ma\/ar\/wp-json\/wp\/v2\/product_tag?post=1996"}],"curies":[{"name":"wp","href":"https:\/\/api.w.org\/{rel}","templated":true}]}}