{"id":1990,"date":"2022-06-23T22:47:04","date_gmt":"2022-06-23T20:47:04","guid":{"rendered":"https:\/\/finetty.com\/?post_type=product&#038;p=1990"},"modified":"2024-12-18T21:15:03","modified_gmt":"2024-12-18T20:15:03","slug":"feta-huile-olive-300-g","status":"publish","type":"product","link":"https:\/\/leberger.ma\/ar\/product\/feta-huile-olive-300-g\/","title":{"rendered":"\u0641\u064a\u062a\u0627 \u0628\u0627\u0644\u0632\u064a\u062a \u0648 \u0627\u0644\u0623\u0639\u0634\u0627\u0628 \u0627\u0644\u0645\u0646\u0633\u0645\u0629 300\u063a"},"content":{"rendered":"","protected":false},"excerpt":{"rendered":"<p>Les d\u00e9s de Feta marin\u00e9s dans l\u2019huile et les herbes de Provence apportent toute la fraicheur de la m\u00e9diterran\u00e9e \u00e0 vos salade, pizza, gratins, quiches\u2026<\/p>","protected":false},"featured_media":8028,"template":"","meta":{"_monsterinsights_skip_tracking":false,"_monsterinsights_sitenote_active":false,"_monsterinsights_sitenote_note":"","_monsterinsights_sitenote_category":0},"product_cat":[123],"product_tag":[],"class_list":["post-1990","product","type-product","status-publish","has-post-thumbnail","hentry","product_cat-feta"],"acf":[],"yoast_head":"<!-- This site is optimized with the Yoast SEO plugin v19.6.1 - https:\/\/yoast.com\/wordpress\/plugins\/seo\/ -->\n<title>Feta Huile Olive 300 G - Le Berger<\/title>\n<meta name=\"robots\" content=\"index, follow, max-snippet:-1, max-image-preview:large, max-video-preview:-1\" \/>\n<link rel=\"canonical\" href=\"https:\/\/leberger.ma\/ar\/product\/feta-huile-olive-300-g\/\" \/>\n<meta property=\"og:locale\" content=\"ar_AR\" \/>\n<meta property=\"og:type\" content=\"article\" \/>\n<meta property=\"og:title\" content=\"Feta Huile Olive 300 G - Le Berger\" \/>\n<meta property=\"og:description\" content=\"Les d\u00e9s de Feta marin\u00e9s dans l\u2019huile et les herbes de Provence apportent toute la fraicheur de la m\u00e9diterran\u00e9e \u00e0 vos salade, pizza, gratins, quiches\u2026\" \/>\n<meta property=\"og:url\" content=\"https:\/\/leberger.ma\/ar\/product\/feta-huile-olive-300-g\/\" \/>\n<meta property=\"og:site_name\" content=\"Le Berger\" \/>\n<meta property=\"article:modified_time\" content=\"2024-12-18T20:15:03+00:00\" \/>\n<meta property=\"og:image\" content=\"https:\/\/leberger.ma\/wp-content\/uploads\/2022\/06\/Feta-Huile-dolive_300g-nv-min.png\" \/>\n\t<meta property=\"og:image:width\" content=\"1000\" \/>\n\t<meta property=\"og:image:height\" content=\"898\" \/>\n\t<meta property=\"og:image:type\" content=\"image\/png\" \/>\n<meta name=\"twitter:card\" content=\"summary_large_image\" \/>\n<script type=\"application\/ld+json\" class=\"yoast-schema-graph\">{\"@context\":\"https:\/\/schema.org\",\"@graph\":[{\"@type\":\"WebPage\",\"@id\":\"https:\/\/leberger.ma\/produit\/feta-huile-olive-300-g\/\",\"url\":\"https:\/\/leberger.ma\/produit\/feta-huile-olive-300-g\/\",\"name\":\"Feta Huile Olive 300 G - Le Berger\",\"isPartOf\":{\"@id\":\"https:\/\/leberger.ma\/#website\"},\"datePublished\":\"2022-06-23T20:47:04+00:00\",\"dateModified\":\"2024-12-18T20:15:03+00:00\",\"breadcrumb\":{\"@id\":\"https:\/\/leberger.ma\/produit\/feta-huile-olive-300-g\/#breadcrumb\"},\"inLanguage\":\"ary\",\"potentialAction\":[{\"@type\":\"ReadAction\",\"target\":[\"https:\/\/leberger.ma\/produit\/feta-huile-olive-300-g\/\"]}]},{\"@type\":\"BreadcrumbList\",\"@id\":\"https:\/\/leberger.ma\/produit\/feta-huile-olive-300-g\/#breadcrumb\",\"itemListElement\":[{\"@type\":\"ListItem\",\"position\":1,\"name\":\"Accueil\",\"item\":\"https:\/\/leberger.ma\/\"},{\"@type\":\"ListItem\",\"position\":2,\"name\":\"Produits\",\"item\":\"https:\/\/leberger.ma\/shop\/\"},{\"@type\":\"ListItem\",\"position\":3,\"name\":\"Feta Huile Olive 300 G\"}]},{\"@type\":\"WebSite\",\"@id\":\"https:\/\/leberger.ma\/#website\",\"url\":\"https:\/\/leberger.ma\/\",\"name\":\"Le Berger\",\"description\":\"La Fraicheur du Naturel !\",\"publisher\":{\"@id\":\"https:\/\/leberger.ma\/#organization\"},\"potentialAction\":[{\"@type\":\"SearchAction\",\"target\":{\"@type\":\"EntryPoint\",\"urlTemplate\":\"https:\/\/leberger.ma\/?s={search_term_string}\"},\"query-input\":\"required name=search_term_string\"}],\"inLanguage\":\"ary\"},{\"@type\":\"Organization\",\"@id\":\"https:\/\/leberger.ma\/#organization\",\"name\":\"Le Berger\",\"url\":\"https:\/\/leberger.ma\/\",\"sameAs\":[],\"logo\":{\"@type\":\"ImageObject\",\"inLanguage\":\"ary\",\"@id\":\"https:\/\/leberger.ma\/#\/schema\/logo\/image\/\",\"url\":\"https:\/\/leberger.ma\/wp-content\/uploads\/2022\/05\/Artboard-5-copy222.png\",\"contentUrl\":\"https:\/\/leberger.ma\/wp-content\/uploads\/2022\/05\/Artboard-5-copy222.png\",\"width\":2236,\"height\":1425,\"caption\":\"Le Berger\"},\"image\":{\"@id\":\"https:\/\/leberger.ma\/#\/schema\/logo\/image\/\"}}]}<\/script>\n<!-- \/ Yoast SEO plugin. -->","yoast_head_json":{"title":"Feta Huile Olive 300 G - Le Berger","robots":{"index":"index","follow":"follow","max-snippet":"max-snippet:-1","max-image-preview":"max-image-preview:large","max-video-preview":"max-video-preview:-1"},"canonical":"https:\/\/leberger.ma\/ar\/product\/feta-huile-olive-300-g\/","og_locale":"ar_AR","og_type":"article","og_title":"Feta Huile Olive 300 G - Le Berger","og_description":"Les d\u00e9s de Feta marin\u00e9s dans l\u2019huile et les herbes de Provence apportent toute la fraicheur de la m\u00e9diterran\u00e9e \u00e0 vos salade, pizza, gratins, quiches\u2026","og_url":"https:\/\/leberger.ma\/ar\/product\/feta-huile-olive-300-g\/","og_site_name":"Le Berger","article_modified_time":"2024-12-18T20:15:03+00:00","og_image":[{"width":1000,"height":898,"url":"https:\/\/leberger.ma\/wp-content\/uploads\/2022\/06\/Feta-Huile-dolive_300g-nv-min.png","type":"image\/png"}],"twitter_card":"summary_large_image","schema":{"@context":"https:\/\/schema.org","@graph":[{"@type":"WebPage","@id":"https:\/\/leberger.ma\/produit\/feta-huile-olive-300-g\/","url":"https:\/\/leberger.ma\/produit\/feta-huile-olive-300-g\/","name":"Feta Huile Olive 300 G - Le Berger","isPartOf":{"@id":"https:\/\/leberger.ma\/#website"},"datePublished":"2022-06-23T20:47:04+00:00","dateModified":"2024-12-18T20:15:03+00:00","breadcrumb":{"@id":"https:\/\/leberger.ma\/produit\/feta-huile-olive-300-g\/#breadcrumb"},"inLanguage":"ary","potentialAction":[{"@type":"ReadAction","target":["https:\/\/leberger.ma\/produit\/feta-huile-olive-300-g\/"]}]},{"@type":"BreadcrumbList","@id":"https:\/\/leberger.ma\/produit\/feta-huile-olive-300-g\/#breadcrumb","itemListElement":[{"@type":"ListItem","position":1,"name":"Accueil","item":"https:\/\/leberger.ma\/"},{"@type":"ListItem","position":2,"name":"Produits","item":"https:\/\/leberger.ma\/shop\/"},{"@type":"ListItem","position":3,"name":"Feta Huile Olive 300 G"}]},{"@type":"WebSite","@id":"https:\/\/leberger.ma\/#website","url":"https:\/\/leberger.ma\/","name":"Le Berger","description":"La Fraicheur du Naturel !","publisher":{"@id":"https:\/\/leberger.ma\/#organization"},"potentialAction":[{"@type":"SearchAction","target":{"@type":"EntryPoint","urlTemplate":"https:\/\/leberger.ma\/?s={search_term_string}"},"query-input":"required name=search_term_string"}],"inLanguage":"ary"},{"@type":"Organization","@id":"https:\/\/leberger.ma\/#organization","name":"Le Berger","url":"https:\/\/leberger.ma\/","sameAs":[],"logo":{"@type":"ImageObject","inLanguage":"ary","@id":"https:\/\/leberger.ma\/#\/schema\/logo\/image\/","url":"https:\/\/leberger.ma\/wp-content\/uploads\/2022\/05\/Artboard-5-copy222.png","contentUrl":"https:\/\/leberger.ma\/wp-content\/uploads\/2022\/05\/Artboard-5-copy222.png","width":2236,"height":1425,"caption":"Le Berger"},"image":{"@id":"https:\/\/leberger.ma\/#\/schema\/logo\/image\/"}}]}},"_links":{"self":[{"href":"https:\/\/leberger.ma\/ar\/wp-json\/wp\/v2\/product\/1990","targetHints":{"allow":["GET"]}}],"collection":[{"href":"https:\/\/leberger.ma\/ar\/wp-json\/wp\/v2\/product"}],"about":[{"href":"https:\/\/leberger.ma\/ar\/wp-json\/wp\/v2\/types\/product"}],"version-history":[{"count":5,"href":"https:\/\/leberger.ma\/ar\/wp-json\/wp\/v2\/product\/1990\/revisions"}],"predecessor-version":[{"id":5803,"href":"https:\/\/leberger.ma\/ar\/wp-json\/wp\/v2\/product\/1990\/revisions\/5803"}],"wp:featuredmedia":[{"embeddable":true,"href":"https:\/\/leberger.ma\/ar\/wp-json\/wp\/v2\/media\/8028"}],"wp:attachment":[{"href":"https:\/\/leberger.ma\/ar\/wp-json\/wp\/v2\/media?parent=1990"}],"wp:term":[{"taxonomy":"product_cat","embeddable":true,"href":"https:\/\/leberger.ma\/ar\/wp-json\/wp\/v2\/product_cat?post=1990"},{"taxonomy":"product_tag","embeddable":true,"href":"https:\/\/leberger.ma\/ar\/wp-json\/wp\/v2\/product_tag?post=1990"}],"curies":[{"name":"wp","href":"https:\/\/api.w.org\/{rel}","templated":true}]}}